{"id":13327,"date":"2025-04-22T19:38:16","date_gmt":"2025-04-22T19:38:16","guid":{"rendered":"https:\/\/www.southteksystems.com\/que-sont-les-generateurs-dazote-et-comment-peuvent-ils-dynamiser-votre-activite-south-tek-systems\/"},"modified":"2026-01-13T17:33:20","modified_gmt":"2026-01-13T17:33:20","slug":"que-sont-les-generateurs-dazote-et-comment-peuvent-ils-dynamiser-votre-activite-south-tek-systems","status":"publish","type":"page","link":"https:\/\/www.southteksystems.com\/fr\/que-sont-les-generateurs-dazote-et-comment-peuvent-ils-dynamiser-votre-activite-south-tek-systems\/","title":{"rendered":"Que sont les g\u00e9n\u00e9rateurs d&rsquo;azote et comment peuvent-ils dynamiser votre activit\u00e9 ? &#8211; South-Tek Systems"},"content":{"rendered":"\t\t<div data-elementor-type=\"wp-page\" data-elementor-id=\"13327\" class=\"elementor elementor-13327 elementor-11010\" data-elementor-post-type=\"page\">\n\t\t\t\t<div class=\"elementor-element elementor-element-1b28f2d1 e-con-full alternate-theme-switch e-flex e-con e-parent\" data-id=\"1b28f2d1\" data-element_type=\"container\" data-e-type=\"container\" data-settings=\"{&quot;background_background&quot;:&quot;classic&quot;}\">\n\t\t<div class=\"elementor-element elementor-element-2439035f e-con-full e-flex e-con e-child\" data-id=\"2439035f\" data-element_type=\"container\" data-e-type=\"container\">\n\t\t\t\t<div class=\"elementor-element elementor-element-31dcdecd elementor-widget elementor-widget-heading\" data-id=\"31dcdecd\" data-element_type=\"widget\" data-e-type=\"widget\" data-widget_type=\"heading.default\">\n\t\t\t\t<div class=\"elementor-widget-container\">\n\t\t\t\t\t<h1 class=\"elementor-heading-title elementor-size-default\">Que sont les g\u00e9n\u00e9rateurs d'azote et comment peuvent-ils dynamiser votre activit\u00e9 ?<\/h1>\t\t\t\t<\/div>\n\t\t\t\t<\/div>\n\t\t\t\t<div class=\"elementor-element elementor-element-f34993f elementor-widget__width-initial elementor-widget elementor-widget-text-editor\" data-id=\"f34993f\" data-element_type=\"widget\" data-e-type=\"widget\" data-widget_type=\"text-editor.default\">\n\t\t\t\t<div class=\"elementor-widget-container\">\n\t\t\t\t\t\t\t\t\t<p>\u00c0 la base, les g\u00e9n\u00e9rateurs d&rsquo;azote sont des machines stationnaires de production d&rsquo;azote qui peuvent r\u00e9pondre aux besoins en azote de votre entreprise sur le long terme. Dans cet article de blog, nous vous expliquons les principes de base des g\u00e9n\u00e9rateurs d&rsquo;azote, leur fonctionnement et la mani\u00e8re dont ils peuvent aider votre entreprise. <\/p>\n\t\t\t\t\t\t\t\t<\/div>\n\t\t\t\t<\/div>\n\t\t\t\t<\/div>\n\t\t\t\t<\/div>\n\t\t<div class=\"elementor-element elementor-element-1f221575 e-flex e-con-boxed e-con e-parent\" data-id=\"1f221575\" data-element_type=\"container\" data-e-type=\"container\" data-settings=\"{&quot;background_background&quot;:&quot;classic&quot;}\">\n\t\t\t\t\t<div class=\"e-con-inner\">\n\t\t<div class=\"elementor-element elementor-element-6a141f89 e-con-full e-flex e-con e-child\" data-id=\"6a141f89\" data-element_type=\"container\" data-e-type=\"container\">\n\t\t<div class=\"elementor-element elementor-element-683d3863 e-con-full e-flex e-con e-child\" data-id=\"683d3863\" data-element_type=\"container\" data-e-type=\"container\">\n\t\t\t\t<div class=\"elementor-element elementor-element-11c0426 elementor-widget elementor-widget-image\" data-id=\"11c0426\" data-element_type=\"widget\" data-e-type=\"widget\" data-widget_type=\"image.default\">\n\t\t\t\t<div class=\"elementor-widget-container\">\n\t\t\t\t\t\t\t\t\t\t\t\t\t\t\t<img fetchpriority=\"high\" decoding=\"async\" width=\"1080\" height=\"1080\" src=\"https:\/\/www.southteksystems.com\/wp-content\/uploads\/2025\/05\/Nitrogen-Blue-Icon.png\" class=\"attachment-full size-full wp-image-11499\" alt=\"\" srcset=\"https:\/\/www.southteksystems.com\/wp-content\/uploads\/2025\/05\/Nitrogen-Blue-Icon.png 1080w, https:\/\/www.southteksystems.com\/wp-content\/uploads\/2025\/05\/Nitrogen-Blue-Icon-300x300.png 300w, https:\/\/www.southteksystems.com\/wp-content\/uploads\/2025\/05\/Nitrogen-Blue-Icon-1024x1024.png 1024w, https:\/\/www.southteksystems.com\/wp-content\/uploads\/2025\/05\/Nitrogen-Blue-Icon-150x150.png 150w, https:\/\/www.southteksystems.com\/wp-content\/uploads\/2025\/05\/Nitrogen-Blue-Icon-768x768.png 768w\" sizes=\"(max-width: 1080px) 100vw, 1080px\" \/>\t\t\t\t\t\t\t\t\t\t\t\t\t\t\t<\/div>\n\t\t\t\t<\/div>\n\t\t\t\t<div class=\"elementor-element elementor-element-33079e6e elementor-widget__width-initial elementor-widget-mobile__width-inherit elementor-widget-tablet__width-initial elementor-widget elementor-widget-heading\" data-id=\"33079e6e\" data-element_type=\"widget\" data-e-type=\"widget\" data-widget_type=\"heading.default\">\n\t\t\t\t<div class=\"elementor-widget-container\">\n\t\t\t\t\t<h2 class=\"elementor-heading-title elementor-size-default\">Deux types de g\u00e9n\u00e9rateurs d'azote : Adsorption par variation de pression et filtration membranaire  \n<\/h2>\t\t\t\t<\/div>\n\t\t\t\t<\/div>\n\t\t\t\t<\/div>\n\t\t<div class=\"elementor-element elementor-element-60ac8ca4 e-con-full e-flex e-con e-child\" data-id=\"60ac8ca4\" data-element_type=\"container\" data-e-type=\"container\">\n\t\t\t\t<div class=\"elementor-element elementor-element-403def97 elementor-widget__width-initial elementor-widget elementor-widget-text-editor\" data-id=\"403def97\" data-element_type=\"widget\" data-e-type=\"widget\" data-widget_type=\"text-editor.default\">\n\t\t\t\t<div class=\"elementor-widget-container\">\n\t\t\t\t\t\t\t\t\t<p>Les g\u00e9n\u00e9rateurs d&rsquo;absorption par variation de pression (PSA) s\u00e9parent l&rsquo;azote gazeux pur de l&rsquo;air que nous respirons au moyen d&rsquo;un tamis mol\u00e9culaire en carbone log\u00e9 \u00e0 l&rsquo;int\u00e9rieur d&rsquo;une cuve. La pression \u00e0 l&rsquo;int\u00e9rieur de cette cuve passe alors d&rsquo;une valeur normale \u00e0 une valeur tr\u00e8s \u00e9lev\u00e9e. Lorsque la pression dans la cuve est \u00e9lev\u00e9e, le tamis capture l&rsquo;oxyg\u00e8ne, le dioxyde de carbone et le monoxyde de carbone, laissant l&rsquo;azote. La pression dans la cuve revient ensuite \u00e0 la normale et est pr\u00eate \u00e0 recevoir de l&rsquo;air neuf.   <\/p>\n<p>Ce type de g\u00e9n\u00e9rateur est utilis\u00e9 sur site dans diverses industries, de l&#8217;emballage des produits alimentaires \u00e0 la d\u00e9coupe laser et au soudage. Les g\u00e9n\u00e9rateurs PSA offrent un flux r\u00e9gulier d&rsquo;azote directement dans votre atelier de production, avec une puret\u00e9 \u00e9lev\u00e9e pouvant atteindre 99,9995 %. <\/p>\n<p>Les g\u00e9n\u00e9rateurs d&rsquo;azote bas\u00e9s sur la technologie de la filtration membranaire s\u00e9parent \u00e9galement l&rsquo;azote de l&rsquo;air qui nous entoure, mais ils utilisent une m\u00e9thode compl\u00e8tement diff\u00e9rente. Cette technologie fonctionne lorsque l&rsquo;air est comprim\u00e9 dans un r\u00e9cipient et pouss\u00e9 \u00e0 travers une membrane. La membrane filtre l&rsquo;oxyg\u00e8ne, la vapeur d&rsquo;eau et d&rsquo;autres impuret\u00e9s sur ses parois lat\u00e9rales, ne laissant passer que l&rsquo;azote. L&rsquo;azote est ensuite recueilli dans un r\u00e9servoir, pr\u00eat \u00e0 l&#8217;emploi.     <\/p>\n<p>Cette solution plus \u00e9conomique permet de fournir de l&rsquo;azote \u00e0 une puret\u00e9 allant jusqu&rsquo;\u00e0 99,5 % et est utilis\u00e9e dans des applications telles que les laboratoires, les processus pneumatiques et les industries p\u00e9troli\u00e8res et gazi\u00e8res.<\/p>\n\t\t\t\t\t\t\t\t<\/div>\n\t\t\t\t<\/div>\n\t\t\t\t<div class=\"elementor-element elementor-element-3ebf92cc elementor-mobile-align-center elementor-widget elementor-widget-button\" data-id=\"3ebf92cc\" data-element_type=\"widget\" data-e-type=\"widget\" data-widget_type=\"button.default\">\n\t\t\t\t<div class=\"elementor-widget-container\">\n\t\t\t\t\t\t\t\t\t<div class=\"elementor-button-wrapper\">\n\t\t\t\t\t<a class=\"elementor-button elementor-button-link elementor-size-sm\" href=\"https:\/\/www.southteksystems.com\/fr\/contactez-nous\/\">\n\t\t\t\t\t\t<span class=\"elementor-button-content-wrapper\">\n\t\t\t\t\t\t\t\t\t<span class=\"elementor-button-text\">En savoir plus  <\/span>\n\t\t\t\t\t<\/span>\n\t\t\t\t\t<\/a>\n\t\t\t\t<\/div>\n\t\t\t\t\t\t\t\t<\/div>\n\t\t\t\t<\/div>\n\t\t\t\t<\/div>\n\t\t\t\t<\/div>\n\t\t\t\t\t<\/div>\n\t\t\t\t<\/div>\n\t\t<div class=\"elementor-element elementor-element-305c1562 e-flex e-con-boxed e-con e-parent\" data-id=\"305c1562\" data-element_type=\"container\" data-e-type=\"container\">\n\t\t\t\t\t<div class=\"e-con-inner\">\n\t\t<div class=\"elementor-element elementor-element-6330e96b e-con-full e-flex e-con e-child\" data-id=\"6330e96b\" data-element_type=\"container\" data-e-type=\"container\" data-settings=\"{&quot;background_background&quot;:&quot;classic&quot;}\">\n\t\t\t\t<div class=\"elementor-element elementor-element-c0181b4 elementor-widget elementor-widget-heading\" data-id=\"c0181b4\" data-element_type=\"widget\" data-e-type=\"widget\" data-widget_type=\"heading.default\">\n\t\t\t\t<div class=\"elementor-widget-container\">\n\t\t\t\t\t<h4 class=\"elementor-heading-title elementor-size-default\">Avantages d'un g\u00e9n\u00e9rateur d'azote South-Tek\n<\/h4>\t\t\t\t<\/div>\n\t\t\t\t<\/div>\n\t\t\t\t<div class=\"elementor-element elementor-element-171c60da elementor-widget elementor-widget-text-editor\" data-id=\"171c60da\" data-element_type=\"widget\" data-e-type=\"widget\" data-widget_type=\"text-editor.default\">\n\t\t\t\t<div class=\"elementor-widget-container\">\n\t\t\t\t\t\t\t\t\t<p>La production d&rsquo;azote sur place \u00e9limine la d\u00e9pendance \u00e0 l&rsquo;\u00e9gard de fournisseurs de r\u00e9servoirs d&rsquo;azote peu fiables. Vous \u00e9conomisez du temps, des maux de t\u00eate et de l&rsquo;argent \u00e0 long terme. Avec un g\u00e9n\u00e9rateur d&rsquo;azote, vous ne payez que la machine et l&rsquo;\u00e9lectricit\u00e9 pour la faire fonctionner. Les g\u00e9n\u00e9rateurs d&rsquo;azote sont \u00e9galement plus efficaces que les livraisons. Avec les fournisseurs traditionnels, vous risquez de gaspiller du gaz exc\u00e9dentaire, alors que les g\u00e9n\u00e9rateurs ne produisent que ce dont vous avez besoin, quand vous en avez besoin.    <\/p>\n<p><a href=\"https:\/\/www.southteksystems.com\/fr\/contactez-nous\/\">Contactez South-Tek d\u00e8s aujourd&rsquo;hui<\/a> et d\u00e9couvrez quel type de g\u00e9n\u00e9rateur d&rsquo;azote convient le mieux \u00e0 votre entreprise.<\/p>\n\t\t\t\t\t\t\t\t<\/div>\n\t\t\t\t<\/div>\n\t\t\t\t<\/div>\n\t\t\t\t\t<\/div>\n\t\t\t\t<\/div>\n\t\t\t\t<\/div>\n\t\t","protected":false},"excerpt":{"rendered":"<p>Que sont les g\u00e9n\u00e9rateurs d&rsquo;azote et comment peuvent-ils dynamiser votre activit\u00e9 ? \u00c0 la base, les g\u00e9n\u00e9rateurs d&rsquo;azote sont des machines stationnaires de production d&rsquo;azote qui peuvent r\u00e9pondre aux besoins en azote de votre entreprise sur le long terme. Dans cet article de blog, nous vous expliquons les principes de base des g\u00e9n\u00e9rateurs d&rsquo;azote, leur [&hellip;]<\/p>\n","protected":false},"author":10,"featured_media":0,"parent":0,"menu_order":0,"comment_status":"closed","ping_status":"closed","template":"","meta":{"_jet_sm_ready_style":"","_jet_sm_style":"","_jet_sm_controls_values":"","_jet_sm_fonts_collection":"","_jet_sm_fonts_links":"","footnotes":""},"class_list":["post-13327","page","type-page","status-publish","hentry"],"yoast_head":"<!-- This site is optimized with the Yoast SEO plugin v27.4 - https:\/\/yoast.com\/product\/yoast-seo-wordpress\/ -->\n<title>Que sont les g\u00e9n\u00e9rateurs d&#039;azote et comment peuvent-ils dynamiser votre activit\u00e9 ? - South-Tek Systems - South-Tek Systems<\/title>\n<meta name=\"description\" content=\"\u00c0 la base, les g\u00e9n\u00e9rateurs d&#039;azote sont des machines stationnaires de production d&#039;azote qui peuvent r\u00e9pondre aux besoins en azote de votre exploitation sur le long terme. En\" \/>\n<meta name=\"robots\" content=\"index, follow, max-snippet:-1, max-image-preview:large, max-video-preview:-1\" \/>\n<link rel=\"canonical\" href=\"https:\/\/www.southteksystems.com\/fr\/que-sont-les-generateurs-dazote-et-comment-peuvent-ils-dynamiser-votre-activite-south-tek-systems\/\" \/>\n<meta property=\"og:locale\" content=\"fr_FR\" \/>\n<meta property=\"og:type\" content=\"article\" \/>\n<meta property=\"og:title\" content=\"Que sont les g\u00e9n\u00e9rateurs d&#039;azote et comment peuvent-ils dynamiser votre activit\u00e9 ? - South-Tek Systems - South-Tek Systems\" \/>\n<meta property=\"og:description\" content=\"\u00c0 la base, les g\u00e9n\u00e9rateurs d&#039;azote sont des machines stationnaires de production d&#039;azote qui peuvent r\u00e9pondre aux besoins en azote de votre exploitation sur le long terme. En\" \/>\n<meta property=\"og:url\" content=\"https:\/\/www.southteksystems.com\/fr\/que-sont-les-generateurs-dazote-et-comment-peuvent-ils-dynamiser-votre-activite-south-tek-systems\/\" \/>\n<meta property=\"og:site_name\" content=\"South-Tek Systems\" \/>\n<meta property=\"article:publisher\" content=\"https:\/\/www.facebook.com\/southteksystems\" \/>\n<meta property=\"article:modified_time\" content=\"2026-01-13T17:33:20+00:00\" \/>\n<meta property=\"og:image\" content=\"https:\/\/www.southteksystems.com\/wp-content\/uploads\/2025\/05\/Nitrogen-Blue-Icon.png\" \/>\n\t<meta property=\"og:image:width\" content=\"1080\" \/>\n\t<meta property=\"og:image:height\" content=\"1080\" \/>\n\t<meta property=\"og:image:type\" content=\"image\/png\" \/>\n<meta name=\"twitter:card\" content=\"summary_large_image\" \/>\n<meta name=\"twitter:site\" content=\"@southteksystems\" \/>\n<meta name=\"twitter:label1\" content=\"Dur\u00e9e de lecture estim\u00e9e\" \/>\n\t<meta name=\"twitter:data1\" content=\"2 minutes\" \/>\n<script type=\"application\/ld+json\" class=\"yoast-schema-graph\">{\"@context\":\"https:\\\/\\\/schema.org\",\"@graph\":[{\"@type\":\"WebPage\",\"@id\":\"https:\\\/\\\/www.southteksystems.com\\\/fr\\\/que-sont-les-generateurs-dazote-et-comment-peuvent-ils-dynamiser-votre-activite-south-tek-systems\\\/\",\"url\":\"https:\\\/\\\/www.southteksystems.com\\\/fr\\\/que-sont-les-generateurs-dazote-et-comment-peuvent-ils-dynamiser-votre-activite-south-tek-systems\\\/\",\"name\":\"Que sont les g\u00e9n\u00e9rateurs d'azote et comment peuvent-ils dynamiser votre activit\u00e9 ? - South-Tek Systems - South-Tek Systems\",\"isPartOf\":{\"@id\":\"https:\\\/\\\/www.southteksystems.com\\\/fr\\\/#website\"},\"primaryImageOfPage\":{\"@id\":\"https:\\\/\\\/www.southteksystems.com\\\/fr\\\/que-sont-les-generateurs-dazote-et-comment-peuvent-ils-dynamiser-votre-activite-south-tek-systems\\\/#primaryimage\"},\"image\":{\"@id\":\"https:\\\/\\\/www.southteksystems.com\\\/fr\\\/que-sont-les-generateurs-dazote-et-comment-peuvent-ils-dynamiser-votre-activite-south-tek-systems\\\/#primaryimage\"},\"thumbnailUrl\":\"https:\\\/\\\/www.southteksystems.com\\\/wp-content\\\/uploads\\\/2025\\\/05\\\/Nitrogen-Blue-Icon.png\",\"datePublished\":\"2025-04-22T19:38:16+00:00\",\"dateModified\":\"2026-01-13T17:33:20+00:00\",\"description\":\"\u00c0 la base, les g\u00e9n\u00e9rateurs d'azote sont des machines stationnaires de production d'azote qui peuvent r\u00e9pondre aux besoins en azote de votre exploitation sur le long terme. En\",\"breadcrumb\":{\"@id\":\"https:\\\/\\\/www.southteksystems.com\\\/fr\\\/que-sont-les-generateurs-dazote-et-comment-peuvent-ils-dynamiser-votre-activite-south-tek-systems\\\/#breadcrumb\"},\"inLanguage\":\"fr-FR\",\"potentialAction\":[{\"@type\":\"ReadAction\",\"target\":[\"https:\\\/\\\/www.southteksystems.com\\\/fr\\\/que-sont-les-generateurs-dazote-et-comment-peuvent-ils-dynamiser-votre-activite-south-tek-systems\\\/\"]}]},{\"@type\":\"ImageObject\",\"inLanguage\":\"fr-FR\",\"@id\":\"https:\\\/\\\/www.southteksystems.com\\\/fr\\\/que-sont-les-generateurs-dazote-et-comment-peuvent-ils-dynamiser-votre-activite-south-tek-systems\\\/#primaryimage\",\"url\":\"https:\\\/\\\/www.southteksystems.com\\\/wp-content\\\/uploads\\\/2025\\\/05\\\/Nitrogen-Blue-Icon.png\",\"contentUrl\":\"https:\\\/\\\/www.southteksystems.com\\\/wp-content\\\/uploads\\\/2025\\\/05\\\/Nitrogen-Blue-Icon.png\"},{\"@type\":\"BreadcrumbList\",\"@id\":\"https:\\\/\\\/www.southteksystems.com\\\/fr\\\/que-sont-les-generateurs-dazote-et-comment-peuvent-ils-dynamiser-votre-activite-south-tek-systems\\\/#breadcrumb\",\"itemListElement\":[{\"@type\":\"ListItem\",\"position\":1,\"name\":\"Home\",\"item\":\"https:\\\/\\\/www.southteksystems.com\\\/fr\\\/\"},{\"@type\":\"ListItem\",\"position\":2,\"name\":\"Que sont les g\u00e9n\u00e9rateurs d&#8217;azote et comment peuvent-ils dynamiser votre activit\u00e9 ? &#8211; South-Tek Systems\"}]},{\"@type\":\"WebSite\",\"@id\":\"https:\\\/\\\/www.southteksystems.com\\\/fr\\\/#website\",\"url\":\"https:\\\/\\\/www.southteksystems.com\\\/fr\\\/\",\"name\":\"South-Tek Systems\",\"description\":\"\",\"publisher\":{\"@id\":\"https:\\\/\\\/www.southteksystems.com\\\/fr\\\/#organization\"},\"potentialAction\":[{\"@type\":\"SearchAction\",\"target\":{\"@type\":\"EntryPoint\",\"urlTemplate\":\"https:\\\/\\\/www.southteksystems.com\\\/fr\\\/?s={search_term_string}\"},\"query-input\":{\"@type\":\"PropertyValueSpecification\",\"valueRequired\":true,\"valueName\":\"search_term_string\"}}],\"inLanguage\":\"fr-FR\"},{\"@type\":\"Organization\",\"@id\":\"https:\\\/\\\/www.southteksystems.com\\\/fr\\\/#organization\",\"name\":\"South-Tek Systems\",\"url\":\"https:\\\/\\\/www.southteksystems.com\\\/fr\\\/\",\"logo\":{\"@type\":\"ImageObject\",\"inLanguage\":\"fr-FR\",\"@id\":\"https:\\\/\\\/www.southteksystems.com\\\/fr\\\/#\\\/schema\\\/logo\\\/image\\\/\",\"url\":\"https:\\\/\\\/www.southteksystems.com\\\/wp-content\\\/uploads\\\/2023\\\/03\\\/South-Tek7-1.svg\",\"contentUrl\":\"https:\\\/\\\/www.southteksystems.com\\\/wp-content\\\/uploads\\\/2023\\\/03\\\/South-Tek7-1.svg\",\"width\":2150,\"height\":512,\"caption\":\"South-Tek Systems\"},\"image\":{\"@id\":\"https:\\\/\\\/www.southteksystems.com\\\/fr\\\/#\\\/schema\\\/logo\\\/image\\\/\"},\"sameAs\":[\"https:\\\/\\\/www.facebook.com\\\/southteksystems\",\"https:\\\/\\\/x.com\\\/southteksystems\",\"https:\\\/\\\/www.linkedin.com\\\/company\\\/south-tek-systems\\\/\"]}]}<\/script>\n<!-- \/ Yoast SEO plugin. -->","yoast_head_json":{"title":"Que sont les g\u00e9n\u00e9rateurs d'azote et comment peuvent-ils dynamiser votre activit\u00e9 ? - South-Tek Systems - South-Tek Systems","description":"\u00c0 la base, les g\u00e9n\u00e9rateurs d'azote sont des machines stationnaires de production d'azote qui peuvent r\u00e9pondre aux besoins en azote de votre exploitation sur le long terme. En","robots":{"index":"index","follow":"follow","max-snippet":"max-snippet:-1","max-image-preview":"max-image-preview:large","max-video-preview":"max-video-preview:-1"},"canonical":"https:\/\/www.southteksystems.com\/fr\/que-sont-les-generateurs-dazote-et-comment-peuvent-ils-dynamiser-votre-activite-south-tek-systems\/","og_locale":"fr_FR","og_type":"article","og_title":"Que sont les g\u00e9n\u00e9rateurs d'azote et comment peuvent-ils dynamiser votre activit\u00e9 ? - South-Tek Systems - South-Tek Systems","og_description":"\u00c0 la base, les g\u00e9n\u00e9rateurs d'azote sont des machines stationnaires de production d'azote qui peuvent r\u00e9pondre aux besoins en azote de votre exploitation sur le long terme. En","og_url":"https:\/\/www.southteksystems.com\/fr\/que-sont-les-generateurs-dazote-et-comment-peuvent-ils-dynamiser-votre-activite-south-tek-systems\/","og_site_name":"South-Tek Systems","article_publisher":"https:\/\/www.facebook.com\/southteksystems","article_modified_time":"2026-01-13T17:33:20+00:00","og_image":[{"width":1080,"height":1080,"url":"https:\/\/www.southteksystems.com\/wp-content\/uploads\/2025\/05\/Nitrogen-Blue-Icon.png","type":"image\/png"}],"twitter_card":"summary_large_image","twitter_site":"@southteksystems","twitter_misc":{"Dur\u00e9e de lecture estim\u00e9e":"2 minutes"},"schema":{"@context":"https:\/\/schema.org","@graph":[{"@type":"WebPage","@id":"https:\/\/www.southteksystems.com\/fr\/que-sont-les-generateurs-dazote-et-comment-peuvent-ils-dynamiser-votre-activite-south-tek-systems\/","url":"https:\/\/www.southteksystems.com\/fr\/que-sont-les-generateurs-dazote-et-comment-peuvent-ils-dynamiser-votre-activite-south-tek-systems\/","name":"Que sont les g\u00e9n\u00e9rateurs d'azote et comment peuvent-ils dynamiser votre activit\u00e9 ? - South-Tek Systems - South-Tek Systems","isPartOf":{"@id":"https:\/\/www.southteksystems.com\/fr\/#website"},"primaryImageOfPage":{"@id":"https:\/\/www.southteksystems.com\/fr\/que-sont-les-generateurs-dazote-et-comment-peuvent-ils-dynamiser-votre-activite-south-tek-systems\/#primaryimage"},"image":{"@id":"https:\/\/www.southteksystems.com\/fr\/que-sont-les-generateurs-dazote-et-comment-peuvent-ils-dynamiser-votre-activite-south-tek-systems\/#primaryimage"},"thumbnailUrl":"https:\/\/www.southteksystems.com\/wp-content\/uploads\/2025\/05\/Nitrogen-Blue-Icon.png","datePublished":"2025-04-22T19:38:16+00:00","dateModified":"2026-01-13T17:33:20+00:00","description":"\u00c0 la base, les g\u00e9n\u00e9rateurs d'azote sont des machines stationnaires de production d'azote qui peuvent r\u00e9pondre aux besoins en azote de votre exploitation sur le long terme. En","breadcrumb":{"@id":"https:\/\/www.southteksystems.com\/fr\/que-sont-les-generateurs-dazote-et-comment-peuvent-ils-dynamiser-votre-activite-south-tek-systems\/#breadcrumb"},"inLanguage":"fr-FR","potentialAction":[{"@type":"ReadAction","target":["https:\/\/www.southteksystems.com\/fr\/que-sont-les-generateurs-dazote-et-comment-peuvent-ils-dynamiser-votre-activite-south-tek-systems\/"]}]},{"@type":"ImageObject","inLanguage":"fr-FR","@id":"https:\/\/www.southteksystems.com\/fr\/que-sont-les-generateurs-dazote-et-comment-peuvent-ils-dynamiser-votre-activite-south-tek-systems\/#primaryimage","url":"https:\/\/www.southteksystems.com\/wp-content\/uploads\/2025\/05\/Nitrogen-Blue-Icon.png","contentUrl":"https:\/\/www.southteksystems.com\/wp-content\/uploads\/2025\/05\/Nitrogen-Blue-Icon.png"},{"@type":"BreadcrumbList","@id":"https:\/\/www.southteksystems.com\/fr\/que-sont-les-generateurs-dazote-et-comment-peuvent-ils-dynamiser-votre-activite-south-tek-systems\/#breadcrumb","itemListElement":[{"@type":"ListItem","position":1,"name":"Home","item":"https:\/\/www.southteksystems.com\/fr\/"},{"@type":"ListItem","position":2,"name":"Que sont les g\u00e9n\u00e9rateurs d&#8217;azote et comment peuvent-ils dynamiser votre activit\u00e9 ? &#8211; South-Tek Systems"}]},{"@type":"WebSite","@id":"https:\/\/www.southteksystems.com\/fr\/#website","url":"https:\/\/www.southteksystems.com\/fr\/","name":"South-Tek Systems","description":"","publisher":{"@id":"https:\/\/www.southteksystems.com\/fr\/#organization"},"potentialAction":[{"@type":"SearchAction","target":{"@type":"EntryPoint","urlTemplate":"https:\/\/www.southteksystems.com\/fr\/?s={search_term_string}"},"query-input":{"@type":"PropertyValueSpecification","valueRequired":true,"valueName":"search_term_string"}}],"inLanguage":"fr-FR"},{"@type":"Organization","@id":"https:\/\/www.southteksystems.com\/fr\/#organization","name":"South-Tek Systems","url":"https:\/\/www.southteksystems.com\/fr\/","logo":{"@type":"ImageObject","inLanguage":"fr-FR","@id":"https:\/\/www.southteksystems.com\/fr\/#\/schema\/logo\/image\/","url":"https:\/\/www.southteksystems.com\/wp-content\/uploads\/2023\/03\/South-Tek7-1.svg","contentUrl":"https:\/\/www.southteksystems.com\/wp-content\/uploads\/2023\/03\/South-Tek7-1.svg","width":2150,"height":512,"caption":"South-Tek Systems"},"image":{"@id":"https:\/\/www.southteksystems.com\/fr\/#\/schema\/logo\/image\/"},"sameAs":["https:\/\/www.facebook.com\/southteksystems","https:\/\/x.com\/southteksystems","https:\/\/www.linkedin.com\/company\/south-tek-systems\/"]}]}},"_links":{"self":[{"href":"https:\/\/www.southteksystems.com\/fr\/wp-json\/wp\/v2\/pages\/13327","targetHints":{"allow":["GET"]}}],"collection":[{"href":"https:\/\/www.southteksystems.com\/fr\/wp-json\/wp\/v2\/pages"}],"about":[{"href":"https:\/\/www.southteksystems.com\/fr\/wp-json\/wp\/v2\/types\/page"}],"author":[{"embeddable":true,"href":"https:\/\/www.southteksystems.com\/fr\/wp-json\/wp\/v2\/users\/10"}],"replies":[{"embeddable":true,"href":"https:\/\/www.southteksystems.com\/fr\/wp-json\/wp\/v2\/comments?post=13327"}],"version-history":[{"count":0,"href":"https:\/\/www.southteksystems.com\/fr\/wp-json\/wp\/v2\/pages\/13327\/revisions"}],"wp:attachment":[{"href":"https:\/\/www.southteksystems.com\/fr\/wp-json\/wp\/v2\/media?parent=13327"}],"curies":[{"name":"wp","href":"https:\/\/api.w.org\/{rel}","templated":true}]}}