{"id":13172,"date":"2025-10-05T20:27:42","date_gmt":"2025-10-05T20:27:42","guid":{"rendered":"https:\/\/www.southteksystems.com\/a-propos-de-nos-partenaires\/"},"modified":"2026-01-11T18:47:06","modified_gmt":"2026-01-11T18:47:06","slug":"a-propos-de-nos-partenaires","status":"publish","type":"page","link":"https:\/\/www.southteksystems.com\/fr\/a-propos-de-nos-partenaires\/","title":{"rendered":"A propos de nos partenaires"},"content":{"rendered":"\t\t<div data-elementor-type=\"wp-page\" data-elementor-id=\"13172\" class=\"elementor elementor-13172 elementor-12944\" data-elementor-post-type=\"page\">\n\t\t\t\t<div class=\"elementor-element elementor-element-5c0ce7e e-con-full e-flex e-con e-parent\" data-id=\"5c0ce7e\" data-element_type=\"container\" data-e-type=\"container\">\n\t\t<div class=\"elementor-element elementor-element-4489fdb e-flex e-con-boxed e-con e-child\" data-id=\"4489fdb\" data-element_type=\"container\" data-e-type=\"container\">\n\t\t\t\t\t<div class=\"e-con-inner\">\n\t\t\t\t<div class=\"elementor-element elementor-element-d1b6bd9 elementor-widget__width-inherit elementor-widget elementor-widget-heading\" data-id=\"d1b6bd9\" data-element_type=\"widget\" data-e-type=\"widget\" data-widget_type=\"heading.default\">\n\t\t\t\t<div class=\"elementor-widget-container\">\n\t\t\t\t\t<h1 class=\"elementor-heading-title elementor-size-default\">A propos de nos partenaires<\/h1>\t\t\t\t<\/div>\n\t\t\t\t<\/div>\n\t\t\t\t<div class=\"elementor-element elementor-element-1179710 elementor-widget elementor-widget-text-editor\" data-id=\"1179710\" data-element_type=\"widget\" data-e-type=\"widget\" data-widget_type=\"text-editor.default\">\n\t\t\t\t<div class=\"elementor-widget-container\">\n\t\t\t\t\t\t\t\t\t<p><a href=\"https:\/\/cairecompressors.com\/nitrogen-feed-air-compressor-guide\/\">South-Tek Systems est fier de s&rsquo;associer \u00e0 C-Aire Compressors<\/a>, un nom de confiance dans l&rsquo;industrie de la protection contre les incendies. Cette collaboration r\u00e9unit l&rsquo;expertise de South-Tek en mati\u00e8re de technologie de g\u00e9n\u00e9ration d&rsquo;azote et les compresseurs d&rsquo;air de protection contre l&rsquo;incendie de haute qualit\u00e9 de C-Aire, afin de fournir une solution compl\u00e8te et fiable pour les syst\u00e8mes d&rsquo;arrosage \u00e0 sec et \u00e0 pr\u00e9action. <\/p>\n\t\t\t\t\t\t\t\t<\/div>\n\t\t\t\t<\/div>\n\t\t\t\t<div class=\"elementor-element elementor-element-185e26e elementor-widget elementor-widget-text-editor\" data-id=\"185e26e\" data-element_type=\"widget\" data-e-type=\"widget\" data-widget_type=\"text-editor.default\">\n\t\t\t\t<div class=\"elementor-widget-container\">\n\t\t\t\t\t\t\t\t\t<p>Gr\u00e2ce \u00e0 ce partenariat, les clients de South-Tek Systems ont acc\u00e8s \u00e0 :<\/p>\n<ul>\n<li>Compresseurs \u00e0 la pointe de l&rsquo;industrie, con\u00e7us pour des performances constantes et une grande long\u00e9vit\u00e9<\/li>\n<li>Solutions int\u00e9gr\u00e9es de production d&rsquo;azote qui minimisent la corrosion et prolongent la dur\u00e9e de vie des syst\u00e8mes d&rsquo;arrosage<\/li>\n<li>Soutien cl\u00e9 en main assur\u00e9 par South-Tek Systems et C-Aire pour la conception, l&rsquo;installation et les services.<\/li>\n<\/ul>\n\t\t\t\t\t\t\t\t<\/div>\n\t\t\t\t<\/div>\n\t\t\t\t<div class=\"elementor-element elementor-element-22eecfe elementor-widget elementor-widget-button\" data-id=\"22eecfe\" data-element_type=\"widget\" data-e-type=\"widget\" data-widget_type=\"button.default\">\n\t\t\t\t<div class=\"elementor-widget-container\">\n\t\t\t\t\t\t\t\t\t<div class=\"elementor-button-wrapper\">\n\t\t\t\t\t<a class=\"elementor-button elementor-button-link elementor-size-sm\" href=\"https:\/\/cairecompressors.com\/contact\/\" target=\"_blank\">\n\t\t\t\t\t\t<span class=\"elementor-button-content-wrapper\">\n\t\t\t\t\t\t\t\t\t<span class=\"elementor-button-text\">Contacter C-Aire<\/span>\n\t\t\t\t\t<\/span>\n\t\t\t\t\t<\/a>\n\t\t\t\t<\/div>\n\t\t\t\t\t\t\t\t<\/div>\n\t\t\t\t<\/div>\n\t\t\t\t\t<\/div>\n\t\t\t\t<\/div>\n\t\t\t\t<\/div>\n\t\t\t\t<\/div>\n\t\t","protected":false},"excerpt":{"rendered":"<p>A propos de nos partenaires South-Tek Systems est fier de s&rsquo;associer \u00e0 C-Aire Compressors, un nom de confiance dans l&rsquo;industrie de la protection contre les incendies. Cette collaboration r\u00e9unit l&rsquo;expertise de South-Tek en mati\u00e8re de technologie de g\u00e9n\u00e9ration d&rsquo;azote et les compresseurs d&rsquo;air de protection contre l&rsquo;incendie de haute qualit\u00e9 de C-Aire, afin de fournir [&hellip;]<\/p>\n","protected":false},"author":10,"featured_media":0,"parent":0,"menu_order":0,"comment_status":"closed","ping_status":"closed","template":"","meta":{"_jet_sm_ready_style":"","_jet_sm_style":"","_jet_sm_controls_values":"","_jet_sm_fonts_collection":"","_jet_sm_fonts_links":"","footnotes":""},"class_list":["post-13172","page","type-page","status-publish","hentry"],"yoast_head":"<!-- This site is optimized with the Yoast SEO plugin v27.0 - https:\/\/yoast.com\/product\/yoast-seo-wordpress\/ -->\n<title>A propos de nos partenaires - South-Tek Systems<\/title>\n<meta name=\"robots\" content=\"index, follow, max-snippet:-1, max-image-preview:large, max-video-preview:-1\" \/>\n<link rel=\"canonical\" href=\"https:\/\/www.southteksystems.com\/fr\/a-propos-de-nos-partenaires\/\" \/>\n<meta property=\"og:locale\" content=\"fr_FR\" \/>\n<meta property=\"og:type\" content=\"article\" \/>\n<meta property=\"og:title\" content=\"A propos de nos partenaires - South-Tek Systems\" \/>\n<meta property=\"og:description\" content=\"A propos de nos partenaires South-Tek Systems est fier de s&rsquo;associer \u00e0 C-Aire Compressors, un nom de confiance dans l&rsquo;industrie de la protection contre les incendies. Cette collaboration r\u00e9unit l&rsquo;expertise de South-Tek en mati\u00e8re de technologie de g\u00e9n\u00e9ration d&rsquo;azote et les compresseurs d&rsquo;air de protection contre l&rsquo;incendie de haute qualit\u00e9 de C-Aire, afin de fournir [&hellip;]\" \/>\n<meta property=\"og:url\" content=\"https:\/\/www.southteksystems.com\/fr\/a-propos-de-nos-partenaires\/\" \/>\n<meta property=\"og:site_name\" content=\"South-Tek Systems\" \/>\n<meta property=\"article:publisher\" content=\"https:\/\/www.facebook.com\/southteksystems\" \/>\n<meta property=\"article:modified_time\" content=\"2026-01-11T18:47:06+00:00\" \/>\n<meta name=\"twitter:card\" content=\"summary_large_image\" \/>\n<meta name=\"twitter:site\" content=\"@southteksystems\" \/>\n<meta name=\"twitter:label1\" content=\"Dur\u00e9e de lecture estim\u00e9e\" \/>\n\t<meta name=\"twitter:data1\" content=\"1 minute\" \/>\n<script type=\"application\/ld+json\" class=\"yoast-schema-graph\">{\"@context\":\"https:\/\/schema.org\",\"@graph\":[{\"@type\":\"WebPage\",\"@id\":\"https:\/\/www.southteksystems.com\/fr\/a-propos-de-nos-partenaires\/\",\"url\":\"https:\/\/www.southteksystems.com\/fr\/a-propos-de-nos-partenaires\/\",\"name\":\"A propos de nos partenaires - South-Tek Systems\",\"isPartOf\":{\"@id\":\"https:\/\/www.southteksystems.com\/fr\/#website\"},\"datePublished\":\"2025-10-05T20:27:42+00:00\",\"dateModified\":\"2026-01-11T18:47:06+00:00\",\"breadcrumb\":{\"@id\":\"https:\/\/www.southteksystems.com\/fr\/a-propos-de-nos-partenaires\/#breadcrumb\"},\"inLanguage\":\"fr-FR\",\"potentialAction\":[{\"@type\":\"ReadAction\",\"target\":[\"https:\/\/www.southteksystems.com\/fr\/a-propos-de-nos-partenaires\/\"]}]},{\"@type\":\"BreadcrumbList\",\"@id\":\"https:\/\/www.southteksystems.com\/fr\/a-propos-de-nos-partenaires\/#breadcrumb\",\"itemListElement\":[{\"@type\":\"ListItem\",\"position\":1,\"name\":\"Home\",\"item\":\"https:\/\/www.southteksystems.com\/fr\/\"},{\"@type\":\"ListItem\",\"position\":2,\"name\":\"A propos de nos partenaires\"}]},{\"@type\":\"WebSite\",\"@id\":\"https:\/\/www.southteksystems.com\/fr\/#website\",\"url\":\"https:\/\/www.southteksystems.com\/fr\/\",\"name\":\"South-Tek Systems\",\"description\":\"\",\"publisher\":{\"@id\":\"https:\/\/www.southteksystems.com\/fr\/#organization\"},\"potentialAction\":[{\"@type\":\"SearchAction\",\"target\":{\"@type\":\"EntryPoint\",\"urlTemplate\":\"https:\/\/www.southteksystems.com\/fr\/?s={search_term_string}\"},\"query-input\":{\"@type\":\"PropertyValueSpecification\",\"valueRequired\":true,\"valueName\":\"search_term_string\"}}],\"inLanguage\":\"fr-FR\"},{\"@type\":\"Organization\",\"@id\":\"https:\/\/www.southteksystems.com\/fr\/#organization\",\"name\":\"South-Tek Systems\",\"url\":\"https:\/\/www.southteksystems.com\/fr\/\",\"logo\":{\"@type\":\"ImageObject\",\"inLanguage\":\"fr-FR\",\"@id\":\"https:\/\/www.southteksystems.com\/fr\/#\/schema\/logo\/image\/\",\"url\":\"https:\/\/www.southteksystems.com\/wp-content\/uploads\/2023\/03\/South-Tek7-1.svg\",\"contentUrl\":\"https:\/\/www.southteksystems.com\/wp-content\/uploads\/2023\/03\/South-Tek7-1.svg\",\"width\":2150,\"height\":512,\"caption\":\"South-Tek Systems\"},\"image\":{\"@id\":\"https:\/\/www.southteksystems.com\/fr\/#\/schema\/logo\/image\/\"},\"sameAs\":[\"https:\/\/www.facebook.com\/southteksystems\",\"https:\/\/x.com\/southteksystems\",\"https:\/\/www.linkedin.com\/company\/south-tek-systems\/\"]}]}<\/script>\n<!-- \/ Yoast SEO plugin. -->","yoast_head_json":{"title":"A propos de nos partenaires - South-Tek Systems","robots":{"index":"index","follow":"follow","max-snippet":"max-snippet:-1","max-image-preview":"max-image-preview:large","max-video-preview":"max-video-preview:-1"},"canonical":"https:\/\/www.southteksystems.com\/fr\/a-propos-de-nos-partenaires\/","og_locale":"fr_FR","og_type":"article","og_title":"A propos de nos partenaires - South-Tek Systems","og_description":"A propos de nos partenaires South-Tek Systems est fier de s&rsquo;associer \u00e0 C-Aire Compressors, un nom de confiance dans l&rsquo;industrie de la protection contre les incendies. Cette collaboration r\u00e9unit l&rsquo;expertise de South-Tek en mati\u00e8re de technologie de g\u00e9n\u00e9ration d&rsquo;azote et les compresseurs d&rsquo;air de protection contre l&rsquo;incendie de haute qualit\u00e9 de C-Aire, afin de fournir [&hellip;]","og_url":"https:\/\/www.southteksystems.com\/fr\/a-propos-de-nos-partenaires\/","og_site_name":"South-Tek Systems","article_publisher":"https:\/\/www.facebook.com\/southteksystems","article_modified_time":"2026-01-11T18:47:06+00:00","twitter_card":"summary_large_image","twitter_site":"@southteksystems","twitter_misc":{"Dur\u00e9e de lecture estim\u00e9e":"1 minute"},"schema":{"@context":"https:\/\/schema.org","@graph":[{"@type":"WebPage","@id":"https:\/\/www.southteksystems.com\/fr\/a-propos-de-nos-partenaires\/","url":"https:\/\/www.southteksystems.com\/fr\/a-propos-de-nos-partenaires\/","name":"A propos de nos partenaires - South-Tek Systems","isPartOf":{"@id":"https:\/\/www.southteksystems.com\/fr\/#website"},"datePublished":"2025-10-05T20:27:42+00:00","dateModified":"2026-01-11T18:47:06+00:00","breadcrumb":{"@id":"https:\/\/www.southteksystems.com\/fr\/a-propos-de-nos-partenaires\/#breadcrumb"},"inLanguage":"fr-FR","potentialAction":[{"@type":"ReadAction","target":["https:\/\/www.southteksystems.com\/fr\/a-propos-de-nos-partenaires\/"]}]},{"@type":"BreadcrumbList","@id":"https:\/\/www.southteksystems.com\/fr\/a-propos-de-nos-partenaires\/#breadcrumb","itemListElement":[{"@type":"ListItem","position":1,"name":"Home","item":"https:\/\/www.southteksystems.com\/fr\/"},{"@type":"ListItem","position":2,"name":"A propos de nos partenaires"}]},{"@type":"WebSite","@id":"https:\/\/www.southteksystems.com\/fr\/#website","url":"https:\/\/www.southteksystems.com\/fr\/","name":"South-Tek Systems","description":"","publisher":{"@id":"https:\/\/www.southteksystems.com\/fr\/#organization"},"potentialAction":[{"@type":"SearchAction","target":{"@type":"EntryPoint","urlTemplate":"https:\/\/www.southteksystems.com\/fr\/?s={search_term_string}"},"query-input":{"@type":"PropertyValueSpecification","valueRequired":true,"valueName":"search_term_string"}}],"inLanguage":"fr-FR"},{"@type":"Organization","@id":"https:\/\/www.southteksystems.com\/fr\/#organization","name":"South-Tek Systems","url":"https:\/\/www.southteksystems.com\/fr\/","logo":{"@type":"ImageObject","inLanguage":"fr-FR","@id":"https:\/\/www.southteksystems.com\/fr\/#\/schema\/logo\/image\/","url":"https:\/\/www.southteksystems.com\/wp-content\/uploads\/2023\/03\/South-Tek7-1.svg","contentUrl":"https:\/\/www.southteksystems.com\/wp-content\/uploads\/2023\/03\/South-Tek7-1.svg","width":2150,"height":512,"caption":"South-Tek Systems"},"image":{"@id":"https:\/\/www.southteksystems.com\/fr\/#\/schema\/logo\/image\/"},"sameAs":["https:\/\/www.facebook.com\/southteksystems","https:\/\/x.com\/southteksystems","https:\/\/www.linkedin.com\/company\/south-tek-systems\/"]}]}},"_links":{"self":[{"href":"https:\/\/www.southteksystems.com\/fr\/wp-json\/wp\/v2\/pages\/13172","targetHints":{"allow":["GET"]}}],"collection":[{"href":"https:\/\/www.southteksystems.com\/fr\/wp-json\/wp\/v2\/pages"}],"about":[{"href":"https:\/\/www.southteksystems.com\/fr\/wp-json\/wp\/v2\/types\/page"}],"author":[{"embeddable":true,"href":"https:\/\/www.southteksystems.com\/fr\/wp-json\/wp\/v2\/users\/10"}],"replies":[{"embeddable":true,"href":"https:\/\/www.southteksystems.com\/fr\/wp-json\/wp\/v2\/comments?post=13172"}],"version-history":[{"count":0,"href":"https:\/\/www.southteksystems.com\/fr\/wp-json\/wp\/v2\/pages\/13172\/revisions"}],"wp:attachment":[{"href":"https:\/\/www.southteksystems.com\/fr\/wp-json\/wp\/v2\/media?parent=13172"}],"curies":[{"name":"wp","href":"https:\/\/api.w.org\/{rel}","templated":true}]}}