{"id":8714,"date":"2023-03-09T09:26:30","date_gmt":"2023-03-09T09:26:30","guid":{"rendered":"https:\/\/southtekglobal.com\/politica-de-privacidad\/"},"modified":"2026-01-13T19:27:42","modified_gmt":"2026-01-13T19:27:42","slug":"politica-de-privacidad","status":"publish","type":"page","link":"https:\/\/www.southteksystems.com\/es\/politica-de-privacidad\/","title":{"rendered":"Pol\u00edtica de privacidad"},"content":{"rendered":"\t\t<div data-elementor-type=\"wp-page\" data-elementor-id=\"8714\" class=\"elementor elementor-8714 elementor-3\" data-elementor-post-type=\"page\">\n\t\t\t\t<div class=\"elementor-element elementor-element-cc0dc5f e-flex e-con-boxed e-con e-parent\" data-id=\"cc0dc5f\" data-element_type=\"container\" data-e-type=\"container\">\n\t\t\t\t\t<div class=\"e-con-inner\">\n\t\t<div class=\"elementor-element elementor-element-152e242 e-con-full e-flex e-con e-child\" data-id=\"152e242\" data-element_type=\"container\" data-e-type=\"container\">\n\t\t\t\t<div class=\"elementor-element elementor-element-33cf53d elementor-view-default elementor-widget elementor-widget-icon\" data-id=\"33cf53d\" data-element_type=\"widget\" data-e-type=\"widget\" data-widget_type=\"icon.default\">\n\t\t\t\t<div class=\"elementor-widget-container\">\n\t\t\t\t\t\t\t<div class=\"elementor-icon-wrapper\">\n\t\t\t<div class=\"elementor-icon\">\n\t\t\t<svg xmlns=\"http:\/\/www.w3.org\/2000\/svg\" id=\"Layer_1\" data-name=\"Layer 1\" viewBox=\"0 0 512 512\"><g><rect x=\"10.52\" y=\"42.46\" width=\"40\" height=\"449.03\"><\/rect><rect x=\"10.52\" y=\"451.48\" width=\"449.03\" height=\"40\"><\/rect><\/g><rect x=\"-49.19\" y=\"223.76\" width=\"614.85\" height=\"40\" transform=\"translate(-96.73 254) rotate(-45)\"><\/rect><\/svg>\t\t\t<\/div>\n\t\t<\/div>\n\t\t\t\t\t\t<\/div>\n\t\t\t\t<\/div>\n\t\t\t\t<div class=\"elementor-element elementor-element-462e5cc elementor-widget__width-initial elementor-widget-tablet__width-inherit elementor-widget elementor-widget-heading\" data-id=\"462e5cc\" data-element_type=\"widget\" data-e-type=\"widget\" data-widget_type=\"heading.default\">\n\t\t\t\t<div class=\"elementor-widget-container\">\n\t\t\t\t\t<h1 class=\"elementor-heading-title elementor-size-default\">Pol\u00edtica de privacidad y cookies<\/h1>\t\t\t\t<\/div>\n\t\t\t\t<\/div>\n\t\t\t\t<\/div>\n\t\t<div class=\"elementor-element elementor-element-5610a00 e-con-full e-flex e-con e-child\" data-id=\"5610a00\" data-element_type=\"container\" data-e-type=\"container\">\n\t\t\t\t<div class=\"elementor-element elementor-element-6f7acbc elementor-widget elementor-widget-text-editor\" data-id=\"6f7acbc\" data-element_type=\"widget\" data-e-type=\"widget\" data-widget_type=\"text-editor.default\">\n\t\t\t\t<div class=\"elementor-widget-container\">\n\t\t\t\t\t\t\t\t\t<p>En South-Tek Systems, accesible desde southteksystem.com, una de nuestras principales prioridades es la privacidad de nuestros visitantes. Este documento de Pol\u00edtica de privacidad contiene tipos de informaci\u00f3n que South-Tek Systems recopila y registra y c\u00f3mo la utilizamos.<\/p>\n<p>Si tienes m\u00e1s preguntas o necesitas m\u00e1s informaci\u00f3n sobre nuestra Pol\u00edtica de Privacidad, no dudes en ponerte en contacto con nosotros.<\/p>\n<p>Esta Pol\u00edtica de Privacidad se aplica \u00fanicamente a nuestras actividades en l\u00ednea y es v\u00e1lida para los visitantes de nuestro sitio web con respecto a la informaci\u00f3n que compartieron y\/o recopilaron en South-Tek Systems. Esta pol\u00edtica no es aplicable a ninguna informaci\u00f3n recopilada fuera de l\u00ednea o a trav\u00e9s de canales distintos de este sitio web.<\/p>\n<p><strong>Consentimiento<\/strong><\/p>\n<p>Al utilizar nuestro sitio web, aceptas nuestra Pol\u00edtica de privacidad y est\u00e1s de acuerdo con sus t\u00e9rminos.<\/p>\n<p><strong>Informaci\u00f3n que recogemos<\/strong><\/p>\n<p>La informaci\u00f3n personal que se te pide que proporciones, y las razones por las que se te pide que la proporciones, se te aclarar\u00e1n en el momento en que te pidamos que proporciones tu informaci\u00f3n personal.<\/p>\n<p>Si te pones en contacto con nosotros directamente, podemos recibir informaci\u00f3n adicional sobre ti, como tu nombre, direcci\u00f3n de correo electr\u00f3nico, n\u00famero de tel\u00e9fono, el contenido del mensaje y\/o los archivos adjuntos que nos env\u00edes, y cualquier otra informaci\u00f3n que decidas proporcionarnos.<\/p>\n<p>Cuando te registras en una Cuenta, podemos pedirte tu informaci\u00f3n de contacto, incluyendo elementos como nombre, nombre de la empresa, direcci\u00f3n, direcci\u00f3n de correo electr\u00f3nico y n\u00famero de tel\u00e9fono.<\/p>\n<p><strong>C\u00f3mo utilizamos tu informaci\u00f3n<\/strong><\/p>\n<p>Utilizamos la informaci\u00f3n que recopilamos de varias formas, entre ellas para:<\/p>\n<ul>\n<li>Proporcionar, operar y mantener nuestro sitio web<\/li>\n<li>Mejorar, personalizar y ampliar nuestro sitio web<\/li>\n<li>Comprender y analizar c\u00f3mo utilizas nuestro sitio web<\/li>\n<li>Desarrollar nuevos productos, servicios, caracter\u00edsticas y funcionalidades<\/li>\n<li>Comunicarnos contigo, ya sea directamente o a trav\u00e9s de uno de nuestros socios, incluso para el servicio de atenci\u00f3n al cliente, para proporcionarte actualizaciones y otra informaci\u00f3n relacionada con el sitio web, y con fines de marketing y promoci\u00f3n<\/li>\n<li>Enviarte correos electr\u00f3nicos<\/li>\n<li>Detectar y prevenir el fraude<\/li>\n<\/ul>\n<div> <\/div>\n<p><strong style=\"color: var( --e-global-color-text ); font-family: var( --e-global-typography-text-font-family ), Sans-serif; font-size: var( --e-global-typography-text-font-size ); letter-spacing: var( --e-global-typography-text-letter-spacing ); text-align: var(--text-align);\">Archivos de registro<\/strong><\/p>\n<p>South-Tek Systems sigue un procedimiento est\u00e1ndar de uso de archivos de registro. Estos archivos registran a los visitantes cuando visitan los sitios web. Todas las empresas de alojamiento lo hacen y forma parte de las anal\u00edticas de los servicios de alojamiento. La informaci\u00f3n recogida por los archivos de registro incluye direcciones de protocolo de Internet (IP), tipo de navegador, proveedor de servicios de Internet (ISP), sello de fecha y hora, p\u00e1ginas de referencia\/salida y, posiblemente, el n\u00famero de clics. No est\u00e1n vinculadas a ninguna informaci\u00f3n que sea personalmente identificable. La finalidad de la informaci\u00f3n es analizar tendencias, administrar el sitio, seguir los movimientos de los usuarios en el sitio web y recopilar informaci\u00f3n demogr\u00e1fica.<\/p>\n<p><strong>Cookies y balizas web<\/strong><\/p>\n<p>Como cualquier otro sitio web, South-Tek Systems utiliza \u00abcookies\u00bb. Estas cookies se utilizan para almacenar informaci\u00f3n, incluidas las preferencias de los visitantes y las p\u00e1ginas del sitio web a las que el visitante accedi\u00f3 o visit\u00f3. La informaci\u00f3n se utiliza para optimizar la experiencia de los usuarios personalizando el contenido de nuestra p\u00e1gina web en funci\u00f3n del tipo de navegador de los visitantes y\/u otra informaci\u00f3n.<\/p>\n<p><strong>Cookie DART de DoubleClick de Google<\/strong><\/p>\n<p>Google es uno de los proveedores externos de nuestro sitio. Tambi\u00e9n utiliza cookies, conocidas como cookies DART, para ofrecer anuncios a los visitantes de nuestro sitio en funci\u00f3n de su visita a \u00e9ste y otros sitios de Internet. Sin embargo, los visitantes pueden optar por rechazar el uso de cookies DART visitando la Pol\u00edtica de Privacidad de la red de anuncios y contenidos de Google en la siguiente URL &#8211; <a href=\"https:\/\/policies.google.com\/technologies\/ads\">https:\/\/policies.google.com\/technologies\/ads<\/a><\/p>\n<p><strong>Nuestros socios publicitarios<\/strong><\/p>\n<p>Algunos de los socios de nuestro sitio pueden utilizar cookies y balizas web. A continuaci\u00f3n se enumeran nuestros socios publicitarios. Cada uno de nuestros socios publicitarios tiene su propia Pol\u00edtica de Privacidad para sus pol\u00edticas sobre los datos de los usuarios. Para facilitar el acceso, a continuaci\u00f3n incluimos hiperv\u00ednculos a sus Pol\u00edticas de privacidad.<\/p>\n<ul>\n<li>Google<\/li>\n<\/ul>\n<p><a href=\"https:\/\/policies.google.com\/technologies\/ads\">https:\/\/policies.google.com\/technologies\/ads<\/a><\/p>\n<ul>\n<li>ZoomInfo<\/li>\n<\/ul>\n<p><a href=\"https:\/\/www.zoominfo.com\/legal\/privacy-policy\">https:\/\/www.zoominfo.com\/legal\/privacy-policy<\/a>  <\/p>\n<p><b>Socios publicitarios Pol\u00edticas de privacidad<\/b><\/p>\n<p>Puedes consultar esta lista para encontrar la Pol\u00edtica de Privacidad de cada uno de los socios publicitarios de South-Tek Systems.<\/p>\n<p>Los servidores o redes publicitarias de terceros utilizan tecnolog\u00edas como cookies, JavaScript o Web Beacons que se utilizan en sus respectivos anuncios y enlaces que aparecen en South-Tek Systems, que se env\u00edan directamente al navegador de los usuarios. Reciben autom\u00e1ticamente tu direcci\u00f3n IP cuando esto ocurre. Estas tecnolog\u00edas se utilizan para medir la eficacia de sus campa\u00f1as publicitarias y\/o para personalizar el contenido publicitario que ves en los sitios web que visitas.<\/p>\n<p>Ten en cuenta que South-Tek Systems no tiene acceso ni control sobre estas cookies utilizadas por terceros anunciantes.<\/p>\n<p><b>Pol\u00edticas de privacidad de terceros<\/b><\/p>\n<p>Esta Pol\u00edtica de Privacidad no se aplica a otros anunciantes o sitios web. Por ello, te aconsejamos que consultes las respectivas Pol\u00edticas de Privacidad de estos servidores de anuncios de terceros para obtener informaci\u00f3n m\u00e1s detallada. Puede incluir sus pr\u00e1cticas e instrucciones sobre c\u00f3mo rechazar determinadas opciones.<\/p>\n<p>Puedes elegir desactivar las cookies a trav\u00e9s de las opciones individuales de tu navegador. Para conocer informaci\u00f3n m\u00e1s detallada sobre la gesti\u00f3n de cookies con navegadores web espec\u00edficos, puedes encontrarla en los sitios web respectivos de los navegadores.<\/p>\n<p><strong>Derechos de privacidad de la CCPA (No vender mis datos personales)<\/strong><\/p>\n<p>En virtud de la CCPA, entre otros derechos, los consumidores de California tienen derecho a:<\/p>\n<p>Solicitar que una empresa que recopila datos personales de un consumidor revele las categor\u00edas y los datos personales concretos que ha recopilado sobre los consumidores.<\/p>\n<p>Solicitar que una empresa elimine cualquier dato personal sobre el consumidor que haya recopilado.<\/p>\n<p>Solicitar que una empresa que vende los datos personales de un consumidor, no venda los datos personales del consumidor.<\/p>\n<p>Si presentas una solicitud, tenemos un mes para responderte. Si quieres ejercer alguno de estos derechos, ponte en contacto con nosotros.<\/p>\n<p><strong>Derechos de protecci\u00f3n de datos GDPR<\/strong><\/p>\n<p>Nos gustar\u00eda asegurarnos de que eres plenamente consciente de todos tus derechos en materia de protecci\u00f3n de datos. Todo usuario tiene derecho a lo siguiente<\/p>\n<p>Derecho de acceso &#8211; Tienes derecho a solicitar copias de tus datos personales. Podemos cobrarte una peque\u00f1a tarifa por este servicio.<\/p>\n<p>Derecho de rectificaci\u00f3n &#8211; Tienes derecho a solicitar que corrijamos cualquier informaci\u00f3n que consideres inexacta. Tambi\u00e9n tienes derecho a solicitar que completemos la informaci\u00f3n que consideres incompleta.<\/p>\n<p>Derecho de supresi\u00f3n &#8211; Tienes derecho a solicitar que borremos tus datos personales, en determinadas condiciones.<\/p>\n<p>Derecho a restringir el tratamiento &#8211; Tienes derecho a solicitar que restrinjamos el tratamiento de tus datos personales, en determinadas condiciones.<\/p>\n<p>Derecho a oponerte al tratamiento &#8211; Tienes derecho a oponerte a que tratemos tus datos personales, en determinadas condiciones.<\/p>\n<p>Derecho a la portabilidad de los datos &#8211; Tienes derecho a solicitar que transfiramos los datos que hemos recopilado a otra organizaci\u00f3n, o directamente a ti, en determinadas condiciones.<\/p>\n<p>Si presentas una solicitud, tenemos un mes para responderte. Si quieres ejercer alguno de estos derechos, ponte en contacto con nosotros.<\/p>\n<p><strong>Informaci\u00f3n para ni\u00f1os<\/strong><\/p>\n<p>Otra parte de nuestra prioridad es a\u00f1adir protecci\u00f3n para los ni\u00f1os mientras utilizan Internet. Animamos a los padres y tutores a que observen, participen y\/o supervisen y gu\u00eden su actividad en Internet.<\/p>\n<p>South-Tek Systems no recopila conscientemente ninguna Informaci\u00f3n de Identificaci\u00f3n Personal de ni\u00f1os menores de 13 a\u00f1os. Si crees que tu hijo proporcion\u00f3 este tipo de informaci\u00f3n en nuestro sitio web, te animamos encarecidamente a que te pongas en contacto con nosotros inmediatamente y haremos todo lo posible para eliminar r\u00e1pidamente dicha informaci\u00f3n de nuestros registros.<\/p>\n<p>Cambios en esta Pol\u00edtica de Privacidad<\/p>\n<p>Podemos actualizar nuestra Pol\u00edtica de Privacidad de vez en cuando. Por ello, te aconsejamos que revises esta p\u00e1gina peri\u00f3dicamente para comprobar si se han producido cambios. Te notificaremos cualquier cambio publicando la nueva Pol\u00edtica de Privacidad en esta p\u00e1gina. Estos cambios entran en vigor inmediatamente despu\u00e9s de su publicaci\u00f3n en esta p\u00e1gina.<\/p>\n<p>Nuestra Pol\u00edtica <a href=\"https:\/\/www.privacypolicygenerator.info\/\">de Privacidad fue creada con la ayuda del Generador de Pol\u00edtica de Privacidad<\/a>.<\/p>\n<p><b>Contacta con nosotros<\/b><\/p>\n<p>Si tienes alguna pregunta o sugerencia sobre nuestra Pol\u00edtica de privacidad, no dudes en ponerte en contacto con nosotros.<\/p>\n\t\t\t\t\t\t\t\t<\/div>\n\t\t\t\t<\/div>\n\t\t\t\t<\/div>\n\t\t\t\t\t<\/div>\n\t\t\t\t<\/div>\n\t\t\t\t<\/div>\n\t\t","protected":false},"excerpt":{"rendered":"<p>Pol\u00edtica de privacidad y cookies En South-Tek Systems, accesible desde southteksystem.com, una de nuestras principales prioridades es la privacidad de nuestros visitantes. Este documento de Pol\u00edtica de privacidad contiene tipos de informaci\u00f3n que South-Tek Systems recopila y registra y c\u00f3mo la utilizamos. Si tienes m\u00e1s preguntas o necesitas m\u00e1s informaci\u00f3n sobre nuestra Pol\u00edtica de Privacidad, [&hellip;]<\/p>\n","protected":false},"author":15,"featured_media":0,"parent":0,"menu_order":11,"comment_status":"closed","ping_status":"closed","template":"","meta":{"_jet_sm_ready_style":"","_jet_sm_style":"","_jet_sm_controls_values":"","_jet_sm_fonts_collection":"","_jet_sm_fonts_links":"","footnotes":""},"class_list":["post-8714","page","type-page","status-publish","hentry"],"yoast_head":"<!-- This site is optimized with the Yoast SEO plugin v27.0 - https:\/\/yoast.com\/product\/yoast-seo-wordpress\/ -->\n<title>Pol\u00edtica de privacidad - South-Tek Systems<\/title>\n<meta name=\"robots\" content=\"index, follow, max-snippet:-1, max-image-preview:large, max-video-preview:-1\" \/>\n<link rel=\"canonical\" href=\"https:\/\/www.southteksystems.com\/es\/politica-de-privacidad\/\" \/>\n<meta property=\"og:locale\" content=\"es_ES\" \/>\n<meta property=\"og:type\" content=\"article\" \/>\n<meta property=\"og:title\" content=\"Pol\u00edtica de privacidad - South-Tek Systems\" \/>\n<meta property=\"og:description\" content=\"Pol\u00edtica de privacidad y cookies En South-Tek Systems, accesible desde southteksystem.com, una de nuestras principales prioridades es la privacidad de nuestros visitantes. Este documento de Pol\u00edtica de privacidad contiene tipos de informaci\u00f3n que South-Tek Systems recopila y registra y c\u00f3mo la utilizamos. Si tienes m\u00e1s preguntas o necesitas m\u00e1s informaci\u00f3n sobre nuestra Pol\u00edtica de Privacidad, [&hellip;]\" \/>\n<meta property=\"og:url\" content=\"https:\/\/www.southteksystems.com\/es\/politica-de-privacidad\/\" \/>\n<meta property=\"og:site_name\" content=\"South-Tek Systems\" \/>\n<meta property=\"article:publisher\" content=\"https:\/\/www.facebook.com\/southteksystems\" \/>\n<meta property=\"article:modified_time\" content=\"2026-01-13T19:27:42+00:00\" \/>\n<meta name=\"twitter:card\" content=\"summary_large_image\" \/>\n<meta name=\"twitter:site\" content=\"@southteksystems\" \/>\n<meta name=\"twitter:label1\" content=\"Tiempo de lectura\" \/>\n\t<meta name=\"twitter:data1\" content=\"7 minutos\" \/>\n<script type=\"application\/ld+json\" class=\"yoast-schema-graph\">{\"@context\":\"https:\/\/schema.org\",\"@graph\":[{\"@type\":\"WebPage\",\"@id\":\"https:\/\/www.southteksystems.com\/es\/politica-de-privacidad\/\",\"url\":\"https:\/\/www.southteksystems.com\/es\/politica-de-privacidad\/\",\"name\":\"Pol\u00edtica de privacidad - South-Tek Systems\",\"isPartOf\":{\"@id\":\"https:\/\/www.southteksystems.com\/es\/#website\"},\"datePublished\":\"2023-03-09T09:26:30+00:00\",\"dateModified\":\"2026-01-13T19:27:42+00:00\",\"breadcrumb\":{\"@id\":\"https:\/\/www.southteksystems.com\/es\/politica-de-privacidad\/#breadcrumb\"},\"inLanguage\":\"es\",\"potentialAction\":[{\"@type\":\"ReadAction\",\"target\":[\"https:\/\/www.southteksystems.com\/es\/politica-de-privacidad\/\"]}]},{\"@type\":\"BreadcrumbList\",\"@id\":\"https:\/\/www.southteksystems.com\/es\/politica-de-privacidad\/#breadcrumb\",\"itemListElement\":[{\"@type\":\"ListItem\",\"position\":1,\"name\":\"Home\",\"item\":\"https:\/\/www.southteksystems.com\/es\/\"},{\"@type\":\"ListItem\",\"position\":2,\"name\":\"Pol\u00edtica de privacidad\"}]},{\"@type\":\"WebSite\",\"@id\":\"https:\/\/www.southteksystems.com\/es\/#website\",\"url\":\"https:\/\/www.southteksystems.com\/es\/\",\"name\":\"South-Tek Systems\",\"description\":\"\",\"publisher\":{\"@id\":\"https:\/\/www.southteksystems.com\/es\/#organization\"},\"potentialAction\":[{\"@type\":\"SearchAction\",\"target\":{\"@type\":\"EntryPoint\",\"urlTemplate\":\"https:\/\/www.southteksystems.com\/es\/?s={search_term_string}\"},\"query-input\":{\"@type\":\"PropertyValueSpecification\",\"valueRequired\":true,\"valueName\":\"search_term_string\"}}],\"inLanguage\":\"es\"},{\"@type\":\"Organization\",\"@id\":\"https:\/\/www.southteksystems.com\/es\/#organization\",\"name\":\"South-Tek Systems\",\"url\":\"https:\/\/www.southteksystems.com\/es\/\",\"logo\":{\"@type\":\"ImageObject\",\"inLanguage\":\"es\",\"@id\":\"https:\/\/www.southteksystems.com\/es\/#\/schema\/logo\/image\/\",\"url\":\"https:\/\/www.southteksystems.com\/wp-content\/uploads\/2023\/03\/South-Tek7-1.svg\",\"contentUrl\":\"https:\/\/www.southteksystems.com\/wp-content\/uploads\/2023\/03\/South-Tek7-1.svg\",\"width\":2150,\"height\":512,\"caption\":\"South-Tek Systems\"},\"image\":{\"@id\":\"https:\/\/www.southteksystems.com\/es\/#\/schema\/logo\/image\/\"},\"sameAs\":[\"https:\/\/www.facebook.com\/southteksystems\",\"https:\/\/x.com\/southteksystems\",\"https:\/\/www.linkedin.com\/company\/south-tek-systems\/\"]}]}<\/script>\n<!-- \/ Yoast SEO plugin. -->","yoast_head_json":{"title":"Pol\u00edtica de privacidad - South-Tek Systems","robots":{"index":"index","follow":"follow","max-snippet":"max-snippet:-1","max-image-preview":"max-image-preview:large","max-video-preview":"max-video-preview:-1"},"canonical":"https:\/\/www.southteksystems.com\/es\/politica-de-privacidad\/","og_locale":"es_ES","og_type":"article","og_title":"Pol\u00edtica de privacidad - South-Tek Systems","og_description":"Pol\u00edtica de privacidad y cookies En South-Tek Systems, accesible desde southteksystem.com, una de nuestras principales prioridades es la privacidad de nuestros visitantes. Este documento de Pol\u00edtica de privacidad contiene tipos de informaci\u00f3n que South-Tek Systems recopila y registra y c\u00f3mo la utilizamos. Si tienes m\u00e1s preguntas o necesitas m\u00e1s informaci\u00f3n sobre nuestra Pol\u00edtica de Privacidad, [&hellip;]","og_url":"https:\/\/www.southteksystems.com\/es\/politica-de-privacidad\/","og_site_name":"South-Tek Systems","article_publisher":"https:\/\/www.facebook.com\/southteksystems","article_modified_time":"2026-01-13T19:27:42+00:00","twitter_card":"summary_large_image","twitter_site":"@southteksystems","twitter_misc":{"Tiempo de lectura":"7 minutos"},"schema":{"@context":"https:\/\/schema.org","@graph":[{"@type":"WebPage","@id":"https:\/\/www.southteksystems.com\/es\/politica-de-privacidad\/","url":"https:\/\/www.southteksystems.com\/es\/politica-de-privacidad\/","name":"Pol\u00edtica de privacidad - South-Tek Systems","isPartOf":{"@id":"https:\/\/www.southteksystems.com\/es\/#website"},"datePublished":"2023-03-09T09:26:30+00:00","dateModified":"2026-01-13T19:27:42+00:00","breadcrumb":{"@id":"https:\/\/www.southteksystems.com\/es\/politica-de-privacidad\/#breadcrumb"},"inLanguage":"es","potentialAction":[{"@type":"ReadAction","target":["https:\/\/www.southteksystems.com\/es\/politica-de-privacidad\/"]}]},{"@type":"BreadcrumbList","@id":"https:\/\/www.southteksystems.com\/es\/politica-de-privacidad\/#breadcrumb","itemListElement":[{"@type":"ListItem","position":1,"name":"Home","item":"https:\/\/www.southteksystems.com\/es\/"},{"@type":"ListItem","position":2,"name":"Pol\u00edtica de privacidad"}]},{"@type":"WebSite","@id":"https:\/\/www.southteksystems.com\/es\/#website","url":"https:\/\/www.southteksystems.com\/es\/","name":"South-Tek Systems","description":"","publisher":{"@id":"https:\/\/www.southteksystems.com\/es\/#organization"},"potentialAction":[{"@type":"SearchAction","target":{"@type":"EntryPoint","urlTemplate":"https:\/\/www.southteksystems.com\/es\/?s={search_term_string}"},"query-input":{"@type":"PropertyValueSpecification","valueRequired":true,"valueName":"search_term_string"}}],"inLanguage":"es"},{"@type":"Organization","@id":"https:\/\/www.southteksystems.com\/es\/#organization","name":"South-Tek Systems","url":"https:\/\/www.southteksystems.com\/es\/","logo":{"@type":"ImageObject","inLanguage":"es","@id":"https:\/\/www.southteksystems.com\/es\/#\/schema\/logo\/image\/","url":"https:\/\/www.southteksystems.com\/wp-content\/uploads\/2023\/03\/South-Tek7-1.svg","contentUrl":"https:\/\/www.southteksystems.com\/wp-content\/uploads\/2023\/03\/South-Tek7-1.svg","width":2150,"height":512,"caption":"South-Tek Systems"},"image":{"@id":"https:\/\/www.southteksystems.com\/es\/#\/schema\/logo\/image\/"},"sameAs":["https:\/\/www.facebook.com\/southteksystems","https:\/\/x.com\/southteksystems","https:\/\/www.linkedin.com\/company\/south-tek-systems\/"]}]}},"_links":{"self":[{"href":"https:\/\/www.southteksystems.com\/es\/wp-json\/wp\/v2\/pages\/8714","targetHints":{"allow":["GET"]}}],"collection":[{"href":"https:\/\/www.southteksystems.com\/es\/wp-json\/wp\/v2\/pages"}],"about":[{"href":"https:\/\/www.southteksystems.com\/es\/wp-json\/wp\/v2\/types\/page"}],"author":[{"embeddable":true,"href":"https:\/\/www.southteksystems.com\/es\/wp-json\/wp\/v2\/users\/15"}],"replies":[{"embeddable":true,"href":"https:\/\/www.southteksystems.com\/es\/wp-json\/wp\/v2\/comments?post=8714"}],"version-history":[{"count":0,"href":"https:\/\/www.southteksystems.com\/es\/wp-json\/wp\/v2\/pages\/8714\/revisions"}],"wp:attachment":[{"href":"https:\/\/www.southteksystems.com\/es\/wp-json\/wp\/v2\/media?parent=8714"}],"curies":[{"name":"wp","href":"https:\/\/api.w.org\/{rel}","templated":true}]}}