{"id":8599,"date":"2023-03-09T15:57:00","date_gmt":"2023-03-09T15:57:00","guid":{"rendered":"https:\/\/southtekglobal.com\/metales-industriales\/"},"modified":"2026-01-13T17:19:41","modified_gmt":"2026-01-13T17:19:41","slug":"metales-industriales","status":"publish","type":"page","link":"https:\/\/www.southteksystems.com\/es\/metales-industriales\/","title":{"rendered":"Metales industriales"},"content":{"rendered":"\t\t<div data-elementor-type=\"wp-page\" data-elementor-id=\"8599\" class=\"elementor elementor-8599 elementor-585\" data-elementor-post-type=\"page\">\n\t\t\t\t<div class=\"elementor-element elementor-element-ea24ffc e-con-full e-flex e-con e-parent\" data-id=\"ea24ffc\" data-element_type=\"container\" data-e-type=\"container\">\n\t\t\t\t<div class=\"elementor-element elementor-element-87374f4 elementor-widget__width-initial elementor-widget elementor-widget-heading\" data-id=\"87374f4\" data-element_type=\"widget\" data-e-type=\"widget\" data-widget_type=\"heading.default\">\n\t\t\t\t<div class=\"elementor-widget-container\">\n\t\t\t\t\t<h1 class=\"elementor-heading-title elementor-size-default\">Metales industriales<\/h1>\t\t\t\t<\/div>\n\t\t\t\t<\/div>\n\t\t\t\t<div class=\"elementor-element elementor-element-0a595a8 elementor-widget__width-initial elementor-widget elementor-widget-heading\" data-id=\"0a595a8\" data-element_type=\"widget\" data-e-type=\"widget\" data-widget_type=\"heading.default\">\n\t\t\t\t<div class=\"elementor-widget-container\">\n\t\t\t\t\t<h2 class=\"elementor-heading-title elementor-size-default\">Los generadores de nitr\u00f3geno de South-Tek Systems proporcionan una pureza y un caudal fiables y precisos para procesos eficaces de tratamiento t\u00e9rmico y corte por l\u00e1ser.<\/h2>\t\t\t\t<\/div>\n\t\t\t\t<\/div>\n\t\t\t\t<\/div>\n\t\t<div class=\"elementor-element elementor-element-18dfe67 e-flex e-con-boxed e-con e-parent\" data-id=\"18dfe67\" data-element_type=\"container\" data-e-type=\"container\" data-settings=\"{&quot;background_background&quot;:&quot;classic&quot;}\">\n\t\t\t\t\t<div class=\"e-con-inner\">\n\t\t<div class=\"elementor-element elementor-element-d370ea7 e-con-full e-flex e-con e-child\" data-id=\"d370ea7\" data-element_type=\"container\" data-e-type=\"container\" data-settings=\"{&quot;background_background&quot;:&quot;video&quot;,&quot;background_video_link&quot;:&quot;https:\\\/\\\/www.southteksystems.com\\\/wp-content\\\/uploads\\\/2023\\\/06\\\/SHeat-Treating-1.mp4&quot;,&quot;background_play_on_mobile&quot;:&quot;yes&quot;}\">\n\t\t<div class=\"elementor-background-video-container\">\n\t\t\t\t\t\t\t<video class=\"elementor-background-video-hosted\" role=\"presentation\" autoplay muted playsinline loop><\/video>\n\t\t\t\t\t<\/div><div class=\"elementor-element elementor-element-b15176f e-con-full e-flex e-con e-child\" data-id=\"b15176f\" data-element_type=\"container\" data-e-type=\"container\">\n\t\t\t\t<div class=\"elementor-element elementor-element-aecd4bb elementor-view-default elementor-widget elementor-widget-icon\" data-id=\"aecd4bb\" data-element_type=\"widget\" data-e-type=\"widget\" data-widget_type=\"icon.default\">\n\t\t\t\t<div class=\"elementor-widget-container\">\n\t\t\t\t\t\t\t<div class=\"elementor-icon-wrapper\">\n\t\t\t<div class=\"elementor-icon\">\n\t\t\t<svg xmlns=\"http:\/\/www.w3.org\/2000\/svg\" id=\"Layer_2\" data-name=\"Layer 2\" viewBox=\"0 0 100 100\" width=\"512\" height=\"512\"><path id=\"Thermostat\" d=\"M14.27,25.08a1.71,1.71,0,0,1-1.77-1.7,1.81,1.81,0,0,1,1.77-1.8h6.65a1.88,1.88,0,0,1,1.77,1.8,1.78,1.78,0,0,1-1.77,1.7Zm47.86,1.07a1.7,1.7,0,1,1,0,3.4A6.64,6.64,0,1,0,69,36.24a1.83,1.83,0,0,1,3.66,0,9.92,9.92,0,0,1-3.11,7.12,10.68,10.68,0,0,1-14.73,0,10,10,0,0,1-3.1-7.12A10.21,10.21,0,0,1,62.13,26.15ZM60.58,11.69h3.1a3.48,3.48,0,0,1,3.55,2.66l1,3.93a1.3,1.3,0,0,0,.56.53c.44.22.88.32,1.44.53a.94.94,0,0,0,.77,0l3.55-2a3.65,3.65,0,0,1,4.43.53L81.19,20a3.28,3.28,0,0,1,.55,4.25l-2.11,3.51c-.22.21-.22.42-.11.74l.67,1.28a.89.89,0,0,0,.55.53l4,1a3.56,3.56,0,0,1,2.77,3.5v3a3.46,3.46,0,0,1-2.77,3.4l-3.88.95a1.11,1.11,0,0,0-.66.54c-.22.53-.33,1-.56,1.38a.87.87,0,0,0,0,.74l2.11,3.4a3.43,3.43,0,0,1-.55,4.36L79,54.62a3.65,3.65,0,0,1-4.43.53l-3.55-2a1,1,0,0,0-.77-.1l-1.33.64c-.33.1-.56.31-.56.53L67.23,58a3.56,3.56,0,0,1-3.55,2.77h-3.1A3.75,3.75,0,0,1,57,58L56,54.2a.85.85,0,0,0-.56-.53c-.44-.22-.88-.32-1.33-.54a1,1,0,0,0-.77,0l-3.55,2a3.63,3.63,0,0,1-4.43-.53L43.19,52.5a3.43,3.43,0,0,1-.56-4.36l2.11-3.4a.9.9,0,0,0,.11-.74c-.22-.43-.44-1-.67-1.38a1.11,1.11,0,0,0-.66-.54L41,41.45a1.08,1.08,0,0,0-.77.21.87.87,0,0,0-.34.64V68.75a2.61,2.61,0,0,0,1.55,2.34,7.9,7.9,0,0,1-3.32,15.2,7.9,7.9,0,0,1-3.32-15.2,2.44,2.44,0,0,0,1.55-2.34V19.56a1.77,1.77,0,0,1,3.54,0V30.08a.91.91,0,0,0,.34.74,1,1,0,0,0,.77.11l2.66-.64a.72.72,0,0,0,.55-.43,10,10,0,0,0,.56-1.38,1.14,1.14,0,0,0,0-.85l-2.11-3.4A3.3,3.3,0,0,1,43.19,20L45,18.18a.64.64,0,0,0,.33-.64V15.41a7.15,7.15,0,0,0-14.29,0V62.49a8.79,8.79,0,0,1-2.66,6.16,12.9,12.9,0,0,0-4.1,9.46A13.6,13.6,0,0,0,38.09,91.49,13.6,13.6,0,0,0,51.94,78.11a12.9,12.9,0,0,0-4.1-9.46,8.68,8.68,0,0,1-2.55-6.16V60.15c0-2.23,3.55-2.23,3.55,0v2.34a4.77,4.77,0,0,0,1.55,3.71,16.39,16.39,0,0,1,5.09,11.91A17.11,17.11,0,0,1,38.09,95,17.11,17.11,0,0,1,20.7,78.11,16.39,16.39,0,0,1,25.79,66.2a4.77,4.77,0,0,0,1.55-3.71V15.41a10.76,10.76,0,0,1,21.5,0v.85a1.07,1.07,0,0,0,.55.85.83.83,0,0,1,.44.22l3.55,2a.94.94,0,0,0,.77,0,6,6,0,0,0,1.33-.53c.34-.1.45-.32.56-.63l1-3.83a3.66,3.66,0,0,1,3.55-2.66Zm-.22,4.15-.89,3.61a3.72,3.72,0,0,1-2.32,2.44c-.67.22-1.22.54-1.78.75a3.78,3.78,0,0,1-3.54-.11L48.5,20.62a.87.87,0,0,0-1.1.11L46.18,22c-.33.21-.33.64-.11,1.06L48,26.25a3.08,3.08,0,0,1,.55,1.6,4.33,4.33,0,0,1-.33,1.7,11.15,11.15,0,0,0-.77,1.7,2.79,2.79,0,0,1-1,1.48,3.11,3.11,0,0,1-1.55.85l-3.66.85a.82.82,0,0,0-.66.85l-.11,1.81a.94.94,0,0,0,.66.85l3.77,1a3.53,3.53,0,0,1,2.55,2.23,11.6,11.6,0,0,0,.77,1.7,3.65,3.65,0,0,1-.22,3.4l-1.88,3.19a.79.79,0,0,0,.11,1.06l1.22,1.27a1,1,0,0,0,1.1.11L51.83,50a3.78,3.78,0,0,1,3.54-.11,8.18,8.18,0,0,0,1.66.64A3.79,3.79,0,0,1,59.47,53l.89,3.61a.83.83,0,0,0,.88.64,6,6,0,0,0,1.89,0,.79.79,0,0,0,.77-.64l1-3.61a3.88,3.88,0,0,1,2.33-2.55A9,9,0,0,0,69,49.84a3.79,3.79,0,0,1,3.54.11l3.22,1.91a.87.87,0,0,0,1.1-.11l1.33-1.17a.93.93,0,0,0,.12-1.06l-1.89-3.29a3.41,3.41,0,0,1-.22-3.4,18.4,18.4,0,0,1,.78-1.7,3.32,3.32,0,0,1,2.54-2.23l3.66-1a.79.79,0,0,0,.66-.74L84,35.39a.93.93,0,0,0-.66-.85l-3.77-1A3.78,3.78,0,0,1,77,31.35c-.23-.64-.56-1.17-.78-1.7a3.41,3.41,0,0,1,.22-3.4l1.89-3.19A.79.79,0,0,0,78.19,22L77,20.73a1.05,1.05,0,0,0-1.11-.11l-3.33,1.91a3.78,3.78,0,0,1-3.54.11c-.55-.21-1.11-.53-1.77-.75a3.71,3.71,0,0,1-2.33-2.44L64,15.84a.91.91,0,0,0-.88-.64H61.24a1,1,0,0,0-.88.64Zm-22.27,58a4.52,4.52,0,1,0,4.65,4.57,4.61,4.61,0,0,0-4.65-4.57ZM14.27,50.9a1.81,1.81,0,0,1-1.77-1.8,1.71,1.71,0,0,1,1.77-1.7h6.65a1.78,1.78,0,0,1,1.77,1.7,1.88,1.88,0,0,1-1.77,1.8Zm0-8.6a1.81,1.81,0,0,1-1.77-1.81,1.71,1.71,0,0,1,1.77-1.7h6.65a1.78,1.78,0,0,1,1.77,1.7,1.88,1.88,0,0,1-1.77,1.81Zm0-8.61a1.81,1.81,0,0,1-1.77-1.81,1.72,1.72,0,0,1,1.77-1.7h6.65a1.79,1.79,0,0,1,1.77,1.7,1.88,1.88,0,0,1-1.77,1.81Z\"><\/path><\/svg>\t\t\t<\/div>\n\t\t<\/div>\n\t\t\t\t\t\t<\/div>\n\t\t\t\t<\/div>\n\t\t\t\t<div class=\"elementor-element elementor-element-c25fb74 elementor-widget-tablet__width-initial elementor-widget-mobile__width-initial elementor-widget elementor-widget-heading\" data-id=\"c25fb74\" data-element_type=\"widget\" data-e-type=\"widget\" data-widget_type=\"heading.default\">\n\t\t\t\t<div class=\"elementor-widget-container\">\n\t\t\t\t\t<h2 class=\"elementor-heading-title elementor-size-default\">Tratamiento t\u00e9rmico<\/h2>\t\t\t\t<\/div>\n\t\t\t\t<\/div>\n\t\t\t\t<\/div>\n\t\t\t\t<div class=\"elementor-element elementor-element-0e23ecc elementor-widget elementor-widget-heading\" data-id=\"0e23ecc\" data-element_type=\"widget\" data-e-type=\"widget\" data-widget_type=\"heading.default\">\n\t\t\t\t<div class=\"elementor-widget-container\">\n\t\t\t\t\t<h2 class=\"elementor-heading-title elementor-size-default\">N2GEN: Generadores de Nitr\u00f3geno\u2122 de Misi\u00f3n Cr\u00edtica para Procesos de Tratamiento T\u00e9rmico<\/h2>\t\t\t\t<\/div>\n\t\t\t\t<\/div>\n\t\t\t\t<div class=\"elementor-element elementor-element-59a89df elementor-widget elementor-widget-button\" data-id=\"59a89df\" data-element_type=\"widget\" data-e-type=\"widget\" data-widget_type=\"button.default\">\n\t\t\t\t<div class=\"elementor-widget-container\">\n\t\t\t\t\t\t\t\t\t<div class=\"elementor-button-wrapper\">\n\t\t\t\t\t<a class=\"elementor-button elementor-button-link elementor-size-sm\" href=\"https:\/\/www.southteksystems.com\/es\/metales-industriales\/procesos-de-tratamiento-termico\/\">\n\t\t\t\t\t\t<span class=\"elementor-button-content-wrapper\">\n\t\t\t\t\t\t\t\t\t<span class=\"elementor-button-text\">Descubre m\u00e1s<\/span>\n\t\t\t\t\t<\/span>\n\t\t\t\t\t<\/a>\n\t\t\t\t<\/div>\n\t\t\t\t\t\t\t\t<\/div>\n\t\t\t\t<\/div>\n\t\t\t\t<\/div>\n\t\t<div class=\"elementor-element elementor-element-c67dc7b e-con-full e-flex e-con e-child\" data-id=\"c67dc7b\" data-element_type=\"container\" data-e-type=\"container\" data-settings=\"{&quot;background_background&quot;:&quot;video&quot;,&quot;background_video_link&quot;:&quot;https:\\\/\\\/www.southteksystems.com\\\/wp-content\\\/uploads\\\/2023\\\/03\\\/pexels-gusat-silviu-7622764.mp4&quot;,&quot;background_play_on_mobile&quot;:&quot;yes&quot;}\">\n\t\t<div class=\"elementor-background-video-container\">\n\t\t\t\t\t\t\t<video class=\"elementor-background-video-hosted\" role=\"presentation\" autoplay muted playsinline loop><\/video>\n\t\t\t\t\t<\/div><div class=\"elementor-element elementor-element-9593fef e-con-full e-flex e-con e-child\" data-id=\"9593fef\" data-element_type=\"container\" data-e-type=\"container\">\n\t\t\t\t<div class=\"elementor-element elementor-element-48a140e elementor-view-default elementor-widget elementor-widget-icon\" data-id=\"48a140e\" data-element_type=\"widget\" data-e-type=\"widget\" data-widget_type=\"icon.default\">\n\t\t\t\t<div class=\"elementor-widget-container\">\n\t\t\t\t\t\t\t<div class=\"elementor-icon-wrapper\">\n\t\t\t<div class=\"elementor-icon\">\n\t\t\t<svg xmlns=\"http:\/\/www.w3.org\/2000\/svg\" height=\"512\" viewBox=\"0 0 64 64\" width=\"512\"><g id=\"Layer_2\" data-name=\"Layer 2\"><path d=\"m60 61a1 1 0 0 0 1-1.3l-8-25a1.2 1.2 0 0 0 -1-.7h-15v-4h3a.9.9 0 0 0 1-1v-25a.9.9 0 0 0 -1-1h-16a.9.9 0 0 0 -1 1v25a.9.9 0 0 0 1 1h3v4h-15a1.2 1.2 0 0 0 -1 .7l-8 25a1 1 0 0 0 1 1.3zm-35-56h14v23h-14zm10 25v6.2l-3 3.3-3-3.3v-6.2zm-22.3 6h14.3v.6a1.1 1.1 0 0 0 .3.7l3.7 4.1v5.6h-14a1 1 0 0 0 -.9.7l-2 6a.9.9 0 0 0 .9 1.3h35a1.2 1.2 0 0 0 .8-.4.8.8 0 0 0 .1-.9l-5-14-1.8.6 4.5 12.7h-32.2l1.3-4h21.3v-2h-6v-5.6l3.7-4.1a1.1 1.1 0 0 0 .3-.7v-.6h14.3l7.3 23h-53.2z\"><\/path><path d=\"m25.9 39.6h2v4.18h-2z\" transform=\"matrix(.64 -.768 .768 .64 -22.3 35.6)\"><\/path><path d=\"m24.1 42.5h2v4.23h-2z\" transform=\"matrix(.247 -.969 .969 .247 -24.3 58)\"><\/path><path d=\"m35 40.7h4.2v2h-4.2z\" transform=\"matrix(.768 -.64 .64 .768 -18.1 33.4)\"><\/path><path d=\"m36.7 43.6h4.2v2h-4.2z\" transform=\"matrix(.969 -.247 .247 .969 -9.8 11)\"><\/path><\/g><\/svg>\t\t\t<\/div>\n\t\t<\/div>\n\t\t\t\t\t\t<\/div>\n\t\t\t\t<\/div>\n\t\t\t\t<div class=\"elementor-element elementor-element-aebe53f elementor-widget-tablet__width-initial elementor-widget-mobile__width-initial elementor-widget elementor-widget-heading\" data-id=\"aebe53f\" data-element_type=\"widget\" data-e-type=\"widget\" data-widget_type=\"heading.default\">\n\t\t\t\t<div class=\"elementor-widget-container\">\n\t\t\t\t\t<h2 class=\"elementor-heading-title elementor-size-default\">Corte por l\u00e1ser<\/h2>\t\t\t\t<\/div>\n\t\t\t\t<\/div>\n\t\t\t\t<\/div>\n\t\t\t\t<div class=\"elementor-element elementor-element-75087b2 elementor-widget elementor-widget-heading\" data-id=\"75087b2\" data-element_type=\"widget\" data-e-type=\"widget\" data-widget_type=\"heading.default\">\n\t\t\t\t<div class=\"elementor-widget-container\">\n\t\t\t\t\t<h2 class=\"elementor-heading-title elementor-size-default\">N2GEN: Generadores de nitr\u00f3geno\u2122 de misi\u00f3n cr\u00edtica para corte por l\u00e1ser\n<\/h2>\t\t\t\t<\/div>\n\t\t\t\t<\/div>\n\t\t\t\t<div class=\"elementor-element elementor-element-a98c432 elementor-widget elementor-widget-button\" data-id=\"a98c432\" data-element_type=\"widget\" data-e-type=\"widget\" data-widget_type=\"button.default\">\n\t\t\t\t<div class=\"elementor-widget-container\">\n\t\t\t\t\t\t\t\t\t<div class=\"elementor-button-wrapper\">\n\t\t\t\t\t<a class=\"elementor-button elementor-button-link elementor-size-sm\" href=\"https:\/\/www.southteksystems.com\/es\/metales-industriales\/procesos-de-corte-por-laser\/\">\n\t\t\t\t\t\t<span class=\"elementor-button-content-wrapper\">\n\t\t\t\t\t\t\t\t\t<span class=\"elementor-button-text\">Descubre m\u00e1s<\/span>\n\t\t\t\t\t<\/span>\n\t\t\t\t\t<\/a>\n\t\t\t\t<\/div>\n\t\t\t\t\t\t\t\t<\/div>\n\t\t\t\t<\/div>\n\t\t\t\t<\/div>\n\t\t\t\t\t<\/div>\n\t\t\t\t<\/div>\n\t\t\t\t<\/div>\n\t\t","protected":false},"excerpt":{"rendered":"<p>Metales industriales Los generadores de nitr\u00f3geno de South-Tek Systems proporcionan una pureza y un caudal fiables y precisos para procesos eficaces de tratamiento t\u00e9rmico y corte por l\u00e1ser. Tratamiento t\u00e9rmico N2GEN: Generadores de Nitr\u00f3geno\u2122 de Misi\u00f3n Cr\u00edtica para Procesos de Tratamiento T\u00e9rmico Descubre m\u00e1s Corte por l\u00e1ser N2GEN: Generadores de nitr\u00f3geno\u2122 de misi\u00f3n cr\u00edtica para [&hellip;]<\/p>\n","protected":false},"author":15,"featured_media":0,"parent":0,"menu_order":2,"comment_status":"closed","ping_status":"closed","template":"","meta":{"_jet_sm_ready_style":"","_jet_sm_style":"","_jet_sm_controls_values":"","_jet_sm_fonts_collection":"","_jet_sm_fonts_links":"","footnotes":""},"class_list":["post-8599","page","type-page","status-publish","hentry"],"yoast_head":"<!-- This site is optimized with the Yoast SEO plugin v27.4 - https:\/\/yoast.com\/product\/yoast-seo-wordpress\/ -->\n<title>Metales industriales - South-Tek Systems<\/title>\n<meta name=\"description\" content=\"Los generadores de nitr\u00f3geno de South-Tek Systems proporcionan una pureza y un caudal fiables y precisos para procesos eficaces de tratamiento t\u00e9rmico y corte por l\u00e1ser con metales industriales.\" \/>\n<meta name=\"robots\" content=\"index, follow, max-snippet:-1, max-image-preview:large, max-video-preview:-1\" \/>\n<link rel=\"canonical\" href=\"https:\/\/www.southteksystems.com\/es\/metales-industriales\/\" \/>\n<meta property=\"og:locale\" content=\"es_ES\" \/>\n<meta property=\"og:type\" content=\"article\" \/>\n<meta property=\"og:title\" content=\"Metales industriales - South-Tek Systems\" \/>\n<meta property=\"og:description\" content=\"Los generadores de nitr\u00f3geno de South-Tek Systems proporcionan una pureza y un caudal fiables y precisos para procesos eficaces de tratamiento t\u00e9rmico y corte por l\u00e1ser con metales industriales.\" \/>\n<meta property=\"og:url\" content=\"https:\/\/www.southteksystems.com\/es\/metales-industriales\/\" \/>\n<meta property=\"og:site_name\" content=\"South-Tek Systems\" \/>\n<meta property=\"article:publisher\" content=\"https:\/\/www.facebook.com\/southteksystems\" \/>\n<meta property=\"article:modified_time\" content=\"2026-01-13T17:19:41+00:00\" \/>\n<meta name=\"twitter:card\" content=\"summary_large_image\" \/>\n<meta name=\"twitter:site\" content=\"@southteksystems\" \/>\n<script type=\"application\/ld+json\" class=\"yoast-schema-graph\">{\"@context\":\"https:\\\/\\\/schema.org\",\"@graph\":[{\"@type\":\"WebPage\",\"@id\":\"https:\\\/\\\/www.southteksystems.com\\\/es\\\/metales-industriales\\\/\",\"url\":\"https:\\\/\\\/www.southteksystems.com\\\/es\\\/metales-industriales\\\/\",\"name\":\"Metales industriales - South-Tek Systems\",\"isPartOf\":{\"@id\":\"https:\\\/\\\/www.southteksystems.com\\\/es\\\/#website\"},\"datePublished\":\"2023-03-09T15:57:00+00:00\",\"dateModified\":\"2026-01-13T17:19:41+00:00\",\"description\":\"Los generadores de nitr\u00f3geno de South-Tek Systems proporcionan una pureza y un caudal fiables y precisos para procesos eficaces de tratamiento t\u00e9rmico y corte por l\u00e1ser con metales industriales.\",\"breadcrumb\":{\"@id\":\"https:\\\/\\\/www.southteksystems.com\\\/es\\\/metales-industriales\\\/#breadcrumb\"},\"inLanguage\":\"es\",\"potentialAction\":[{\"@type\":\"ReadAction\",\"target\":[\"https:\\\/\\\/www.southteksystems.com\\\/es\\\/metales-industriales\\\/\"]}]},{\"@type\":\"BreadcrumbList\",\"@id\":\"https:\\\/\\\/www.southteksystems.com\\\/es\\\/metales-industriales\\\/#breadcrumb\",\"itemListElement\":[{\"@type\":\"ListItem\",\"position\":1,\"name\":\"Home\",\"item\":\"https:\\\/\\\/www.southteksystems.com\\\/es\\\/\"},{\"@type\":\"ListItem\",\"position\":2,\"name\":\"Metales industriales\"}]},{\"@type\":\"WebSite\",\"@id\":\"https:\\\/\\\/www.southteksystems.com\\\/es\\\/#website\",\"url\":\"https:\\\/\\\/www.southteksystems.com\\\/es\\\/\",\"name\":\"South-Tek Systems\",\"description\":\"\",\"publisher\":{\"@id\":\"https:\\\/\\\/www.southteksystems.com\\\/es\\\/#organization\"},\"potentialAction\":[{\"@type\":\"SearchAction\",\"target\":{\"@type\":\"EntryPoint\",\"urlTemplate\":\"https:\\\/\\\/www.southteksystems.com\\\/es\\\/?s={search_term_string}\"},\"query-input\":{\"@type\":\"PropertyValueSpecification\",\"valueRequired\":true,\"valueName\":\"search_term_string\"}}],\"inLanguage\":\"es\"},{\"@type\":\"Organization\",\"@id\":\"https:\\\/\\\/www.southteksystems.com\\\/es\\\/#organization\",\"name\":\"South-Tek Systems\",\"url\":\"https:\\\/\\\/www.southteksystems.com\\\/es\\\/\",\"logo\":{\"@type\":\"ImageObject\",\"inLanguage\":\"es\",\"@id\":\"https:\\\/\\\/www.southteksystems.com\\\/es\\\/#\\\/schema\\\/logo\\\/image\\\/\",\"url\":\"https:\\\/\\\/www.southteksystems.com\\\/wp-content\\\/uploads\\\/2023\\\/03\\\/South-Tek7-1.svg\",\"contentUrl\":\"https:\\\/\\\/www.southteksystems.com\\\/wp-content\\\/uploads\\\/2023\\\/03\\\/South-Tek7-1.svg\",\"width\":2150,\"height\":512,\"caption\":\"South-Tek Systems\"},\"image\":{\"@id\":\"https:\\\/\\\/www.southteksystems.com\\\/es\\\/#\\\/schema\\\/logo\\\/image\\\/\"},\"sameAs\":[\"https:\\\/\\\/www.facebook.com\\\/southteksystems\",\"https:\\\/\\\/x.com\\\/southteksystems\",\"https:\\\/\\\/www.linkedin.com\\\/company\\\/south-tek-systems\\\/\"]}]}<\/script>\n<!-- \/ Yoast SEO plugin. -->","yoast_head_json":{"title":"Metales industriales - South-Tek Systems","description":"Los generadores de nitr\u00f3geno de South-Tek Systems proporcionan una pureza y un caudal fiables y precisos para procesos eficaces de tratamiento t\u00e9rmico y corte por l\u00e1ser con metales industriales.","robots":{"index":"index","follow":"follow","max-snippet":"max-snippet:-1","max-image-preview":"max-image-preview:large","max-video-preview":"max-video-preview:-1"},"canonical":"https:\/\/www.southteksystems.com\/es\/metales-industriales\/","og_locale":"es_ES","og_type":"article","og_title":"Metales industriales - South-Tek Systems","og_description":"Los generadores de nitr\u00f3geno de South-Tek Systems proporcionan una pureza y un caudal fiables y precisos para procesos eficaces de tratamiento t\u00e9rmico y corte por l\u00e1ser con metales industriales.","og_url":"https:\/\/www.southteksystems.com\/es\/metales-industriales\/","og_site_name":"South-Tek Systems","article_publisher":"https:\/\/www.facebook.com\/southteksystems","article_modified_time":"2026-01-13T17:19:41+00:00","twitter_card":"summary_large_image","twitter_site":"@southteksystems","schema":{"@context":"https:\/\/schema.org","@graph":[{"@type":"WebPage","@id":"https:\/\/www.southteksystems.com\/es\/metales-industriales\/","url":"https:\/\/www.southteksystems.com\/es\/metales-industriales\/","name":"Metales industriales - South-Tek Systems","isPartOf":{"@id":"https:\/\/www.southteksystems.com\/es\/#website"},"datePublished":"2023-03-09T15:57:00+00:00","dateModified":"2026-01-13T17:19:41+00:00","description":"Los generadores de nitr\u00f3geno de South-Tek Systems proporcionan una pureza y un caudal fiables y precisos para procesos eficaces de tratamiento t\u00e9rmico y corte por l\u00e1ser con metales industriales.","breadcrumb":{"@id":"https:\/\/www.southteksystems.com\/es\/metales-industriales\/#breadcrumb"},"inLanguage":"es","potentialAction":[{"@type":"ReadAction","target":["https:\/\/www.southteksystems.com\/es\/metales-industriales\/"]}]},{"@type":"BreadcrumbList","@id":"https:\/\/www.southteksystems.com\/es\/metales-industriales\/#breadcrumb","itemListElement":[{"@type":"ListItem","position":1,"name":"Home","item":"https:\/\/www.southteksystems.com\/es\/"},{"@type":"ListItem","position":2,"name":"Metales industriales"}]},{"@type":"WebSite","@id":"https:\/\/www.southteksystems.com\/es\/#website","url":"https:\/\/www.southteksystems.com\/es\/","name":"South-Tek Systems","description":"","publisher":{"@id":"https:\/\/www.southteksystems.com\/es\/#organization"},"potentialAction":[{"@type":"SearchAction","target":{"@type":"EntryPoint","urlTemplate":"https:\/\/www.southteksystems.com\/es\/?s={search_term_string}"},"query-input":{"@type":"PropertyValueSpecification","valueRequired":true,"valueName":"search_term_string"}}],"inLanguage":"es"},{"@type":"Organization","@id":"https:\/\/www.southteksystems.com\/es\/#organization","name":"South-Tek Systems","url":"https:\/\/www.southteksystems.com\/es\/","logo":{"@type":"ImageObject","inLanguage":"es","@id":"https:\/\/www.southteksystems.com\/es\/#\/schema\/logo\/image\/","url":"https:\/\/www.southteksystems.com\/wp-content\/uploads\/2023\/03\/South-Tek7-1.svg","contentUrl":"https:\/\/www.southteksystems.com\/wp-content\/uploads\/2023\/03\/South-Tek7-1.svg","width":2150,"height":512,"caption":"South-Tek Systems"},"image":{"@id":"https:\/\/www.southteksystems.com\/es\/#\/schema\/logo\/image\/"},"sameAs":["https:\/\/www.facebook.com\/southteksystems","https:\/\/x.com\/southteksystems","https:\/\/www.linkedin.com\/company\/south-tek-systems\/"]}]}},"_links":{"self":[{"href":"https:\/\/www.southteksystems.com\/es\/wp-json\/wp\/v2\/pages\/8599","targetHints":{"allow":["GET"]}}],"collection":[{"href":"https:\/\/www.southteksystems.com\/es\/wp-json\/wp\/v2\/pages"}],"about":[{"href":"https:\/\/www.southteksystems.com\/es\/wp-json\/wp\/v2\/types\/page"}],"author":[{"embeddable":true,"href":"https:\/\/www.southteksystems.com\/es\/wp-json\/wp\/v2\/users\/15"}],"replies":[{"embeddable":true,"href":"https:\/\/www.southteksystems.com\/es\/wp-json\/wp\/v2\/comments?post=8599"}],"version-history":[{"count":0,"href":"https:\/\/www.southteksystems.com\/es\/wp-json\/wp\/v2\/pages\/8599\/revisions"}],"wp:attachment":[{"href":"https:\/\/www.southteksystems.com\/es\/wp-json\/wp\/v2\/media?parent=8599"}],"curies":[{"name":"wp","href":"https:\/\/api.w.org\/{rel}","templated":true}]}}