{"id":13636,"date":"2026-02-10T17:09:06","date_gmt":"2026-02-10T17:09:06","guid":{"rendered":"https:\/\/www.southteksystems.com\/bebidas-comerciales\/"},"modified":"2026-04-01T19:19:19","modified_gmt":"2026-04-01T19:19:19","slug":"bebidas-comerciales","status":"publish","type":"page","link":"https:\/\/www.southteksystems.com\/es\/bebidas-comerciales\/","title":{"rendered":"Bebidas comerciales"},"content":{"rendered":"\t\t<div data-elementor-type=\"wp-page\" data-elementor-id=\"13636\" class=\"elementor elementor-13636 elementor-13586\" data-elementor-post-type=\"page\">\n\t\t\t\t<div class=\"elementor-element elementor-element-edeb035 e-con-full e-flex e-con e-parent\" data-id=\"edeb035\" data-element_type=\"container\" data-e-type=\"container\" data-settings=\"{&quot;background_background&quot;:&quot;classic&quot;}\">\n\t\t\t\t<div class=\"elementor-element elementor-element-7340364 elementor-widget__width-initial elementor-widget elementor-widget-heading\" data-id=\"7340364\" data-element_type=\"widget\" data-e-type=\"widget\" data-widget_type=\"heading.default\">\n\t\t\t\t<div class=\"elementor-widget-container\">\n\t\t\t\t\t<h1 class=\"elementor-heading-title elementor-size-default\">Bebidas comerciales<\/h1>\t\t\t\t<\/div>\n\t\t\t\t<\/div>\n\t\t\t\t<div class=\"elementor-element elementor-element-3f703f4 elementor-widget__width-initial elementor-widget elementor-widget-heading\" data-id=\"3f703f4\" data-element_type=\"widget\" data-e-type=\"widget\" data-widget_type=\"heading.default\">\n\t\t\t\t<div class=\"elementor-widget-container\">\n\t\t\t\t\t<h2 class=\"elementor-heading-title elementor-size-default\">El Sistema Dispensador de Gas Nitroso est\u00e1 dise\u00f1ado para la infusi\u00f3n de nitr\u00f3geno en caf\u00e9 fr\u00edo, el vertido perfecto de cerveza y el procesado y almacenamiento de alimentos.<\/h2>\t\t\t\t<\/div>\n\t\t\t\t<\/div>\n\t\t\t\t<\/div>\n\t\t<div class=\"elementor-element elementor-element-e91363f e-flex e-con-boxed e-con e-parent\" data-id=\"e91363f\" data-element_type=\"container\" data-e-type=\"container\" data-settings=\"{&quot;background_background&quot;:&quot;classic&quot;}\">\n\t\t\t\t\t<div class=\"e-con-inner\">\n\t\t<div class=\"elementor-element elementor-element-5150f4f e-con-full e-flex e-con e-child\" data-id=\"5150f4f\" data-element_type=\"container\" data-e-type=\"container\" data-settings=\"{&quot;background_background&quot;:&quot;video&quot;,&quot;background_video_link&quot;:&quot;https:\\\/\\\/www.southteksystems.com\\\/wp-content\\\/uploads\\\/2023\\\/03\\\/production-ID_4820352.mp4&quot;,&quot;background_play_on_mobile&quot;:&quot;yes&quot;}\">\n\t\t<div class=\"elementor-background-video-container\">\n\t\t\t\t\t\t\t<video class=\"elementor-background-video-hosted\" role=\"presentation\" autoplay muted playsinline loop><\/video>\n\t\t\t\t\t<\/div><div class=\"elementor-element elementor-element-f3f5f09 e-con-full e-flex e-con e-child\" data-id=\"f3f5f09\" data-element_type=\"container\" data-e-type=\"container\">\n\t\t\t\t<div class=\"elementor-element elementor-element-892a4a5 elementor-view-default elementor-widget elementor-widget-icon\" data-id=\"892a4a5\" data-element_type=\"widget\" data-e-type=\"widget\" data-widget_type=\"icon.default\">\n\t\t\t\t<div class=\"elementor-widget-container\">\n\t\t\t\t\t\t\t<div class=\"elementor-icon-wrapper\">\n\t\t\t<div class=\"elementor-icon\">\n\t\t\t<svg xmlns=\"http:\/\/www.w3.org\/2000\/svg\" height=\"512\" viewBox=\"0 0 512 512\" width=\"512\"><g id=\"out_line\" data-name=\"out line\"><path d=\"m171.961 488.7a103.659 103.659 0 0 0 16.835-1.374c1.786-.289 3.622-.641 5.442-1.045a103.262 103.262 0 0 0 29.062-11.235c27.053-15.451 48.362-43.658 60-79.425a203.035 203.035 0 0 0 8.271-37.188c3.857.377 7.749.587 11.679.587 23.832 0 48.867-6.891 73.462-20.345 31.792-17.391 59.943-44.268 81.409-77.725 48.517-75.59 49.844-165.336 3.163-213.389a102.388 102.388 0 0 0 -27.647-20.271c-30.955-15.531-69.063-15.041-107.3 1.377-37.676 16.175-72.165 46.5-97.116 85.382a248.086 248.086 0 0 0 -19.182 36.1c-21.863-16.077-46.4-25.332-71.548-25.649a103.012 103.012 0 0 0 -23.426 2.4 99.866 99.866 0 0 0 -10.449 2.9c-32.844 10.973-59.388 38.318-74.741 77-15.13 38.1-17.984 83.936-8.039 129.051 19.678 89.315 83.6 152.849 150.125 152.849zm283.166-423.988c16.139 19.931 24.679 47.725 24.189 79.247-.556 35.916-12.866 74.4-34.66 108.351-20.024 31.209-46.174 56.22-75.622 72.329-25.084 13.721-51.387 19.966-75 17.955a239.052 239.052 0 0 0 87.91-147.286 223.685 223.685 0 0 1 64.1-121.724zm-36.019-8.412 12.308-12.017c1 .589 2.006 1.194 3 1.827a86.547 86.547 0 0 1 9.568 7.122l-9.118 8.9a239.671 239.671 0 0 0 -68.688 130.438 223.059 223.059 0 0 1 -72.97 129.923q-.324-9.708-1.457-19.543a239.189 239.189 0 0 0 63.261-124.921 222.3 222.3 0 0 1 64.096-121.729zm-176.424 66.39c44.258-68.972 118.056-104.59 173.164-85.564l-7.917 7.73a238.192 238.192 0 0 0 -68.683 130.435 223.076 223.076 0 0 1 -50.677 107.374c-.353-1.778-.718-3.557-1.11-5.336-10.605-48.132-34.258-89.2-64.513-116.609a231.16 231.16 0 0 1 19.736-38.03zm-96.5 30.979.126-12.7c25.508 2.634 51.226 16.2 73.215 38.786 25.055 25.741 43.634 61.617 52.316 101.018 8.334 37.836 7 76.866-3.749 109.9-8.229 25.281-21.66 46.215-38.582 60.535a239.064 239.064 0 0 0 -42.32-166.226 222.415 222.415 0 0 1 -41.021-129.062c0-.746 0-1.483.01-2.251zm-31.25 6.887.163-17.2c1.129-.3 2.263-.579 3.405-.83a86.949 86.949 0 0 1 11.809-1.755l-.126 12.722c-.011.814-.011 1.616-.011 2.43a238.328 238.328 0 0 0 43.956 138.3 223.134 223.134 0 0 1 39.247 157.239l-1.463 11.561a87.312 87.312 0 0 1 -15.017 6.057l1.1-8.719a240.977 240.977 0 0 0 1.9-30.155 238.346 238.346 0 0 0 -43.957-138.334 222.252 222.252 0 0 1 -41.011-131.316zm-15.9-11.219-.105 11.063a238.158 238.158 0 0 0 43.947 140.71 222.434 222.434 0 0 1 41.024 129.09 224.921 224.921 0 0 1 -1.776 28.146l-1.764 13.947c-28.477 2.7-58.094-8.694-84.035-32.5-28.455-26.115-49.359-64.251-58.862-107.384-17.643-80.027 9.193-157.444 61.571-183.072z\"><\/path><path d=\"m290.149 115.721a7.973 7.973 0 0 0 5.447-2.142c3.356-3.122 6.884-6.14 10.486-8.97a8 8 0 1 0 -9.887-12.58c-3.948 3.1-7.816 6.411-11.5 9.834a8 8 0 0 0 5.45 13.858z\"><\/path><path d=\"m249.27 164.845a7.994 7.994 0 0 0 10.724-3.6 166.483 166.483 0 0 1 18.325-28.927 8 8 0 1 0 -12.56-9.91 182.321 182.321 0 0 0 -20.091 31.714 8 8 0 0 0 3.602 10.723z\"><\/path><path d=\"m94.5 413.242a8 8 0 0 0 12.162-10.4c-2.979-3.485-5.849-7.136-8.525-10.852a8 8 0 0 0 -12.983 9.352c2.939 4.076 6.083 8.079 9.346 11.9z\"><\/path><path d=\"m114.237 433.024a182.34 182.34 0 0 0 30.847 21.4 8 8 0 1 0 7.715-14.017 166.344 166.344 0 0 1 -28.136-19.517 8 8 0 0 0 -10.426 12.136z\"><\/path><\/g><\/svg>\t\t\t<\/div>\n\t\t<\/div>\n\t\t\t\t\t\t<\/div>\n\t\t\t\t<\/div>\n\t\t\t\t<div class=\"elementor-element elementor-element-565543e elementor-widget__width-inherit elementor-widget elementor-widget-heading\" data-id=\"565543e\" data-element_type=\"widget\" data-e-type=\"widget\" data-widget_type=\"heading.default\">\n\t\t\t\t<div class=\"elementor-widget-container\">\n\t\t\t\t\t<h2 class=\"elementor-heading-title elementor-size-default\">BrewBlast<\/h2>\t\t\t\t<\/div>\n\t\t\t\t<\/div>\n\t\t\t\t<\/div>\n\t\t\t\t<div class=\"elementor-element elementor-element-163c15e elementor-widget elementor-widget-heading\" data-id=\"163c15e\" data-element_type=\"widget\" data-e-type=\"widget\" data-widget_type=\"heading.default\">\n\t\t\t\t<div class=\"elementor-widget-container\">\n\t\t\t\t\t<h2 class=\"elementor-heading-title elementor-size-default\">Mission-Critical Nitrogen\u2122 Sistema de suministro de gas nitr\u00f3geno BrewBlast\n<\/h2>\t\t\t\t<\/div>\n\t\t\t\t<\/div>\n\t\t\t\t<div class=\"elementor-element elementor-element-3fddd1f elementor-widget elementor-widget-button\" data-id=\"3fddd1f\" data-element_type=\"widget\" data-e-type=\"widget\" data-widget_type=\"button.default\">\n\t\t\t\t<div class=\"elementor-widget-container\">\n\t\t\t\t\t\t\t\t\t<div class=\"elementor-button-wrapper\">\n\t\t\t\t\t<a class=\"elementor-button elementor-button-link elementor-size-sm\" href=\"https:\/\/www.southteksystems.com\/es\/generador-de-nitrogeno-brewblast-para-cafe-helado-nitro-cold-brew\/\">\n\t\t\t\t\t\t<span class=\"elementor-button-content-wrapper\">\n\t\t\t\t\t\t\t\t\t<span class=\"elementor-button-text\">Descubre m\u00e1s<\/span>\n\t\t\t\t\t<\/span>\n\t\t\t\t\t<\/a>\n\t\t\t\t<\/div>\n\t\t\t\t\t\t\t\t<\/div>\n\t\t\t\t<\/div>\n\t\t\t\t<\/div>\n\t\t<div class=\"elementor-element elementor-element-d995c95 e-con-full e-flex e-con e-child\" data-id=\"d995c95\" data-element_type=\"container\" data-e-type=\"container\" data-settings=\"{&quot;background_background&quot;:&quot;video&quot;,&quot;background_video_link&quot;:&quot;https:\\\/\\\/www.southteksystems.com\\\/wp-content\\\/uploads\\\/2023\\\/03\\\/pexels-cottonbro-5538056.mp4&quot;,&quot;background_play_on_mobile&quot;:&quot;yes&quot;}\">\n\t\t<div class=\"elementor-background-video-container\">\n\t\t\t\t\t\t\t<video class=\"elementor-background-video-hosted\" role=\"presentation\" autoplay muted playsinline loop><\/video>\n\t\t\t\t\t<\/div><div class=\"elementor-element elementor-element-fcb2663 e-con-full e-flex e-con e-child\" data-id=\"fcb2663\" data-element_type=\"container\" data-e-type=\"container\">\n\t\t\t\t<div class=\"elementor-element elementor-element-1b5d0a0 elementor-view-default elementor-widget elementor-widget-icon\" data-id=\"1b5d0a0\" data-element_type=\"widget\" data-e-type=\"widget\" data-widget_type=\"icon.default\">\n\t\t\t\t<div class=\"elementor-widget-container\">\n\t\t\t\t\t\t\t<div class=\"elementor-icon-wrapper\">\n\t\t\t<div class=\"elementor-icon\">\n\t\t\t<svg xmlns=\"http:\/\/www.w3.org\/2000\/svg\" xmlns:xlink=\"http:\/\/www.w3.org\/1999\/xlink\" id=\"Capa_1\" x=\"0px\" y=\"0px\" viewBox=\"0 0 512 512\" style=\"enable-background:new 0 0 512 512;\" xml:space=\"preserve\"><g>\t<g>\t\t<path d=\"M286,451.29c-5.52,0-10,4.48-10,10c0,5.52,4.48,10,10,10c5.52,0,10-4.48,10-10S291.52,451.29,286,451.29z\"><\/path>\t<\/g><\/g><g>\t<g>\t\t<path d=\"M145.5,200.29c-5.523,0-10,4.477-10,10v191c0,5.523,4.477,10,10,10s10-4.477,10-10v-191   C155.5,204.767,151.023,200.29,145.5,200.29z\"><\/path>\t<\/g><\/g><g>\t<g>\t\t<path d=\"M225.5,200.29c-5.523,0-10,4.477-10,10v191c0,5.523,4.477,10,10,10s10-4.477,10-10v-191   C235.5,204.767,231.023,200.29,225.5,200.29z\"><\/path>\t<\/g><\/g><g>\t<g>\t\t<path d=\"M426.5,161h-50v-30.259c15.675-11.751,23.125-31.613,18.707-51.224c-4.133-18.39-19.313-33.398-37.768-37.345   c-9.811-2.105-19.692-1.36-28.695,2.063C319.716,30.002,303.862,21,286.5,21c-6.544,0-12.939,1.269-18.852,3.711   C250.91,8.922,228.843,0,206,0c-30.216,0-58.396,15.393-75.03,40.579C78.7,37.687,35.5,79.156,35.5,130.29v120   c0,16.542,13.682,30,30.5,30c3.689,0,7.224-0.671,10.5-1.893V462c0,27.57,22.43,50,50,50h200c27.57,0,50-22.43,50-50v-30h50   c27.57,0,50-22.43,50-50V211C476.5,183.43,454.07,161,426.5,161z M356.5,452h-30.51c-5.523,0-10,4.477-10,10s4.477,9.9,10,9.9   h28.79c-4.128,11.639-15.244,20.1-28.28,20.1h-200c-13.036,0-24.152-8.361-28.28-20h147.79c5.523,0,10-4.477,10-10   s-4.477-10-10-10H96.5V250.07v-70.564c22.463-3.391,41.914-17.538,52.14-38.505c2.086,0,3.924,0.722,5.309,2.081   c11.286,11.098,26.22,17.209,42.051,17.209c16.408,0,31.725-6.495,43.135-18.295c0.61-0.632,1.473-0.995,2.365-0.995   c15.567,0,25.753,3.325,30.277,9.881c3.729,5.405,3.726,12.915,3.723,18.95v40.459c0,13.036,8.361,24.152,20,28.28v162.72   c0,5.523,4.477,10,10,10s10-4.477,10-10V238.57c11.639-4.128,20-15.243,20-28.28v-70.464c7.005,1.398,14.154,1.407,21,0.007V452z    M330.033,116.947c-3.1-1.577-6.796-1.43-9.762,0.389c-2.965,1.818-4.772,5.046-4.772,8.524v84.43c0,5.514-4.486,10-10,10   c-5.514,0-10-4.486-10-10v-40.452c0.003-7.876,0.008-19.779-7.261-30.315C279.759,127.232,264.034,121,241.5,121   c-6.29,0-12.396,2.589-16.749,7.099c-7.602,7.862-17.813,12.191-28.751,12.191c-10.553,0-20.507-4.073-28.035-11.477   c-5.133-5.039-11.996-7.813-19.325-7.813c-7.579,0-14.623,4.397-17.946,11.202c-8.382,17.164-25.35,27.927-44.28,28.089   c-5.489,0.047-9.915,4.51-9.915,10v79.525C76.147,255.705,71.568,260.29,66,260.29c-5.691,0-10.5-4.58-10.5-10v-120   c0-38.596,31.582-69.852,70.407-69.852c3.017,0,6.05,0.192,9.081,0.581c4.045,0.519,7.998-1.471,9.993-5.026   C157.437,33.792,180.818,20,206,20c19.73,0,38.752,8.615,52.187,23.637c3.256,3.642,8.668,4.398,12.799,1.785   C275.559,42.529,280.924,41,286.5,41c12.73,0,24.108,8.061,28.313,20.057c1.023,2.92,3.341,5.203,6.277,6.181   c2.935,0.978,6.159,0.542,8.729-1.182c6.816-4.57,15.134-6.107,23.429-4.327c10.8,2.31,20.03,11.428,22.446,22.179   C381.386,109.172,355.489,129.896,330.033,116.947z M376.5,221h40v151h-40V221z M456.5,382c0,16.542-13.458,30-30,30h-50v-20h50   c5.523,0,10-4.477,10-10V211c0-5.523-4.477-10-10-10h-50v-20h50c16.542,0,30,13.458,30,30V382z\"><\/path>\t<\/g><\/g><g><\/g><g><\/g><g><\/g><g><\/g><g><\/g><g><\/g><g><\/g><g><\/g><g><\/g><g><\/g><g><\/g><g><\/g><g><\/g><g><\/g><g><\/g><\/svg>\t\t\t<\/div>\n\t\t<\/div>\n\t\t\t\t\t\t<\/div>\n\t\t\t\t<\/div>\n\t\t\t\t<div class=\"elementor-element elementor-element-e25b778 elementor-widget__width-inherit elementor-widget elementor-widget-heading\" data-id=\"e25b778\" data-element_type=\"widget\" data-e-type=\"widget\" data-widget_type=\"heading.default\">\n\t\t\t\t<div class=\"elementor-widget-container\">\n\t\t\t\t\t<h2 class=\"elementor-heading-title elementor-size-default\">R\u00e1faga de Cerveza<\/h2>\t\t\t\t<\/div>\n\t\t\t\t<\/div>\n\t\t\t\t<div class=\"elementor-element elementor-element-d4b2d44 elementor-widget elementor-widget-heading\" data-id=\"d4b2d44\" data-element_type=\"widget\" data-e-type=\"widget\" data-widget_type=\"heading.default\">\n\t\t\t\t<div class=\"elementor-widget-container\">\n\t\t\t\t\t<h2 class=\"elementor-heading-title elementor-size-default\">Sistema de suministro de gas mezclado Mission-Critical Nitrogen\u2122 BeerBlast\n<\/h2>\t\t\t\t<\/div>\n\t\t\t\t<\/div>\n\t\t\t\t<\/div>\n\t\t\t\t<div class=\"elementor-element elementor-element-4d552bb elementor-widget elementor-widget-button\" data-id=\"4d552bb\" data-element_type=\"widget\" data-e-type=\"widget\" data-widget_type=\"button.default\">\n\t\t\t\t<div class=\"elementor-widget-container\">\n\t\t\t\t\t\t\t\t\t<div class=\"elementor-button-wrapper\">\n\t\t\t\t\t<a class=\"elementor-button elementor-button-link elementor-size-sm\" href=\"https:\/\/www.southteksystems.com\/es\/sistema-de-suministro-de-gas-mixto-beerblast-para-nitrogeno-de-calidad-para-bebidas\/\">\n\t\t\t\t\t\t<span class=\"elementor-button-content-wrapper\">\n\t\t\t\t\t\t\t\t\t<span class=\"elementor-button-text\">Descubre m\u00e1s<\/span>\n\t\t\t\t\t<\/span>\n\t\t\t\t\t<\/a>\n\t\t\t\t<\/div>\n\t\t\t\t\t\t\t\t<\/div>\n\t\t\t\t<\/div>\n\t\t\t\t<\/div>\n\t\t\t\t\t<\/div>\n\t\t\t\t<\/div>\n\t\t\t\t<\/div>\n\t\t","protected":false},"excerpt":{"rendered":"<p>Bebidas comerciales El Sistema Dispensador de Gas Nitroso est\u00e1 dise\u00f1ado para la infusi\u00f3n de nitr\u00f3geno en caf\u00e9 fr\u00edo, el vertido perfecto de cerveza y el procesado y almacenamiento de alimentos. BrewBlast Mission-Critical Nitrogen\u2122 Sistema de suministro de gas nitr\u00f3geno BrewBlast Descubre m\u00e1s R\u00e1faga de Cerveza Sistema de suministro de gas mezclado Mission-Critical Nitrogen\u2122 BeerBlast Descubre [&hellip;]<\/p>\n","protected":false},"author":10,"featured_media":0,"parent":0,"menu_order":2,"comment_status":"closed","ping_status":"closed","template":"","meta":{"_jet_sm_ready_style":"","_jet_sm_style":"","_jet_sm_controls_values":"","_jet_sm_fonts_collection":"","_jet_sm_fonts_links":"","footnotes":""},"class_list":["post-13636","page","type-page","status-publish","hentry"],"yoast_head":"<!-- This site is optimized with the Yoast SEO plugin v27.0 - https:\/\/yoast.com\/product\/yoast-seo-wordpress\/ -->\n<title>Bebidas comerciales - South-Tek Systems<\/title>\n<meta name=\"robots\" content=\"index, follow, max-snippet:-1, max-image-preview:large, max-video-preview:-1\" \/>\n<link rel=\"canonical\" href=\"https:\/\/www.southteksystems.com\/es\/bebidas-comerciales\/\" \/>\n<meta property=\"og:locale\" content=\"es_ES\" \/>\n<meta property=\"og:type\" content=\"article\" \/>\n<meta property=\"og:title\" content=\"Bebidas comerciales - South-Tek Systems\" \/>\n<meta property=\"og:description\" content=\"Bebidas comerciales El Sistema Dispensador de Gas Nitroso est\u00e1 dise\u00f1ado para la infusi\u00f3n de nitr\u00f3geno en caf\u00e9 fr\u00edo, el vertido perfecto de cerveza y el procesado y almacenamiento de alimentos. BrewBlast Mission-Critical Nitrogen\u2122 Sistema de suministro de gas nitr\u00f3geno BrewBlast Descubre m\u00e1s R\u00e1faga de Cerveza Sistema de suministro de gas mezclado Mission-Critical Nitrogen\u2122 BeerBlast Descubre [&hellip;]\" \/>\n<meta property=\"og:url\" content=\"https:\/\/www.southteksystems.com\/es\/bebidas-comerciales\/\" \/>\n<meta property=\"og:site_name\" content=\"South-Tek Systems\" \/>\n<meta property=\"article:publisher\" content=\"https:\/\/www.facebook.com\/southteksystems\" \/>\n<meta property=\"article:modified_time\" content=\"2026-04-01T19:19:19+00:00\" \/>\n<meta name=\"twitter:card\" content=\"summary_large_image\" \/>\n<meta name=\"twitter:site\" content=\"@southteksystems\" \/>\n<script type=\"application\/ld+json\" class=\"yoast-schema-graph\">{\"@context\":\"https:\/\/schema.org\",\"@graph\":[{\"@type\":\"WebPage\",\"@id\":\"https:\/\/www.southteksystems.com\/es\/bebidas-comerciales\/\",\"url\":\"https:\/\/www.southteksystems.com\/es\/bebidas-comerciales\/\",\"name\":\"Bebidas comerciales - South-Tek Systems\",\"isPartOf\":{\"@id\":\"https:\/\/www.southteksystems.com\/es\/#website\"},\"datePublished\":\"2026-02-10T17:09:06+00:00\",\"dateModified\":\"2026-04-01T19:19:19+00:00\",\"breadcrumb\":{\"@id\":\"https:\/\/www.southteksystems.com\/es\/bebidas-comerciales\/#breadcrumb\"},\"inLanguage\":\"es\",\"potentialAction\":[{\"@type\":\"ReadAction\",\"target\":[\"https:\/\/www.southteksystems.com\/es\/bebidas-comerciales\/\"]}]},{\"@type\":\"BreadcrumbList\",\"@id\":\"https:\/\/www.southteksystems.com\/es\/bebidas-comerciales\/#breadcrumb\",\"itemListElement\":[{\"@type\":\"ListItem\",\"position\":1,\"name\":\"Home\",\"item\":\"https:\/\/www.southteksystems.com\/es\/\"},{\"@type\":\"ListItem\",\"position\":2,\"name\":\"Bebidas comerciales\"}]},{\"@type\":\"WebSite\",\"@id\":\"https:\/\/www.southteksystems.com\/es\/#website\",\"url\":\"https:\/\/www.southteksystems.com\/es\/\",\"name\":\"South-Tek Systems\",\"description\":\"\",\"publisher\":{\"@id\":\"https:\/\/www.southteksystems.com\/es\/#organization\"},\"potentialAction\":[{\"@type\":\"SearchAction\",\"target\":{\"@type\":\"EntryPoint\",\"urlTemplate\":\"https:\/\/www.southteksystems.com\/es\/?s={search_term_string}\"},\"query-input\":{\"@type\":\"PropertyValueSpecification\",\"valueRequired\":true,\"valueName\":\"search_term_string\"}}],\"inLanguage\":\"es\"},{\"@type\":\"Organization\",\"@id\":\"https:\/\/www.southteksystems.com\/es\/#organization\",\"name\":\"South-Tek Systems\",\"url\":\"https:\/\/www.southteksystems.com\/es\/\",\"logo\":{\"@type\":\"ImageObject\",\"inLanguage\":\"es\",\"@id\":\"https:\/\/www.southteksystems.com\/es\/#\/schema\/logo\/image\/\",\"url\":\"https:\/\/www.southteksystems.com\/wp-content\/uploads\/2023\/03\/South-Tek7-1.svg\",\"contentUrl\":\"https:\/\/www.southteksystems.com\/wp-content\/uploads\/2023\/03\/South-Tek7-1.svg\",\"width\":2150,\"height\":512,\"caption\":\"South-Tek Systems\"},\"image\":{\"@id\":\"https:\/\/www.southteksystems.com\/es\/#\/schema\/logo\/image\/\"},\"sameAs\":[\"https:\/\/www.facebook.com\/southteksystems\",\"https:\/\/x.com\/southteksystems\",\"https:\/\/www.linkedin.com\/company\/south-tek-systems\/\"]}]}<\/script>\n<!-- \/ Yoast SEO plugin. -->","yoast_head_json":{"title":"Bebidas comerciales - South-Tek Systems","robots":{"index":"index","follow":"follow","max-snippet":"max-snippet:-1","max-image-preview":"max-image-preview:large","max-video-preview":"max-video-preview:-1"},"canonical":"https:\/\/www.southteksystems.com\/es\/bebidas-comerciales\/","og_locale":"es_ES","og_type":"article","og_title":"Bebidas comerciales - South-Tek Systems","og_description":"Bebidas comerciales El Sistema Dispensador de Gas Nitroso est\u00e1 dise\u00f1ado para la infusi\u00f3n de nitr\u00f3geno en caf\u00e9 fr\u00edo, el vertido perfecto de cerveza y el procesado y almacenamiento de alimentos. BrewBlast Mission-Critical Nitrogen\u2122 Sistema de suministro de gas nitr\u00f3geno BrewBlast Descubre m\u00e1s R\u00e1faga de Cerveza Sistema de suministro de gas mezclado Mission-Critical Nitrogen\u2122 BeerBlast Descubre [&hellip;]","og_url":"https:\/\/www.southteksystems.com\/es\/bebidas-comerciales\/","og_site_name":"South-Tek Systems","article_publisher":"https:\/\/www.facebook.com\/southteksystems","article_modified_time":"2026-04-01T19:19:19+00:00","twitter_card":"summary_large_image","twitter_site":"@southteksystems","schema":{"@context":"https:\/\/schema.org","@graph":[{"@type":"WebPage","@id":"https:\/\/www.southteksystems.com\/es\/bebidas-comerciales\/","url":"https:\/\/www.southteksystems.com\/es\/bebidas-comerciales\/","name":"Bebidas comerciales - South-Tek Systems","isPartOf":{"@id":"https:\/\/www.southteksystems.com\/es\/#website"},"datePublished":"2026-02-10T17:09:06+00:00","dateModified":"2026-04-01T19:19:19+00:00","breadcrumb":{"@id":"https:\/\/www.southteksystems.com\/es\/bebidas-comerciales\/#breadcrumb"},"inLanguage":"es","potentialAction":[{"@type":"ReadAction","target":["https:\/\/www.southteksystems.com\/es\/bebidas-comerciales\/"]}]},{"@type":"BreadcrumbList","@id":"https:\/\/www.southteksystems.com\/es\/bebidas-comerciales\/#breadcrumb","itemListElement":[{"@type":"ListItem","position":1,"name":"Home","item":"https:\/\/www.southteksystems.com\/es\/"},{"@type":"ListItem","position":2,"name":"Bebidas comerciales"}]},{"@type":"WebSite","@id":"https:\/\/www.southteksystems.com\/es\/#website","url":"https:\/\/www.southteksystems.com\/es\/","name":"South-Tek Systems","description":"","publisher":{"@id":"https:\/\/www.southteksystems.com\/es\/#organization"},"potentialAction":[{"@type":"SearchAction","target":{"@type":"EntryPoint","urlTemplate":"https:\/\/www.southteksystems.com\/es\/?s={search_term_string}"},"query-input":{"@type":"PropertyValueSpecification","valueRequired":true,"valueName":"search_term_string"}}],"inLanguage":"es"},{"@type":"Organization","@id":"https:\/\/www.southteksystems.com\/es\/#organization","name":"South-Tek Systems","url":"https:\/\/www.southteksystems.com\/es\/","logo":{"@type":"ImageObject","inLanguage":"es","@id":"https:\/\/www.southteksystems.com\/es\/#\/schema\/logo\/image\/","url":"https:\/\/www.southteksystems.com\/wp-content\/uploads\/2023\/03\/South-Tek7-1.svg","contentUrl":"https:\/\/www.southteksystems.com\/wp-content\/uploads\/2023\/03\/South-Tek7-1.svg","width":2150,"height":512,"caption":"South-Tek Systems"},"image":{"@id":"https:\/\/www.southteksystems.com\/es\/#\/schema\/logo\/image\/"},"sameAs":["https:\/\/www.facebook.com\/southteksystems","https:\/\/x.com\/southteksystems","https:\/\/www.linkedin.com\/company\/south-tek-systems\/"]}]}},"_links":{"self":[{"href":"https:\/\/www.southteksystems.com\/es\/wp-json\/wp\/v2\/pages\/13636","targetHints":{"allow":["GET"]}}],"collection":[{"href":"https:\/\/www.southteksystems.com\/es\/wp-json\/wp\/v2\/pages"}],"about":[{"href":"https:\/\/www.southteksystems.com\/es\/wp-json\/wp\/v2\/types\/page"}],"author":[{"embeddable":true,"href":"https:\/\/www.southteksystems.com\/es\/wp-json\/wp\/v2\/users\/10"}],"replies":[{"embeddable":true,"href":"https:\/\/www.southteksystems.com\/es\/wp-json\/wp\/v2\/comments?post=13636"}],"version-history":[{"count":0,"href":"https:\/\/www.southteksystems.com\/es\/wp-json\/wp\/v2\/pages\/13636\/revisions"}],"wp:attachment":[{"href":"https:\/\/www.southteksystems.com\/es\/wp-json\/wp\/v2\/media?parent=13636"}],"curies":[{"name":"wp","href":"https:\/\/api.w.org\/{rel}","templated":true}]}}