{"id":13624,"date":"2026-03-30T09:06:30","date_gmt":"2026-03-30T09:06:30","guid":{"rendered":"https:\/\/www.southteksystems.com\/sistemas-de-contenedores-n2-o2-air\/"},"modified":"2026-04-03T09:22:34","modified_gmt":"2026-04-03T09:22:34","slug":"sistemas-de-contenedores-n2-o2-air","status":"publish","type":"page","link":"https:\/\/www.southteksystems.com\/es\/sistemas-de-contenedores-n2-o2-air\/","title":{"rendered":"Sistemas de contenedores (N2\/O2\/AIR)"},"content":{"rendered":"\t\t<div data-elementor-type=\"wp-page\" data-elementor-id=\"13624\" class=\"elementor elementor-13624 elementor-13623\" data-elementor-post-type=\"page\">\n\t\t\t\t<div class=\"elementor-element elementor-element-310bee9 e-con-full alternate-theme-switch e-flex e-con e-parent\" data-id=\"310bee9\" data-element_type=\"container\" data-e-type=\"container\" data-settings=\"{&quot;background_background&quot;:&quot;classic&quot;}\">\n\t\t<div class=\"elementor-element elementor-element-a564c87 e-con-full e-flex e-con e-child\" data-id=\"a564c87\" data-element_type=\"container\" data-e-type=\"container\">\n\t\t\t\t<div class=\"elementor-element elementor-element-decab7b elementor-widget-tablet__width-inherit elementor-widget elementor-widget-heading\" data-id=\"decab7b\" data-element_type=\"widget\" data-e-type=\"widget\" data-widget_type=\"heading.default\">\n\t\t\t\t<div class=\"elementor-widget-container\">\n\t\t\t\t\t<h1 class=\"elementor-heading-title elementor-size-default\">Sistemas de contenedores (N2\/O2\/AIR)<\/h1>\t\t\t\t<\/div>\n\t\t\t\t<\/div>\n\t\t\t\t<div class=\"elementor-element elementor-element-23359bd elementor-widget elementor-widget-text-editor\" data-id=\"23359bd\" data-element_type=\"widget\" data-e-type=\"widget\" data-widget_type=\"text-editor.default\">\n\t\t\t\t<div class=\"elementor-widget-container\">\n\t\t\t\t\t\t\t\t\t<p>El sistema generador de nitr\u00f3geno en contenedor CS-410 IC de South-Tek ofrece un suministro de nitr\u00f3geno fiable, a demanda y de gran pureza (hasta el 99,999%), eliminando los retrasos en la entrega de la compa\u00f1\u00eda de gas y reduciendo los costes a largo plazo hasta un 60%.<\/p>\t\t\t\t\t\t\t\t<\/div>\n\t\t\t\t<\/div>\n\t\t\t\t<\/div>\n\t\t\t\t<\/div>\n\t\t<div class=\"elementor-element elementor-element-1024a6c e-con-full e-flex e-con e-parent\" data-id=\"1024a6c\" data-element_type=\"container\" data-e-type=\"container\" data-settings=\"{&quot;background_background&quot;:&quot;classic&quot;}\">\n\t\t<div class=\"elementor-element elementor-element-31b4a46 e-flex e-con-boxed e-con e-child\" data-id=\"31b4a46\" data-element_type=\"container\" data-e-type=\"container\">\n\t\t\t\t\t<div class=\"e-con-inner\">\n\t\t\t\t<div class=\"elementor-element elementor-element-6123d08 elementor-widget__width-inherit elementor-widget-tablet__width-inherit elementor-widget elementor-widget-heading\" data-id=\"6123d08\" data-element_type=\"widget\" data-e-type=\"widget\" data-widget_type=\"heading.default\">\n\t\t\t\t<div class=\"elementor-widget-container\">\n\t\t\t\t\t<h2 class=\"elementor-heading-title elementor-size-default\">Nuestros sistemas llave en mano instalados en el exterior proporcionan una instalaci\u00f3n sencilla, una mayor eficiencia energ\u00e9tica y liberan un valioso espacio interior.<\/h2>\t\t\t\t<\/div>\n\t\t\t\t<\/div>\n\t\t\t\t\t<\/div>\n\t\t\t\t<\/div>\n\t\t\t\t<\/div>\n\t\t<div class=\"elementor-element elementor-element-d290e10 e-flex e-con-boxed e-con e-parent\" data-id=\"d290e10\" data-element_type=\"container\" data-e-type=\"container\">\n\t\t\t\t\t<div class=\"e-con-inner\">\n\t\t<div class=\"elementor-element elementor-element-8e71420 e-con-full e-flex e-con e-child\" data-id=\"8e71420\" data-element_type=\"container\" data-e-type=\"container\">\n\t\t\t\t<div class=\"elementor-element elementor-element-8465587 elementor-widget elementor-widget-heading\" data-id=\"8465587\" data-element_type=\"widget\" data-e-type=\"widget\" data-widget_type=\"heading.default\">\n\t\t\t\t<div class=\"elementor-widget-container\">\n\t\t\t\t\t<h2 class=\"elementor-heading-title elementor-size-default\">\n<sub>N2GEN<\/sub>CS-410 IC\n<\/h2>\t\t\t\t<\/div>\n\t\t\t\t<\/div>\n\t\t\t\t<div class=\"elementor-element elementor-element-8d346ad elementor-widget elementor-widget-text-editor\" data-id=\"8d346ad\" data-element_type=\"widget\" data-e-type=\"widget\" data-widget_type=\"text-editor.default\">\n\t\t\t\t<div class=\"elementor-widget-container\">\n\t\t\t\t\t\t\t\t\t<div id=\"image-text-bg\" class=\"background-first-section-first wpb_column vc_column_container vc_col-sm-8 vc_col-xs-12 vc_col-has-fill\"><div class=\"vc_column-inner vc_custom_1687769447320\"><div class=\"wpb_wrapper\"><div class=\"wpb_text_column wpb_content_element vc_custom_1695029494376\"><div class=\"wpb_wrapper\"><p><span style=\"font-weight: 400;\">Los principales factores de valor de un sistema de generaci\u00f3n de nitr\u00f3geno PSA en contenedor de South-Tek son:<\/span><\/p><ul><li style=\"font-weight: 400;\" aria-level=\"1\"><b>Fiabilidad y comodidad:<\/b><span style=\"font-weight: 400;\"> Estos sistemas ofrecen un suministro continuo de nitr\u00f3geno a demanda, eliminando la dependencia de las compa\u00f1\u00edas de gas, los horarios de entrega y la gesti\u00f3n de inventarios.<\/span><\/li><li style=\"font-weight: 400;\" aria-level=\"1\"><b>Ahorro real de costes:<\/b><span style=\"font-weight: 400;\">  Al eliminar la necesidad de nitr\u00f3geno suministrado y las cuotas de alquiler, los usuarios de N2 pueden reducir enormemente los costes de explotaci\u00f3n. La alta eficiencia del sistema es el resultado de c\u00f3mo configuramos el compresor, el generador y otros componentes. <\/span><\/li><li style=\"font-weight: 400;\" aria-level=\"1\"><b>Optimizaci\u00f3n del espacio y movilidad<\/b><span style=\"font-weight: 400;\">: Al estar alojada en un contenedor, la unidad puede instalarse en el exterior o en lugares remotos, ahorrando un valioso espacio de suelo interior.<\/span><\/li><li style=\"font-weight: 400;\" aria-level=\"1\"><b>La seguridad:<\/b><span style=\"font-weight: 400;\"> Nuestros sistemas eliminan los peligros relacionados con la manipulaci\u00f3n de botellas de gas a alta presi\u00f3n.<\/span><\/li><li style=\"font-weight: 400;\" aria-level=\"1\"><b>Pureza de N2 personalizable:<\/b><span style=\"font-weight: 400;\"> Los sistemas pueden configurarse para producir nitr\u00f3geno con niveles de pureza espec\u00edficos (del 95% al 99,999%) para satisfacer los requisitos cr\u00edticos de pureza del N2 de aplicaciones como el corte por l\u00e1ser, la fabricaci\u00f3n de alimentos y bebidas, la producci\u00f3n de componentes el\u00e9ctricos y otros usos industriales.<\/span><\/li><li aria-level=\"1\"><b>Sostenibilidad:<\/b><span> La generaci\u00f3n de N2 in situ reduce la huella de carbono al eliminar la necesidad de transportar el nitr\u00f3geno en cami\u00f3n.<\/span><\/li><\/ul><\/div><\/div><\/div><\/div><\/div>\t\t\t\t\t\t\t\t<\/div>\n\t\t\t\t<\/div>\n\t\t\t\t<div class=\"elementor-element elementor-element-8b5bbb0 elementor-mobile-align-center elementor-align-left elementor-widget elementor-widget-button\" data-id=\"8b5bbb0\" data-element_type=\"widget\" data-e-type=\"widget\" data-widget_type=\"button.default\">\n\t\t\t\t<div class=\"elementor-widget-container\">\n\t\t\t\t\t\t\t\t\t<div class=\"elementor-button-wrapper\">\n\t\t\t\t\t<a class=\"elementor-button elementor-button-link elementor-size-sm\" href=\"https:\/\/www.southteksystems.com\/wp-content\/uploads\/2026\/03\/Containerized-N2GEN-CS-410-IC.pdf\">\n\t\t\t\t\t\t<span class=\"elementor-button-content-wrapper\">\n\t\t\t\t\t\t\t\t\t<span class=\"elementor-button-text\">Descargar Hoja de Venta<\/span>\n\t\t\t\t\t<\/span>\n\t\t\t\t\t<\/a>\n\t\t\t\t<\/div>\n\t\t\t\t\t\t\t\t<\/div>\n\t\t\t\t<\/div>\n\t\t\t\t<\/div>\n\t\t<div class=\"elementor-element elementor-element-e948fe5 e-con-full e-flex e-con e-child\" data-id=\"e948fe5\" data-element_type=\"container\" data-e-type=\"container\" data-settings=\"{&quot;background_background&quot;:&quot;classic&quot;}\">\n\t\t\t\t<div class=\"elementor-element elementor-element-5f3f460 elementor-widget elementor-widget-image\" data-id=\"5f3f460\" data-element_type=\"widget\" data-e-type=\"widget\" data-widget_type=\"image.default\">\n\t\t\t\t<div class=\"elementor-widget-container\">\n\t\t\t\t\t\t\t\t\t\t\t\t\t\t\t<img fetchpriority=\"high\" decoding=\"async\" width=\"600\" height=\"800\" src=\"https:\/\/www.southteksystems.com\/wp-content\/uploads\/2026\/04\/For-STS-Website-N2GEN-CS-140-IC.png\" class=\"attachment-full size-full wp-image-13657\" alt=\"\" srcset=\"https:\/\/www.southteksystems.com\/wp-content\/uploads\/2026\/04\/For-STS-Website-N2GEN-CS-140-IC.png 600w, https:\/\/www.southteksystems.com\/wp-content\/uploads\/2026\/04\/For-STS-Website-N2GEN-CS-140-IC-225x300.png 225w\" sizes=\"(max-width: 600px) 100vw, 600px\" \/>\t\t\t\t\t\t\t\t\t\t\t\t\t\t\t<\/div>\n\t\t\t\t<\/div>\n\t\t\t\t<\/div>\n\t\t\t\t\t<\/div>\n\t\t\t\t<\/div>\n\t\t\t\t<\/div>\n\t\t","protected":false},"excerpt":{"rendered":"<p>Sistemas de contenedores (N2\/O2\/AIR) El sistema generador de nitr\u00f3geno en contenedor CS-410 IC de South-Tek ofrece un suministro de nitr\u00f3geno fiable, a demanda y de gran pureza (hasta el 99,999%), eliminando los retrasos en la entrega de la compa\u00f1\u00eda de gas y reduciendo los costes a largo plazo hasta un 60%. Nuestros sistemas llave en [&hellip;]<\/p>\n","protected":false},"author":10,"featured_media":0,"parent":0,"menu_order":0,"comment_status":"closed","ping_status":"closed","template":"","meta":{"_jet_sm_ready_style":"","_jet_sm_style":"","_jet_sm_controls_values":"","_jet_sm_fonts_collection":"","_jet_sm_fonts_links":"","footnotes":""},"class_list":["post-13624","page","type-page","status-publish","hentry"],"yoast_head":"<!-- This site is optimized with the Yoast SEO plugin v27.4 - https:\/\/yoast.com\/product\/yoast-seo-wordpress\/ -->\n<title>Sistemas de contenedores (N2\/O2\/AIR) - South-Tek Systems<\/title>\n<meta name=\"robots\" content=\"index, follow, max-snippet:-1, max-image-preview:large, max-video-preview:-1\" \/>\n<link rel=\"canonical\" href=\"https:\/\/www.southteksystems.com\/es\/sistemas-de-contenedores-n2-o2-air\/\" \/>\n<meta property=\"og:locale\" content=\"es_ES\" \/>\n<meta property=\"og:type\" content=\"article\" \/>\n<meta property=\"og:title\" content=\"Sistemas de contenedores (N2\/O2\/AIR) - South-Tek Systems\" \/>\n<meta property=\"og:description\" content=\"Sistemas de contenedores (N2\/O2\/AIR) El sistema generador de nitr\u00f3geno en contenedor CS-410 IC de South-Tek ofrece un suministro de nitr\u00f3geno fiable, a demanda y de gran pureza (hasta el 99,999%), eliminando los retrasos en la entrega de la compa\u00f1\u00eda de gas y reduciendo los costes a largo plazo hasta un 60%. Nuestros sistemas llave en [&hellip;]\" \/>\n<meta property=\"og:url\" content=\"https:\/\/www.southteksystems.com\/es\/sistemas-de-contenedores-n2-o2-air\/\" \/>\n<meta property=\"og:site_name\" content=\"South-Tek Systems\" \/>\n<meta property=\"article:publisher\" content=\"https:\/\/www.facebook.com\/southteksystems\" \/>\n<meta property=\"article:modified_time\" content=\"2026-04-03T09:22:34+00:00\" \/>\n<meta property=\"og:image\" content=\"https:\/\/www.southteksystems.com\/wp-content\/uploads\/2026\/04\/For-STS-Website-N2GEN-CS-140-IC.png\" \/>\n\t<meta property=\"og:image:width\" content=\"600\" \/>\n\t<meta property=\"og:image:height\" content=\"800\" \/>\n\t<meta property=\"og:image:type\" content=\"image\/png\" \/>\n<meta name=\"twitter:card\" content=\"summary_large_image\" \/>\n<meta name=\"twitter:site\" content=\"@southteksystems\" \/>\n<meta name=\"twitter:label1\" content=\"Tiempo de lectura\" \/>\n\t<meta name=\"twitter:data1\" content=\"2 minutos\" \/>\n<script type=\"application\/ld+json\" class=\"yoast-schema-graph\">{\"@context\":\"https:\\\/\\\/schema.org\",\"@graph\":[{\"@type\":\"WebPage\",\"@id\":\"https:\\\/\\\/www.southteksystems.com\\\/es\\\/sistemas-de-contenedores-n2-o2-air\\\/\",\"url\":\"https:\\\/\\\/www.southteksystems.com\\\/es\\\/sistemas-de-contenedores-n2-o2-air\\\/\",\"name\":\"Sistemas de contenedores (N2\\\/O2\\\/AIR) - South-Tek Systems\",\"isPartOf\":{\"@id\":\"https:\\\/\\\/www.southteksystems.com\\\/es\\\/#website\"},\"primaryImageOfPage\":{\"@id\":\"https:\\\/\\\/www.southteksystems.com\\\/es\\\/sistemas-de-contenedores-n2-o2-air\\\/#primaryimage\"},\"image\":{\"@id\":\"https:\\\/\\\/www.southteksystems.com\\\/es\\\/sistemas-de-contenedores-n2-o2-air\\\/#primaryimage\"},\"thumbnailUrl\":\"https:\\\/\\\/www.southteksystems.com\\\/wp-content\\\/uploads\\\/2026\\\/04\\\/For-STS-Website-N2GEN-CS-140-IC.png\",\"datePublished\":\"2026-03-30T09:06:30+00:00\",\"dateModified\":\"2026-04-03T09:22:34+00:00\",\"breadcrumb\":{\"@id\":\"https:\\\/\\\/www.southteksystems.com\\\/es\\\/sistemas-de-contenedores-n2-o2-air\\\/#breadcrumb\"},\"inLanguage\":\"es\",\"potentialAction\":[{\"@type\":\"ReadAction\",\"target\":[\"https:\\\/\\\/www.southteksystems.com\\\/es\\\/sistemas-de-contenedores-n2-o2-air\\\/\"]}]},{\"@type\":\"ImageObject\",\"inLanguage\":\"es\",\"@id\":\"https:\\\/\\\/www.southteksystems.com\\\/es\\\/sistemas-de-contenedores-n2-o2-air\\\/#primaryimage\",\"url\":\"https:\\\/\\\/www.southteksystems.com\\\/wp-content\\\/uploads\\\/2026\\\/04\\\/For-STS-Website-N2GEN-CS-140-IC.png\",\"contentUrl\":\"https:\\\/\\\/www.southteksystems.com\\\/wp-content\\\/uploads\\\/2026\\\/04\\\/For-STS-Website-N2GEN-CS-140-IC.png\"},{\"@type\":\"BreadcrumbList\",\"@id\":\"https:\\\/\\\/www.southteksystems.com\\\/es\\\/sistemas-de-contenedores-n2-o2-air\\\/#breadcrumb\",\"itemListElement\":[{\"@type\":\"ListItem\",\"position\":1,\"name\":\"Home\",\"item\":\"https:\\\/\\\/www.southteksystems.com\\\/es\\\/\"},{\"@type\":\"ListItem\",\"position\":2,\"name\":\"Sistemas de contenedores (N2\\\/O2\\\/AIR)\"}]},{\"@type\":\"WebSite\",\"@id\":\"https:\\\/\\\/www.southteksystems.com\\\/es\\\/#website\",\"url\":\"https:\\\/\\\/www.southteksystems.com\\\/es\\\/\",\"name\":\"South-Tek Systems\",\"description\":\"\",\"publisher\":{\"@id\":\"https:\\\/\\\/www.southteksystems.com\\\/es\\\/#organization\"},\"potentialAction\":[{\"@type\":\"SearchAction\",\"target\":{\"@type\":\"EntryPoint\",\"urlTemplate\":\"https:\\\/\\\/www.southteksystems.com\\\/es\\\/?s={search_term_string}\"},\"query-input\":{\"@type\":\"PropertyValueSpecification\",\"valueRequired\":true,\"valueName\":\"search_term_string\"}}],\"inLanguage\":\"es\"},{\"@type\":\"Organization\",\"@id\":\"https:\\\/\\\/www.southteksystems.com\\\/es\\\/#organization\",\"name\":\"South-Tek Systems\",\"url\":\"https:\\\/\\\/www.southteksystems.com\\\/es\\\/\",\"logo\":{\"@type\":\"ImageObject\",\"inLanguage\":\"es\",\"@id\":\"https:\\\/\\\/www.southteksystems.com\\\/es\\\/#\\\/schema\\\/logo\\\/image\\\/\",\"url\":\"https:\\\/\\\/www.southteksystems.com\\\/wp-content\\\/uploads\\\/2023\\\/03\\\/South-Tek7-1.svg\",\"contentUrl\":\"https:\\\/\\\/www.southteksystems.com\\\/wp-content\\\/uploads\\\/2023\\\/03\\\/South-Tek7-1.svg\",\"width\":2150,\"height\":512,\"caption\":\"South-Tek Systems\"},\"image\":{\"@id\":\"https:\\\/\\\/www.southteksystems.com\\\/es\\\/#\\\/schema\\\/logo\\\/image\\\/\"},\"sameAs\":[\"https:\\\/\\\/www.facebook.com\\\/southteksystems\",\"https:\\\/\\\/x.com\\\/southteksystems\",\"https:\\\/\\\/www.linkedin.com\\\/company\\\/south-tek-systems\\\/\"]}]}<\/script>\n<!-- \/ Yoast SEO plugin. -->","yoast_head_json":{"title":"Sistemas de contenedores (N2\/O2\/AIR) - South-Tek Systems","robots":{"index":"index","follow":"follow","max-snippet":"max-snippet:-1","max-image-preview":"max-image-preview:large","max-video-preview":"max-video-preview:-1"},"canonical":"https:\/\/www.southteksystems.com\/es\/sistemas-de-contenedores-n2-o2-air\/","og_locale":"es_ES","og_type":"article","og_title":"Sistemas de contenedores (N2\/O2\/AIR) - South-Tek Systems","og_description":"Sistemas de contenedores (N2\/O2\/AIR) El sistema generador de nitr\u00f3geno en contenedor CS-410 IC de South-Tek ofrece un suministro de nitr\u00f3geno fiable, a demanda y de gran pureza (hasta el 99,999%), eliminando los retrasos en la entrega de la compa\u00f1\u00eda de gas y reduciendo los costes a largo plazo hasta un 60%. Nuestros sistemas llave en [&hellip;]","og_url":"https:\/\/www.southteksystems.com\/es\/sistemas-de-contenedores-n2-o2-air\/","og_site_name":"South-Tek Systems","article_publisher":"https:\/\/www.facebook.com\/southteksystems","article_modified_time":"2026-04-03T09:22:34+00:00","og_image":[{"width":600,"height":800,"url":"https:\/\/www.southteksystems.com\/wp-content\/uploads\/2026\/04\/For-STS-Website-N2GEN-CS-140-IC.png","type":"image\/png"}],"twitter_card":"summary_large_image","twitter_site":"@southteksystems","twitter_misc":{"Tiempo de lectura":"2 minutos"},"schema":{"@context":"https:\/\/schema.org","@graph":[{"@type":"WebPage","@id":"https:\/\/www.southteksystems.com\/es\/sistemas-de-contenedores-n2-o2-air\/","url":"https:\/\/www.southteksystems.com\/es\/sistemas-de-contenedores-n2-o2-air\/","name":"Sistemas de contenedores (N2\/O2\/AIR) - South-Tek Systems","isPartOf":{"@id":"https:\/\/www.southteksystems.com\/es\/#website"},"primaryImageOfPage":{"@id":"https:\/\/www.southteksystems.com\/es\/sistemas-de-contenedores-n2-o2-air\/#primaryimage"},"image":{"@id":"https:\/\/www.southteksystems.com\/es\/sistemas-de-contenedores-n2-o2-air\/#primaryimage"},"thumbnailUrl":"https:\/\/www.southteksystems.com\/wp-content\/uploads\/2026\/04\/For-STS-Website-N2GEN-CS-140-IC.png","datePublished":"2026-03-30T09:06:30+00:00","dateModified":"2026-04-03T09:22:34+00:00","breadcrumb":{"@id":"https:\/\/www.southteksystems.com\/es\/sistemas-de-contenedores-n2-o2-air\/#breadcrumb"},"inLanguage":"es","potentialAction":[{"@type":"ReadAction","target":["https:\/\/www.southteksystems.com\/es\/sistemas-de-contenedores-n2-o2-air\/"]}]},{"@type":"ImageObject","inLanguage":"es","@id":"https:\/\/www.southteksystems.com\/es\/sistemas-de-contenedores-n2-o2-air\/#primaryimage","url":"https:\/\/www.southteksystems.com\/wp-content\/uploads\/2026\/04\/For-STS-Website-N2GEN-CS-140-IC.png","contentUrl":"https:\/\/www.southteksystems.com\/wp-content\/uploads\/2026\/04\/For-STS-Website-N2GEN-CS-140-IC.png"},{"@type":"BreadcrumbList","@id":"https:\/\/www.southteksystems.com\/es\/sistemas-de-contenedores-n2-o2-air\/#breadcrumb","itemListElement":[{"@type":"ListItem","position":1,"name":"Home","item":"https:\/\/www.southteksystems.com\/es\/"},{"@type":"ListItem","position":2,"name":"Sistemas de contenedores (N2\/O2\/AIR)"}]},{"@type":"WebSite","@id":"https:\/\/www.southteksystems.com\/es\/#website","url":"https:\/\/www.southteksystems.com\/es\/","name":"South-Tek Systems","description":"","publisher":{"@id":"https:\/\/www.southteksystems.com\/es\/#organization"},"potentialAction":[{"@type":"SearchAction","target":{"@type":"EntryPoint","urlTemplate":"https:\/\/www.southteksystems.com\/es\/?s={search_term_string}"},"query-input":{"@type":"PropertyValueSpecification","valueRequired":true,"valueName":"search_term_string"}}],"inLanguage":"es"},{"@type":"Organization","@id":"https:\/\/www.southteksystems.com\/es\/#organization","name":"South-Tek Systems","url":"https:\/\/www.southteksystems.com\/es\/","logo":{"@type":"ImageObject","inLanguage":"es","@id":"https:\/\/www.southteksystems.com\/es\/#\/schema\/logo\/image\/","url":"https:\/\/www.southteksystems.com\/wp-content\/uploads\/2023\/03\/South-Tek7-1.svg","contentUrl":"https:\/\/www.southteksystems.com\/wp-content\/uploads\/2023\/03\/South-Tek7-1.svg","width":2150,"height":512,"caption":"South-Tek Systems"},"image":{"@id":"https:\/\/www.southteksystems.com\/es\/#\/schema\/logo\/image\/"},"sameAs":["https:\/\/www.facebook.com\/southteksystems","https:\/\/x.com\/southteksystems","https:\/\/www.linkedin.com\/company\/south-tek-systems\/"]}]}},"_links":{"self":[{"href":"https:\/\/www.southteksystems.com\/es\/wp-json\/wp\/v2\/pages\/13624","targetHints":{"allow":["GET"]}}],"collection":[{"href":"https:\/\/www.southteksystems.com\/es\/wp-json\/wp\/v2\/pages"}],"about":[{"href":"https:\/\/www.southteksystems.com\/es\/wp-json\/wp\/v2\/types\/page"}],"author":[{"embeddable":true,"href":"https:\/\/www.southteksystems.com\/es\/wp-json\/wp\/v2\/users\/10"}],"replies":[{"embeddable":true,"href":"https:\/\/www.southteksystems.com\/es\/wp-json\/wp\/v2\/comments?post=13624"}],"version-history":[{"count":0,"href":"https:\/\/www.southteksystems.com\/es\/wp-json\/wp\/v2\/pages\/13624\/revisions"}],"wp:attachment":[{"href":"https:\/\/www.southteksystems.com\/es\/wp-json\/wp\/v2\/media?parent=13624"}],"curies":[{"name":"wp","href":"https:\/\/api.w.org\/{rel}","templated":true}]}}