{"id":13325,"date":"2025-04-22T19:38:16","date_gmt":"2025-04-22T19:38:16","guid":{"rendered":"https:\/\/www.southteksystems.com\/que-son-los-generadores-de-nitrogeno-y-como-pueden-impulsar-tu-negocio-sistemas-south-tek\/"},"modified":"2026-01-13T17:33:20","modified_gmt":"2026-01-13T17:33:20","slug":"que-son-los-generadores-de-nitrogeno-y-como-pueden-impulsar-tu-negocio-sistemas-south-tek","status":"publish","type":"page","link":"https:\/\/www.southteksystems.com\/es\/que-son-los-generadores-de-nitrogeno-y-como-pueden-impulsar-tu-negocio-sistemas-south-tek\/","title":{"rendered":"\u00bfQu\u00e9 son los generadores de nitr\u00f3geno y c\u00f3mo pueden impulsar tu negocio? &#8211; Sistemas South-Tek"},"content":{"rendered":"\t\t<div data-elementor-type=\"wp-page\" data-elementor-id=\"13325\" class=\"elementor elementor-13325 elementor-11010\" data-elementor-post-type=\"page\">\n\t\t\t\t<div class=\"elementor-element elementor-element-1b28f2d1 e-con-full alternate-theme-switch e-flex e-con e-parent\" data-id=\"1b28f2d1\" data-element_type=\"container\" data-e-type=\"container\" data-settings=\"{&quot;background_background&quot;:&quot;classic&quot;}\">\n\t\t<div class=\"elementor-element elementor-element-2439035f e-con-full e-flex e-con e-child\" data-id=\"2439035f\" data-element_type=\"container\" data-e-type=\"container\">\n\t\t\t\t<div class=\"elementor-element elementor-element-31dcdecd elementor-widget elementor-widget-heading\" data-id=\"31dcdecd\" data-element_type=\"widget\" data-e-type=\"widget\" data-widget_type=\"heading.default\">\n\t\t\t\t<div class=\"elementor-widget-container\">\n\t\t\t\t\t<h1 class=\"elementor-heading-title elementor-size-default\">\u00bfQu\u00e9 son los generadores de nitr\u00f3geno y c\u00f3mo pueden impulsar tu negocio?<\/h1>\t\t\t\t<\/div>\n\t\t\t\t<\/div>\n\t\t\t\t<div class=\"elementor-element elementor-element-f34993f elementor-widget__width-initial elementor-widget elementor-widget-text-editor\" data-id=\"f34993f\" data-element_type=\"widget\" data-e-type=\"widget\" data-widget_type=\"text-editor.default\">\n\t\t\t\t<div class=\"elementor-widget-container\">\n\t\t\t\t\t\t\t\t\t<p>En esencia, los generadores de nitr\u00f3geno son m\u00e1quinas estacionarias de producci\u00f3n de nitr\u00f3geno que pueden satisfacer las necesidades de nitr\u00f3geno de tu empresa a largo plazo. En esta entrada del blog, te explicaremos los conceptos b\u00e1sicos de los generadores de nitr\u00f3geno, c\u00f3mo funcionan y c\u00f3mo podr\u00edan ayudar a tu empresa. <\/p>\n\t\t\t\t\t\t\t\t<\/div>\n\t\t\t\t<\/div>\n\t\t\t\t<\/div>\n\t\t\t\t<\/div>\n\t\t<div class=\"elementor-element elementor-element-1f221575 e-flex e-con-boxed e-con e-parent\" data-id=\"1f221575\" data-element_type=\"container\" data-e-type=\"container\" data-settings=\"{&quot;background_background&quot;:&quot;classic&quot;}\">\n\t\t\t\t\t<div class=\"e-con-inner\">\n\t\t<div class=\"elementor-element elementor-element-6a141f89 e-con-full e-flex e-con e-child\" data-id=\"6a141f89\" data-element_type=\"container\" data-e-type=\"container\">\n\t\t<div class=\"elementor-element elementor-element-683d3863 e-con-full e-flex e-con e-child\" data-id=\"683d3863\" data-element_type=\"container\" data-e-type=\"container\">\n\t\t\t\t<div class=\"elementor-element elementor-element-11c0426 elementor-widget elementor-widget-image\" data-id=\"11c0426\" data-element_type=\"widget\" data-e-type=\"widget\" data-widget_type=\"image.default\">\n\t\t\t\t<div class=\"elementor-widget-container\">\n\t\t\t\t\t\t\t\t\t\t\t\t\t\t\t<img fetchpriority=\"high\" decoding=\"async\" width=\"1080\" height=\"1080\" src=\"https:\/\/www.southteksystems.com\/wp-content\/uploads\/2025\/05\/Nitrogen-Blue-Icon.png\" class=\"attachment-full size-full wp-image-11502\" alt=\"\" srcset=\"https:\/\/www.southteksystems.com\/wp-content\/uploads\/2025\/05\/Nitrogen-Blue-Icon.png 1080w, https:\/\/www.southteksystems.com\/wp-content\/uploads\/2025\/05\/Nitrogen-Blue-Icon-300x300.png 300w, https:\/\/www.southteksystems.com\/wp-content\/uploads\/2025\/05\/Nitrogen-Blue-Icon-1024x1024.png 1024w, https:\/\/www.southteksystems.com\/wp-content\/uploads\/2025\/05\/Nitrogen-Blue-Icon-150x150.png 150w, https:\/\/www.southteksystems.com\/wp-content\/uploads\/2025\/05\/Nitrogen-Blue-Icon-768x768.png 768w\" sizes=\"(max-width: 1080px) 100vw, 1080px\" \/>\t\t\t\t\t\t\t\t\t\t\t\t\t\t\t<\/div>\n\t\t\t\t<\/div>\n\t\t\t\t<div class=\"elementor-element elementor-element-33079e6e elementor-widget__width-initial elementor-widget-mobile__width-inherit elementor-widget-tablet__width-initial elementor-widget elementor-widget-heading\" data-id=\"33079e6e\" data-element_type=\"widget\" data-e-type=\"widget\" data-widget_type=\"heading.default\">\n\t\t\t\t<div class=\"elementor-widget-container\">\n\t\t\t\t\t<h2 class=\"elementor-heading-title elementor-size-default\">Dos tipos de generadores de nitr\u00f3geno: Adsorci\u00f3n por cambio de presi\u00f3n y Filtraci\u00f3n por membrana  \n<\/h2>\t\t\t\t<\/div>\n\t\t\t\t<\/div>\n\t\t\t\t<\/div>\n\t\t<div class=\"elementor-element elementor-element-60ac8ca4 e-con-full e-flex e-con e-child\" data-id=\"60ac8ca4\" data-element_type=\"container\" data-e-type=\"container\">\n\t\t\t\t<div class=\"elementor-element elementor-element-403def97 elementor-widget__width-initial elementor-widget elementor-widget-text-editor\" data-id=\"403def97\" data-element_type=\"widget\" data-e-type=\"widget\" data-widget_type=\"text-editor.default\">\n\t\t\t\t<div class=\"elementor-widget-container\">\n\t\t\t\t\t\t\t\t\t<p>Los generadores de Absorci\u00f3n por Oscilaci\u00f3n de Presi\u00f3n (PSA) separan el gas nitr\u00f3geno puro del aire que respiramos mediante un material de tamiz molecular de carbono alojado dentro de un recipiente. La presi\u00f3n dentro de este recipiente \u00aboscila\u00bb de normal a muy alta. Mientras la presi\u00f3n en el recipiente es alta, el tamiz captura el ox\u00edgeno, el di\u00f3xido de carbono y el mon\u00f3xido de carbono, dejando el nitr\u00f3geno. A continuaci\u00f3n, la presi\u00f3n del recipiente vuelve a la normalidad y est\u00e1 lista para introducir aire nuevo.   <\/p>\n<p>Esta variedad de generador se utiliza in situ en diversas industrias, desde el envasado de alimentos hasta el corte por l\u00e1ser y la soldadura. Los generadores PSA ofrecen un flujo constante de nitr\u00f3geno directamente a tu planta de producci\u00f3n, con una alta pureza de hasta el 99,9995%. <\/p>\n<p>Los generadores de nitr\u00f3geno basados en la tecnolog\u00eda de filtraci\u00f3n por membrana tambi\u00e9n separan el nitr\u00f3geno del aire que nos rodea, pero tienen un m\u00e9todo completamente distinto para hacerlo. Esta tecnolog\u00eda funciona cuando el aire se comprime en un recipiente y se hace pasar a trav\u00e9s de una membrana. La membrana filtra el ox\u00edgeno, el vapor de agua y otras impurezas por sus paredes laterales, permitiendo que s\u00f3lo fluya el nitr\u00f3geno. A continuaci\u00f3n, el nitr\u00f3geno se recoge en un dep\u00f3sito, listo para la acci\u00f3n.     <\/p>\n<p>Esta soluci\u00f3n m\u00e1s rentable suministra nitr\u00f3geno con una pureza de hasta el 99,5% y se utiliza en aplicaciones como laboratorios, procesos neum\u00e1ticos e industrias del petr\u00f3leo y el gas.<\/p>\n\t\t\t\t\t\t\t\t<\/div>\n\t\t\t\t<\/div>\n\t\t\t\t<div class=\"elementor-element elementor-element-3ebf92cc elementor-mobile-align-center elementor-widget elementor-widget-button\" data-id=\"3ebf92cc\" data-element_type=\"widget\" data-e-type=\"widget\" data-widget_type=\"button.default\">\n\t\t\t\t<div class=\"elementor-widget-container\">\n\t\t\t\t\t\t\t\t\t<div class=\"elementor-button-wrapper\">\n\t\t\t\t\t<a class=\"elementor-button elementor-button-link elementor-size-sm\" href=\"https:\/\/www.southteksystems.com\/es\/contacte-con-nosotros\/\">\n\t\t\t\t\t\t<span class=\"elementor-button-content-wrapper\">\n\t\t\t\t\t\t\t\t\t<span class=\"elementor-button-text\">Saber m\u00e1s  <\/span>\n\t\t\t\t\t<\/span>\n\t\t\t\t\t<\/a>\n\t\t\t\t<\/div>\n\t\t\t\t\t\t\t\t<\/div>\n\t\t\t\t<\/div>\n\t\t\t\t<\/div>\n\t\t\t\t<\/div>\n\t\t\t\t\t<\/div>\n\t\t\t\t<\/div>\n\t\t<div class=\"elementor-element elementor-element-305c1562 e-flex e-con-boxed e-con e-parent\" data-id=\"305c1562\" data-element_type=\"container\" data-e-type=\"container\">\n\t\t\t\t\t<div class=\"e-con-inner\">\n\t\t<div class=\"elementor-element elementor-element-6330e96b e-con-full e-flex e-con e-child\" data-id=\"6330e96b\" data-element_type=\"container\" data-e-type=\"container\" data-settings=\"{&quot;background_background&quot;:&quot;classic&quot;}\">\n\t\t\t\t<div class=\"elementor-element elementor-element-c0181b4 elementor-widget elementor-widget-heading\" data-id=\"c0181b4\" data-element_type=\"widget\" data-e-type=\"widget\" data-widget_type=\"heading.default\">\n\t\t\t\t<div class=\"elementor-widget-container\">\n\t\t\t\t\t<h4 class=\"elementor-heading-title elementor-size-default\">Ventajas de un generador de nitr\u00f3geno South-Tek\n<\/h4>\t\t\t\t<\/div>\n\t\t\t\t<\/div>\n\t\t\t\t<div class=\"elementor-element elementor-element-171c60da elementor-widget elementor-widget-text-editor\" data-id=\"171c60da\" data-element_type=\"widget\" data-e-type=\"widget\" data-widget_type=\"text-editor.default\">\n\t\t\t\t<div class=\"elementor-widget-container\">\n\t\t\t\t\t\t\t\t\t<p>Generar nitr\u00f3geno in situ elimina la dependencia de proveedores de tanques de nitr\u00f3geno poco fiables. Te ahorra tiempo, dolores de cabeza y dinero a largo plazo. Con un generador de nitr\u00f3geno s\u00f3lo pagas la m\u00e1quina y la electricidad para hacerla funcionar. Los generadores de nitr\u00f3geno tambi\u00e9n son m\u00e1s eficientes que los suministros. Con los proveedores tradicionales puedes desperdiciar gas sobrante, pero los generadores producen s\u00f3lo lo que necesitas cuando lo necesitas.    <\/p>\n<p><a href=\"https:\/\/www.southteksystems.com\/es\/contacte-con-nosotros\/\">Ponte en contacto con South-Tek hoy mismo<\/a> y averigua qu\u00e9 tipo de generador de nitr\u00f3geno se adapta mejor a tu negocio.<\/p>\n\t\t\t\t\t\t\t\t<\/div>\n\t\t\t\t<\/div>\n\t\t\t\t<\/div>\n\t\t\t\t\t<\/div>\n\t\t\t\t<\/div>\n\t\t\t\t<\/div>\n\t\t","protected":false},"excerpt":{"rendered":"<p>\u00bfQu\u00e9 son los generadores de nitr\u00f3geno y c\u00f3mo pueden impulsar tu negocio? En esencia, los generadores de nitr\u00f3geno son m\u00e1quinas estacionarias de producci\u00f3n de nitr\u00f3geno que pueden satisfacer las necesidades de nitr\u00f3geno de tu empresa a largo plazo. En esta entrada del blog, te explicaremos los conceptos b\u00e1sicos de los generadores de nitr\u00f3geno, c\u00f3mo funcionan [&hellip;]<\/p>\n","protected":false},"author":10,"featured_media":0,"parent":0,"menu_order":0,"comment_status":"closed","ping_status":"closed","template":"","meta":{"_jet_sm_ready_style":"","_jet_sm_style":"","_jet_sm_controls_values":"","_jet_sm_fonts_collection":"","_jet_sm_fonts_links":"","footnotes":""},"class_list":["post-13325","page","type-page","status-publish","hentry"],"yoast_head":"<!-- This site is optimized with the Yoast SEO plugin v27.4 - https:\/\/yoast.com\/product\/yoast-seo-wordpress\/ -->\n<title>\u00bfQu\u00e9 son los generadores de nitr\u00f3geno y c\u00f3mo pueden impulsar tu negocio? - Sistemas South-Tek - South-Tek Systems<\/title>\n<meta name=\"description\" content=\"En esencia, los generadores de nitr\u00f3geno son m\u00e1quinas estacionarias de producci\u00f3n de nitr\u00f3geno que pueden satisfacer las necesidades de nitr\u00f3geno de tu empresa a largo plazo. En\" \/>\n<meta name=\"robots\" content=\"index, follow, max-snippet:-1, max-image-preview:large, max-video-preview:-1\" \/>\n<link rel=\"canonical\" href=\"https:\/\/www.southteksystems.com\/es\/que-son-los-generadores-de-nitrogeno-y-como-pueden-impulsar-tu-negocio-sistemas-south-tek\/\" \/>\n<meta property=\"og:locale\" content=\"es_ES\" \/>\n<meta property=\"og:type\" content=\"article\" \/>\n<meta property=\"og:title\" content=\"\u00bfQu\u00e9 son los generadores de nitr\u00f3geno y c\u00f3mo pueden impulsar tu negocio? - Sistemas South-Tek - South-Tek Systems\" \/>\n<meta property=\"og:description\" content=\"En esencia, los generadores de nitr\u00f3geno son m\u00e1quinas estacionarias de producci\u00f3n de nitr\u00f3geno que pueden satisfacer las necesidades de nitr\u00f3geno de tu empresa a largo plazo. En\" \/>\n<meta property=\"og:url\" content=\"https:\/\/www.southteksystems.com\/es\/que-son-los-generadores-de-nitrogeno-y-como-pueden-impulsar-tu-negocio-sistemas-south-tek\/\" \/>\n<meta property=\"og:site_name\" content=\"South-Tek Systems\" \/>\n<meta property=\"article:publisher\" content=\"https:\/\/www.facebook.com\/southteksystems\" \/>\n<meta property=\"article:modified_time\" content=\"2026-01-13T17:33:20+00:00\" \/>\n<meta property=\"og:image\" content=\"https:\/\/www.southteksystems.com\/wp-content\/uploads\/2025\/05\/Nitrogen-Blue-Icon.png\" \/>\n\t<meta property=\"og:image:width\" content=\"1080\" \/>\n\t<meta property=\"og:image:height\" content=\"1080\" \/>\n\t<meta property=\"og:image:type\" content=\"image\/png\" \/>\n<meta name=\"twitter:card\" content=\"summary_large_image\" \/>\n<meta name=\"twitter:site\" content=\"@southteksystems\" \/>\n<meta name=\"twitter:label1\" content=\"Tiempo de lectura\" \/>\n\t<meta name=\"twitter:data1\" content=\"2 minutos\" \/>\n<script type=\"application\/ld+json\" class=\"yoast-schema-graph\">{\"@context\":\"https:\\\/\\\/schema.org\",\"@graph\":[{\"@type\":\"WebPage\",\"@id\":\"https:\\\/\\\/www.southteksystems.com\\\/es\\\/que-son-los-generadores-de-nitrogeno-y-como-pueden-impulsar-tu-negocio-sistemas-south-tek\\\/\",\"url\":\"https:\\\/\\\/www.southteksystems.com\\\/es\\\/que-son-los-generadores-de-nitrogeno-y-como-pueden-impulsar-tu-negocio-sistemas-south-tek\\\/\",\"name\":\"\u00bfQu\u00e9 son los generadores de nitr\u00f3geno y c\u00f3mo pueden impulsar tu negocio? - Sistemas South-Tek - South-Tek Systems\",\"isPartOf\":{\"@id\":\"https:\\\/\\\/www.southteksystems.com\\\/es\\\/#website\"},\"primaryImageOfPage\":{\"@id\":\"https:\\\/\\\/www.southteksystems.com\\\/es\\\/que-son-los-generadores-de-nitrogeno-y-como-pueden-impulsar-tu-negocio-sistemas-south-tek\\\/#primaryimage\"},\"image\":{\"@id\":\"https:\\\/\\\/www.southteksystems.com\\\/es\\\/que-son-los-generadores-de-nitrogeno-y-como-pueden-impulsar-tu-negocio-sistemas-south-tek\\\/#primaryimage\"},\"thumbnailUrl\":\"https:\\\/\\\/www.southteksystems.com\\\/wp-content\\\/uploads\\\/2025\\\/05\\\/Nitrogen-Blue-Icon.png\",\"datePublished\":\"2025-04-22T19:38:16+00:00\",\"dateModified\":\"2026-01-13T17:33:20+00:00\",\"description\":\"En esencia, los generadores de nitr\u00f3geno son m\u00e1quinas estacionarias de producci\u00f3n de nitr\u00f3geno que pueden satisfacer las necesidades de nitr\u00f3geno de tu empresa a largo plazo. En\",\"breadcrumb\":{\"@id\":\"https:\\\/\\\/www.southteksystems.com\\\/es\\\/que-son-los-generadores-de-nitrogeno-y-como-pueden-impulsar-tu-negocio-sistemas-south-tek\\\/#breadcrumb\"},\"inLanguage\":\"es\",\"potentialAction\":[{\"@type\":\"ReadAction\",\"target\":[\"https:\\\/\\\/www.southteksystems.com\\\/es\\\/que-son-los-generadores-de-nitrogeno-y-como-pueden-impulsar-tu-negocio-sistemas-south-tek\\\/\"]}]},{\"@type\":\"ImageObject\",\"inLanguage\":\"es\",\"@id\":\"https:\\\/\\\/www.southteksystems.com\\\/es\\\/que-son-los-generadores-de-nitrogeno-y-como-pueden-impulsar-tu-negocio-sistemas-south-tek\\\/#primaryimage\",\"url\":\"https:\\\/\\\/www.southteksystems.com\\\/wp-content\\\/uploads\\\/2025\\\/05\\\/Nitrogen-Blue-Icon.png\",\"contentUrl\":\"https:\\\/\\\/www.southteksystems.com\\\/wp-content\\\/uploads\\\/2025\\\/05\\\/Nitrogen-Blue-Icon.png\"},{\"@type\":\"BreadcrumbList\",\"@id\":\"https:\\\/\\\/www.southteksystems.com\\\/es\\\/que-son-los-generadores-de-nitrogeno-y-como-pueden-impulsar-tu-negocio-sistemas-south-tek\\\/#breadcrumb\",\"itemListElement\":[{\"@type\":\"ListItem\",\"position\":1,\"name\":\"Home\",\"item\":\"https:\\\/\\\/www.southteksystems.com\\\/es\\\/\"},{\"@type\":\"ListItem\",\"position\":2,\"name\":\"\u00bfQu\u00e9 son los generadores de nitr\u00f3geno y c\u00f3mo pueden impulsar tu negocio? &#8211; Sistemas South-Tek\"}]},{\"@type\":\"WebSite\",\"@id\":\"https:\\\/\\\/www.southteksystems.com\\\/es\\\/#website\",\"url\":\"https:\\\/\\\/www.southteksystems.com\\\/es\\\/\",\"name\":\"South-Tek Systems\",\"description\":\"\",\"publisher\":{\"@id\":\"https:\\\/\\\/www.southteksystems.com\\\/es\\\/#organization\"},\"potentialAction\":[{\"@type\":\"SearchAction\",\"target\":{\"@type\":\"EntryPoint\",\"urlTemplate\":\"https:\\\/\\\/www.southteksystems.com\\\/es\\\/?s={search_term_string}\"},\"query-input\":{\"@type\":\"PropertyValueSpecification\",\"valueRequired\":true,\"valueName\":\"search_term_string\"}}],\"inLanguage\":\"es\"},{\"@type\":\"Organization\",\"@id\":\"https:\\\/\\\/www.southteksystems.com\\\/es\\\/#organization\",\"name\":\"South-Tek Systems\",\"url\":\"https:\\\/\\\/www.southteksystems.com\\\/es\\\/\",\"logo\":{\"@type\":\"ImageObject\",\"inLanguage\":\"es\",\"@id\":\"https:\\\/\\\/www.southteksystems.com\\\/es\\\/#\\\/schema\\\/logo\\\/image\\\/\",\"url\":\"https:\\\/\\\/www.southteksystems.com\\\/wp-content\\\/uploads\\\/2023\\\/03\\\/South-Tek7-1.svg\",\"contentUrl\":\"https:\\\/\\\/www.southteksystems.com\\\/wp-content\\\/uploads\\\/2023\\\/03\\\/South-Tek7-1.svg\",\"width\":2150,\"height\":512,\"caption\":\"South-Tek Systems\"},\"image\":{\"@id\":\"https:\\\/\\\/www.southteksystems.com\\\/es\\\/#\\\/schema\\\/logo\\\/image\\\/\"},\"sameAs\":[\"https:\\\/\\\/www.facebook.com\\\/southteksystems\",\"https:\\\/\\\/x.com\\\/southteksystems\",\"https:\\\/\\\/www.linkedin.com\\\/company\\\/south-tek-systems\\\/\"]}]}<\/script>\n<!-- \/ Yoast SEO plugin. -->","yoast_head_json":{"title":"\u00bfQu\u00e9 son los generadores de nitr\u00f3geno y c\u00f3mo pueden impulsar tu negocio? - Sistemas South-Tek - South-Tek Systems","description":"En esencia, los generadores de nitr\u00f3geno son m\u00e1quinas estacionarias de producci\u00f3n de nitr\u00f3geno que pueden satisfacer las necesidades de nitr\u00f3geno de tu empresa a largo plazo. En","robots":{"index":"index","follow":"follow","max-snippet":"max-snippet:-1","max-image-preview":"max-image-preview:large","max-video-preview":"max-video-preview:-1"},"canonical":"https:\/\/www.southteksystems.com\/es\/que-son-los-generadores-de-nitrogeno-y-como-pueden-impulsar-tu-negocio-sistemas-south-tek\/","og_locale":"es_ES","og_type":"article","og_title":"\u00bfQu\u00e9 son los generadores de nitr\u00f3geno y c\u00f3mo pueden impulsar tu negocio? - Sistemas South-Tek - South-Tek Systems","og_description":"En esencia, los generadores de nitr\u00f3geno son m\u00e1quinas estacionarias de producci\u00f3n de nitr\u00f3geno que pueden satisfacer las necesidades de nitr\u00f3geno de tu empresa a largo plazo. En","og_url":"https:\/\/www.southteksystems.com\/es\/que-son-los-generadores-de-nitrogeno-y-como-pueden-impulsar-tu-negocio-sistemas-south-tek\/","og_site_name":"South-Tek Systems","article_publisher":"https:\/\/www.facebook.com\/southteksystems","article_modified_time":"2026-01-13T17:33:20+00:00","og_image":[{"width":1080,"height":1080,"url":"https:\/\/www.southteksystems.com\/wp-content\/uploads\/2025\/05\/Nitrogen-Blue-Icon.png","type":"image\/png"}],"twitter_card":"summary_large_image","twitter_site":"@southteksystems","twitter_misc":{"Tiempo de lectura":"2 minutos"},"schema":{"@context":"https:\/\/schema.org","@graph":[{"@type":"WebPage","@id":"https:\/\/www.southteksystems.com\/es\/que-son-los-generadores-de-nitrogeno-y-como-pueden-impulsar-tu-negocio-sistemas-south-tek\/","url":"https:\/\/www.southteksystems.com\/es\/que-son-los-generadores-de-nitrogeno-y-como-pueden-impulsar-tu-negocio-sistemas-south-tek\/","name":"\u00bfQu\u00e9 son los generadores de nitr\u00f3geno y c\u00f3mo pueden impulsar tu negocio? - Sistemas South-Tek - South-Tek Systems","isPartOf":{"@id":"https:\/\/www.southteksystems.com\/es\/#website"},"primaryImageOfPage":{"@id":"https:\/\/www.southteksystems.com\/es\/que-son-los-generadores-de-nitrogeno-y-como-pueden-impulsar-tu-negocio-sistemas-south-tek\/#primaryimage"},"image":{"@id":"https:\/\/www.southteksystems.com\/es\/que-son-los-generadores-de-nitrogeno-y-como-pueden-impulsar-tu-negocio-sistemas-south-tek\/#primaryimage"},"thumbnailUrl":"https:\/\/www.southteksystems.com\/wp-content\/uploads\/2025\/05\/Nitrogen-Blue-Icon.png","datePublished":"2025-04-22T19:38:16+00:00","dateModified":"2026-01-13T17:33:20+00:00","description":"En esencia, los generadores de nitr\u00f3geno son m\u00e1quinas estacionarias de producci\u00f3n de nitr\u00f3geno que pueden satisfacer las necesidades de nitr\u00f3geno de tu empresa a largo plazo. En","breadcrumb":{"@id":"https:\/\/www.southteksystems.com\/es\/que-son-los-generadores-de-nitrogeno-y-como-pueden-impulsar-tu-negocio-sistemas-south-tek\/#breadcrumb"},"inLanguage":"es","potentialAction":[{"@type":"ReadAction","target":["https:\/\/www.southteksystems.com\/es\/que-son-los-generadores-de-nitrogeno-y-como-pueden-impulsar-tu-negocio-sistemas-south-tek\/"]}]},{"@type":"ImageObject","inLanguage":"es","@id":"https:\/\/www.southteksystems.com\/es\/que-son-los-generadores-de-nitrogeno-y-como-pueden-impulsar-tu-negocio-sistemas-south-tek\/#primaryimage","url":"https:\/\/www.southteksystems.com\/wp-content\/uploads\/2025\/05\/Nitrogen-Blue-Icon.png","contentUrl":"https:\/\/www.southteksystems.com\/wp-content\/uploads\/2025\/05\/Nitrogen-Blue-Icon.png"},{"@type":"BreadcrumbList","@id":"https:\/\/www.southteksystems.com\/es\/que-son-los-generadores-de-nitrogeno-y-como-pueden-impulsar-tu-negocio-sistemas-south-tek\/#breadcrumb","itemListElement":[{"@type":"ListItem","position":1,"name":"Home","item":"https:\/\/www.southteksystems.com\/es\/"},{"@type":"ListItem","position":2,"name":"\u00bfQu\u00e9 son los generadores de nitr\u00f3geno y c\u00f3mo pueden impulsar tu negocio? &#8211; Sistemas South-Tek"}]},{"@type":"WebSite","@id":"https:\/\/www.southteksystems.com\/es\/#website","url":"https:\/\/www.southteksystems.com\/es\/","name":"South-Tek Systems","description":"","publisher":{"@id":"https:\/\/www.southteksystems.com\/es\/#organization"},"potentialAction":[{"@type":"SearchAction","target":{"@type":"EntryPoint","urlTemplate":"https:\/\/www.southteksystems.com\/es\/?s={search_term_string}"},"query-input":{"@type":"PropertyValueSpecification","valueRequired":true,"valueName":"search_term_string"}}],"inLanguage":"es"},{"@type":"Organization","@id":"https:\/\/www.southteksystems.com\/es\/#organization","name":"South-Tek Systems","url":"https:\/\/www.southteksystems.com\/es\/","logo":{"@type":"ImageObject","inLanguage":"es","@id":"https:\/\/www.southteksystems.com\/es\/#\/schema\/logo\/image\/","url":"https:\/\/www.southteksystems.com\/wp-content\/uploads\/2023\/03\/South-Tek7-1.svg","contentUrl":"https:\/\/www.southteksystems.com\/wp-content\/uploads\/2023\/03\/South-Tek7-1.svg","width":2150,"height":512,"caption":"South-Tek Systems"},"image":{"@id":"https:\/\/www.southteksystems.com\/es\/#\/schema\/logo\/image\/"},"sameAs":["https:\/\/www.facebook.com\/southteksystems","https:\/\/x.com\/southteksystems","https:\/\/www.linkedin.com\/company\/south-tek-systems\/"]}]}},"_links":{"self":[{"href":"https:\/\/www.southteksystems.com\/es\/wp-json\/wp\/v2\/pages\/13325","targetHints":{"allow":["GET"]}}],"collection":[{"href":"https:\/\/www.southteksystems.com\/es\/wp-json\/wp\/v2\/pages"}],"about":[{"href":"https:\/\/www.southteksystems.com\/es\/wp-json\/wp\/v2\/types\/page"}],"author":[{"embeddable":true,"href":"https:\/\/www.southteksystems.com\/es\/wp-json\/wp\/v2\/users\/10"}],"replies":[{"embeddable":true,"href":"https:\/\/www.southteksystems.com\/es\/wp-json\/wp\/v2\/comments?post=13325"}],"version-history":[{"count":0,"href":"https:\/\/www.southteksystems.com\/es\/wp-json\/wp\/v2\/pages\/13325\/revisions"}],"wp:attachment":[{"href":"https:\/\/www.southteksystems.com\/es\/wp-json\/wp\/v2\/media?parent=13325"}],"curies":[{"name":"wp","href":"https:\/\/api.w.org\/{rel}","templated":true}]}}