{"id":13317,"date":"2025-05-14T18:57:50","date_gmt":"2025-05-14T18:57:50","guid":{"rendered":"https:\/\/www.southteksystems.com\/formulario-de-envio-rma\/"},"modified":"2026-01-13T19:35:35","modified_gmt":"2026-01-13T19:35:35","slug":"formulario-de-envio-rma","status":"publish","type":"page","link":"https:\/\/www.southteksystems.com\/es\/formulario-de-envio-rma\/","title":{"rendered":"Formulario de env\u00edo RMA"},"content":{"rendered":"\t\t<div data-elementor-type=\"wp-page\" data-elementor-id=\"13317\" class=\"elementor elementor-13317 elementor-12537\" data-elementor-post-type=\"page\">\n\t\t\t\t<div class=\"elementor-element elementor-element-753a836 e-con-full e-flex e-con e-parent\" data-id=\"753a836\" data-element_type=\"container\" data-e-type=\"container\">\n\t\t<div class=\"elementor-element elementor-element-bb03985 e-flex e-con-boxed e-con e-child\" data-id=\"bb03985\" data-element_type=\"container\" data-e-type=\"container\">\n\t\t\t\t\t<div class=\"e-con-inner\">\n\t\t<div class=\"elementor-element elementor-element-cad39f2 e-con-full e-flex e-con e-child\" data-id=\"cad39f2\" data-element_type=\"container\" data-e-type=\"container\">\n\t\t\t\t<div class=\"elementor-element elementor-element-091b76f elementor-view-default elementor-widget elementor-widget-icon\" data-id=\"091b76f\" data-element_type=\"widget\" data-e-type=\"widget\" data-widget_type=\"icon.default\">\n\t\t\t\t<div class=\"elementor-widget-container\">\n\t\t\t\t\t\t\t<div class=\"elementor-icon-wrapper\">\n\t\t\t<div class=\"elementor-icon\">\n\t\t\t<svg xmlns=\"http:\/\/www.w3.org\/2000\/svg\" id=\"Layer_1\" data-name=\"Layer 1\" viewBox=\"0 0 512 512\"><g><rect x=\"10.52\" y=\"42.46\" width=\"40\" height=\"449.03\"><\/rect><rect x=\"10.52\" y=\"451.48\" width=\"449.03\" height=\"40\"><\/rect><\/g><rect x=\"-49.19\" y=\"223.76\" width=\"614.85\" height=\"40\" transform=\"translate(-96.73 254) rotate(-45)\"><\/rect><\/svg>\t\t\t<\/div>\n\t\t<\/div>\n\t\t\t\t\t\t<\/div>\n\t\t\t\t<\/div>\n\t\t\t\t<div class=\"elementor-element elementor-element-45274b0 elementor-widget__width-initial elementor-widget-tablet__width-inherit elementor-widget elementor-widget-heading\" data-id=\"45274b0\" data-element_type=\"widget\" data-e-type=\"widget\" data-widget_type=\"heading.default\">\n\t\t\t\t<div class=\"elementor-widget-container\">\n\t\t\t\t\t<h1 class=\"elementor-heading-title elementor-size-default\">Formulario de env\u00edo RMA<\/h1>\t\t\t\t<\/div>\n\t\t\t\t<\/div>\n\t\t\t\t<\/div>\n\t\t<div class=\"elementor-element elementor-element-5475043 e-con-full e-flex e-con e-child\" data-id=\"5475043\" data-element_type=\"container\" data-e-type=\"container\">\n\t\t\t\t<div class=\"elementor-element elementor-element-b3aac9a elementor-align-left elementor-widget elementor-widget-button\" data-id=\"b3aac9a\" data-element_type=\"widget\" data-e-type=\"widget\" data-widget_type=\"button.default\">\n\t\t\t\t<div class=\"elementor-widget-container\">\n\t\t\t\t\t\t\t\t\t<div class=\"elementor-button-wrapper\">\n\t\t\t\t\t<a class=\"elementor-button elementor-button-link elementor-size-sm\" href=\"https:\/\/www.southteksystems.com\/wp-content\/uploads\/2025\/05\/RMA-Submittal-Form_Military_Rev.2.pdf\" download=\"\">\n\t\t\t\t\t\t<span class=\"elementor-button-content-wrapper\">\n\t\t\t\t\t\t\t\t\t<span class=\"elementor-button-text\">Descargar el formulario de env\u00edo de RMA (PDF)<\/span>\n\t\t\t\t\t<\/span>\n\t\t\t\t\t<\/a>\n\t\t\t\t<\/div>\n\t\t\t\t\t\t\t\t<\/div>\n\t\t\t\t<\/div>\n\t\t\t\t<\/div>\n\t\t\t\t\t<\/div>\n\t\t\t\t<\/div>\n\t\t\t\t<div class=\"elementor-element elementor-element-f3ff622 elementor-widget elementor-widget-template\" data-id=\"f3ff622\" data-element_type=\"widget\" data-e-type=\"widget\" data-widget_type=\"template.default\">\n\t\t\t\t<div class=\"elementor-widget-container\">\n\t\t\t\t\t\t\t<div class=\"elementor-template\">\n\t\t\t\t\t<div data-elementor-type=\"container\" data-elementor-id=\"13066\" class=\"elementor elementor-13066 elementor-12538\" data-elementor-post-type=\"elementor_library\">\n\t\t\t\t<div class=\"elementor-element elementor-element-449db0f7 e-flex e-con-boxed e-con e-parent\" data-id=\"449db0f7\" data-element_type=\"container\" data-e-type=\"container\" data-settings=\"{&quot;background_background&quot;:&quot;classic&quot;}\">\n\t\t\t\t\t<div class=\"e-con-inner\">\n\t\t<div class=\"elementor-element elementor-element-18f614a0 e-flex e-con-boxed e-con e-child\" data-id=\"18f614a0\" data-element_type=\"container\" data-e-type=\"container\">\n\t\t\t\t\t<div class=\"e-con-inner\">\n\t\t\t\t<div class=\"elementor-element elementor-element-63bfd4da elementor-widget elementor-widget-heading\" data-id=\"63bfd4da\" data-element_type=\"widget\" data-e-type=\"widget\" data-widget_type=\"heading.default\">\n\t\t\t\t<div class=\"elementor-widget-container\">\n\t\t\t\t\t<h2 class=\"elementor-heading-title elementor-size-default\">Contacta con nosotros<\/h2>\t\t\t\t<\/div>\n\t\t\t\t<\/div>\n\t\t\t\t<div class=\"elementor-element elementor-element-6791a476 elementor-widget elementor-widget-heading\" data-id=\"6791a476\" data-element_type=\"widget\" data-e-type=\"widget\" data-widget_type=\"heading.default\">\n\t\t\t\t<div class=\"elementor-widget-container\">\n\t\t\t\t\t<h2 class=\"elementor-heading-title elementor-size-default\">Horario de atenci\u00f3n al p\u00fablico:\n\n<\/h2>\t\t\t\t<\/div>\n\t\t\t\t<\/div>\n\t\t\t\t<div class=\"elementor-element elementor-element-1e330c3 elementor-align-center elementor-tablet-align-start elementor-icon-list--layout-traditional elementor-list-item-link-full_width elementor-widget elementor-widget-icon-list\" data-id=\"1e330c3\" data-element_type=\"widget\" data-e-type=\"widget\" data-widget_type=\"icon-list.default\">\n\t\t\t\t<div class=\"elementor-widget-container\">\n\t\t\t\t\t\t\t<ul class=\"elementor-icon-list-items\">\n\t\t\t\t\t\t\t<li class=\"elementor-icon-list-item\">\n\t\t\t\t\t\t\t\t\t\t\t<span class=\"elementor-icon-list-icon\">\n\t\t\t\t\t\t\t<svg xmlns=\"http:\/\/www.w3.org\/2000\/svg\" id=\"Layer_1\" data-name=\"Layer 1\" viewBox=\"0 0 512 512\"><rect x=\"18.44\" y=\"236\" width=\"475.12\" height=\"40\"><\/rect><\/svg>\t\t\t\t\t\t<\/span>\n\t\t\t\t\t\t\t\t\t\t<span class=\"elementor-icon-list-text\">Lunes-viernes 8:00 - 17:00 CET<\/span>\n\t\t\t\t\t\t\t\t\t<\/li>\n\t\t\t\t\t\t<\/ul>\n\t\t\t\t\t\t<\/div>\n\t\t\t\t<\/div>\n\t\t\t\t<div class=\"elementor-element elementor-element-49527dca elementor-widget elementor-widget-heading\" data-id=\"49527dca\" data-element_type=\"widget\" data-e-type=\"widget\" data-widget_type=\"heading.default\">\n\t\t\t\t<div class=\"elementor-widget-container\">\n\t\t\t\t\t<h2 class=\"elementor-heading-title elementor-size-default\">Para asistencia t\u00e9cnica y de recambios:\n<\/h2>\t\t\t\t<\/div>\n\t\t\t\t<\/div>\n\t\t\t\t<div class=\"elementor-element elementor-element-44986b71 elementor-align-center elementor-tablet-align-start elementor-icon-list--layout-traditional elementor-list-item-link-full_width elementor-widget elementor-widget-icon-list\" data-id=\"44986b71\" data-element_type=\"widget\" data-e-type=\"widget\" data-widget_type=\"icon-list.default\">\n\t\t\t\t<div class=\"elementor-widget-container\">\n\t\t\t\t\t\t\t<ul class=\"elementor-icon-list-items\">\n\t\t\t\t\t\t\t<li class=\"elementor-icon-list-item\">\n\t\t\t\t\t\t\t\t\t\t\t<span class=\"elementor-icon-list-icon\">\n\t\t\t\t\t\t\t<svg xmlns=\"http:\/\/www.w3.org\/2000\/svg\" id=\"Layer_1\" data-name=\"Layer 1\" viewBox=\"0 0 512 512\"><rect x=\"18.44\" y=\"236\" width=\"475.12\" height=\"40\"><\/rect><\/svg>\t\t\t\t\t\t<\/span>\n\t\t\t\t\t\t\t\t\t\t<span class=\"elementor-icon-list-text\">(910) 415-1880<\/span>\n\t\t\t\t\t\t\t\t\t<\/li>\n\t\t\t\t\t\t\t\t<li class=\"elementor-icon-list-item\">\n\t\t\t\t\t\t\t\t\t\t\t<span class=\"elementor-icon-list-icon\">\n\t\t\t\t\t\t\t<svg xmlns=\"http:\/\/www.w3.org\/2000\/svg\" id=\"Layer_1\" data-name=\"Layer 1\" viewBox=\"0 0 512 512\"><rect x=\"18.44\" y=\"236\" width=\"475.12\" height=\"40\"><\/rect><\/svg>\t\t\t\t\t\t<\/span>\n\t\t\t\t\t\t\t\t\t\t<span class=\"elementor-icon-list-text\">support@southteksystems911.zendesk.com<\/span>\n\t\t\t\t\t\t\t\t\t<\/li>\n\t\t\t\t\t\t<\/ul>\n\t\t\t\t\t\t<\/div>\n\t\t\t\t<\/div>\n\t\t\t\t<div class=\"elementor-element elementor-element-6de335ec elementor-widget elementor-widget-heading\" data-id=\"6de335ec\" data-element_type=\"widget\" data-e-type=\"widget\" data-widget_type=\"heading.default\">\n\t\t\t\t<div class=\"elementor-widget-container\">\n\t\t\t\t\t<h2 class=\"elementor-heading-title elementor-size-default\">Para ventas:\n\n\n<\/h2>\t\t\t\t<\/div>\n\t\t\t\t<\/div>\n\t\t\t\t<div class=\"elementor-element elementor-element-251ca9ea elementor-align-center elementor-tablet-align-start elementor-icon-list--layout-traditional elementor-list-item-link-full_width elementor-widget elementor-widget-icon-list\" data-id=\"251ca9ea\" data-element_type=\"widget\" data-e-type=\"widget\" data-widget_type=\"icon-list.default\">\n\t\t\t\t<div class=\"elementor-widget-container\">\n\t\t\t\t\t\t\t<ul class=\"elementor-icon-list-items\">\n\t\t\t\t\t\t\t<li class=\"elementor-icon-list-item\">\n\t\t\t\t\t\t\t\t\t\t\t<a href=\"mailto:info@southteksystems.com\" target=\"_blank\">\n\n\t\t\t\t\t\t\t\t\t\t\t\t<span class=\"elementor-icon-list-icon\">\n\t\t\t\t\t\t\t<svg xmlns=\"http:\/\/www.w3.org\/2000\/svg\" id=\"Layer_1\" data-name=\"Layer 1\" viewBox=\"0 0 512 512\"><rect x=\"18.44\" y=\"236\" width=\"475.12\" height=\"40\"><\/rect><\/svg>\t\t\t\t\t\t<\/span>\n\t\t\t\t\t\t\t\t\t\t<span class=\"elementor-icon-list-text\">info@southteksystems.com<\/span>\n\t\t\t\t\t\t\t\t\t\t\t<\/a>\n\t\t\t\t\t\t\t\t\t<\/li>\n\t\t\t\t\t\t<\/ul>\n\t\t\t\t\t\t<\/div>\n\t\t\t\t<\/div>\n\t\t\t\t\t<\/div>\n\t\t\t\t<\/div>\n\t\t\t\t\t<\/div>\n\t\t\t\t<\/div>\n\t\t\t\t<\/div>\n\t\t\t\t<\/div>\n\t\t\t\t\t\t<\/div>\n\t\t\t\t<\/div>\n\t\t\t\t<\/div>\n\t\t\t\t<\/div>\n\t\t","protected":false},"excerpt":{"rendered":"<p>Formulario de env\u00edo RMA Descargar el formulario de env\u00edo de RMA (PDF)<\/p>\n","protected":false},"author":9,"featured_media":0,"parent":0,"menu_order":0,"comment_status":"closed","ping_status":"closed","template":"","meta":{"_jet_sm_ready_style":"","_jet_sm_style":"","_jet_sm_controls_values":"","_jet_sm_fonts_collection":"","_jet_sm_fonts_links":"","footnotes":""},"class_list":["post-13317","page","type-page","status-publish","hentry"],"yoast_head":"<!-- This site is optimized with the Yoast SEO plugin v27.0 - https:\/\/yoast.com\/product\/yoast-seo-wordpress\/ -->\n<title>Formulario de env\u00edo RMA - South-Tek Systems<\/title>\n<meta name=\"robots\" content=\"index, follow, max-snippet:-1, max-image-preview:large, max-video-preview:-1\" \/>\n<link rel=\"canonical\" href=\"https:\/\/www.southteksystems.com\/es\/formulario-de-envio-rma\/\" \/>\n<meta property=\"og:locale\" content=\"es_ES\" \/>\n<meta property=\"og:type\" content=\"article\" \/>\n<meta property=\"og:title\" content=\"Formulario de env\u00edo RMA - South-Tek Systems\" \/>\n<meta property=\"og:description\" content=\"Formulario de env\u00edo RMA Descargar el formulario de env\u00edo de RMA (PDF)\" \/>\n<meta property=\"og:url\" content=\"https:\/\/www.southteksystems.com\/es\/formulario-de-envio-rma\/\" \/>\n<meta property=\"og:site_name\" content=\"South-Tek Systems\" \/>\n<meta property=\"article:publisher\" content=\"https:\/\/www.facebook.com\/southteksystems\" \/>\n<meta property=\"article:modified_time\" content=\"2026-01-13T19:35:35+00:00\" \/>\n<meta name=\"twitter:card\" content=\"summary_large_image\" \/>\n<meta name=\"twitter:site\" content=\"@southteksystems\" \/>\n<script type=\"application\/ld+json\" class=\"yoast-schema-graph\">{\"@context\":\"https:\/\/schema.org\",\"@graph\":[{\"@type\":\"WebPage\",\"@id\":\"https:\/\/www.southteksystems.com\/es\/formulario-de-envio-rma\/\",\"url\":\"https:\/\/www.southteksystems.com\/es\/formulario-de-envio-rma\/\",\"name\":\"Formulario de env\u00edo RMA - South-Tek Systems\",\"isPartOf\":{\"@id\":\"https:\/\/www.southteksystems.com\/es\/#website\"},\"datePublished\":\"2025-05-14T18:57:50+00:00\",\"dateModified\":\"2026-01-13T19:35:35+00:00\",\"breadcrumb\":{\"@id\":\"https:\/\/www.southteksystems.com\/es\/formulario-de-envio-rma\/#breadcrumb\"},\"inLanguage\":\"es\",\"potentialAction\":[{\"@type\":\"ReadAction\",\"target\":[\"https:\/\/www.southteksystems.com\/es\/formulario-de-envio-rma\/\"]}]},{\"@type\":\"BreadcrumbList\",\"@id\":\"https:\/\/www.southteksystems.com\/es\/formulario-de-envio-rma\/#breadcrumb\",\"itemListElement\":[{\"@type\":\"ListItem\",\"position\":1,\"name\":\"Home\",\"item\":\"https:\/\/www.southteksystems.com\/es\/\"},{\"@type\":\"ListItem\",\"position\":2,\"name\":\"Formulario de env\u00edo RMA\"}]},{\"@type\":\"WebSite\",\"@id\":\"https:\/\/www.southteksystems.com\/es\/#website\",\"url\":\"https:\/\/www.southteksystems.com\/es\/\",\"name\":\"South-Tek Systems\",\"description\":\"\",\"publisher\":{\"@id\":\"https:\/\/www.southteksystems.com\/es\/#organization\"},\"potentialAction\":[{\"@type\":\"SearchAction\",\"target\":{\"@type\":\"EntryPoint\",\"urlTemplate\":\"https:\/\/www.southteksystems.com\/es\/?s={search_term_string}\"},\"query-input\":{\"@type\":\"PropertyValueSpecification\",\"valueRequired\":true,\"valueName\":\"search_term_string\"}}],\"inLanguage\":\"es\"},{\"@type\":\"Organization\",\"@id\":\"https:\/\/www.southteksystems.com\/es\/#organization\",\"name\":\"South-Tek Systems\",\"url\":\"https:\/\/www.southteksystems.com\/es\/\",\"logo\":{\"@type\":\"ImageObject\",\"inLanguage\":\"es\",\"@id\":\"https:\/\/www.southteksystems.com\/es\/#\/schema\/logo\/image\/\",\"url\":\"https:\/\/www.southteksystems.com\/wp-content\/uploads\/2023\/03\/South-Tek7-1.svg\",\"contentUrl\":\"https:\/\/www.southteksystems.com\/wp-content\/uploads\/2023\/03\/South-Tek7-1.svg\",\"width\":2150,\"height\":512,\"caption\":\"South-Tek Systems\"},\"image\":{\"@id\":\"https:\/\/www.southteksystems.com\/es\/#\/schema\/logo\/image\/\"},\"sameAs\":[\"https:\/\/www.facebook.com\/southteksystems\",\"https:\/\/x.com\/southteksystems\",\"https:\/\/www.linkedin.com\/company\/south-tek-systems\/\"]}]}<\/script>\n<!-- \/ Yoast SEO plugin. -->","yoast_head_json":{"title":"Formulario de env\u00edo RMA - South-Tek Systems","robots":{"index":"index","follow":"follow","max-snippet":"max-snippet:-1","max-image-preview":"max-image-preview:large","max-video-preview":"max-video-preview:-1"},"canonical":"https:\/\/www.southteksystems.com\/es\/formulario-de-envio-rma\/","og_locale":"es_ES","og_type":"article","og_title":"Formulario de env\u00edo RMA - South-Tek Systems","og_description":"Formulario de env\u00edo RMA Descargar el formulario de env\u00edo de RMA (PDF)","og_url":"https:\/\/www.southteksystems.com\/es\/formulario-de-envio-rma\/","og_site_name":"South-Tek Systems","article_publisher":"https:\/\/www.facebook.com\/southteksystems","article_modified_time":"2026-01-13T19:35:35+00:00","twitter_card":"summary_large_image","twitter_site":"@southteksystems","schema":{"@context":"https:\/\/schema.org","@graph":[{"@type":"WebPage","@id":"https:\/\/www.southteksystems.com\/es\/formulario-de-envio-rma\/","url":"https:\/\/www.southteksystems.com\/es\/formulario-de-envio-rma\/","name":"Formulario de env\u00edo RMA - South-Tek Systems","isPartOf":{"@id":"https:\/\/www.southteksystems.com\/es\/#website"},"datePublished":"2025-05-14T18:57:50+00:00","dateModified":"2026-01-13T19:35:35+00:00","breadcrumb":{"@id":"https:\/\/www.southteksystems.com\/es\/formulario-de-envio-rma\/#breadcrumb"},"inLanguage":"es","potentialAction":[{"@type":"ReadAction","target":["https:\/\/www.southteksystems.com\/es\/formulario-de-envio-rma\/"]}]},{"@type":"BreadcrumbList","@id":"https:\/\/www.southteksystems.com\/es\/formulario-de-envio-rma\/#breadcrumb","itemListElement":[{"@type":"ListItem","position":1,"name":"Home","item":"https:\/\/www.southteksystems.com\/es\/"},{"@type":"ListItem","position":2,"name":"Formulario de env\u00edo RMA"}]},{"@type":"WebSite","@id":"https:\/\/www.southteksystems.com\/es\/#website","url":"https:\/\/www.southteksystems.com\/es\/","name":"South-Tek Systems","description":"","publisher":{"@id":"https:\/\/www.southteksystems.com\/es\/#organization"},"potentialAction":[{"@type":"SearchAction","target":{"@type":"EntryPoint","urlTemplate":"https:\/\/www.southteksystems.com\/es\/?s={search_term_string}"},"query-input":{"@type":"PropertyValueSpecification","valueRequired":true,"valueName":"search_term_string"}}],"inLanguage":"es"},{"@type":"Organization","@id":"https:\/\/www.southteksystems.com\/es\/#organization","name":"South-Tek Systems","url":"https:\/\/www.southteksystems.com\/es\/","logo":{"@type":"ImageObject","inLanguage":"es","@id":"https:\/\/www.southteksystems.com\/es\/#\/schema\/logo\/image\/","url":"https:\/\/www.southteksystems.com\/wp-content\/uploads\/2023\/03\/South-Tek7-1.svg","contentUrl":"https:\/\/www.southteksystems.com\/wp-content\/uploads\/2023\/03\/South-Tek7-1.svg","width":2150,"height":512,"caption":"South-Tek Systems"},"image":{"@id":"https:\/\/www.southteksystems.com\/es\/#\/schema\/logo\/image\/"},"sameAs":["https:\/\/www.facebook.com\/southteksystems","https:\/\/x.com\/southteksystems","https:\/\/www.linkedin.com\/company\/south-tek-systems\/"]}]}},"_links":{"self":[{"href":"https:\/\/www.southteksystems.com\/es\/wp-json\/wp\/v2\/pages\/13317","targetHints":{"allow":["GET"]}}],"collection":[{"href":"https:\/\/www.southteksystems.com\/es\/wp-json\/wp\/v2\/pages"}],"about":[{"href":"https:\/\/www.southteksystems.com\/es\/wp-json\/wp\/v2\/types\/page"}],"author":[{"embeddable":true,"href":"https:\/\/www.southteksystems.com\/es\/wp-json\/wp\/v2\/users\/9"}],"replies":[{"embeddable":true,"href":"https:\/\/www.southteksystems.com\/es\/wp-json\/wp\/v2\/comments?post=13317"}],"version-history":[{"count":0,"href":"https:\/\/www.southteksystems.com\/es\/wp-json\/wp\/v2\/pages\/13317\/revisions"}],"wp:attachment":[{"href":"https:\/\/www.southteksystems.com\/es\/wp-json\/wp\/v2\/media?parent=13317"}],"curies":[{"name":"wp","href":"https:\/\/api.w.org\/{rel}","templated":true}]}}