{"id":13257,"date":"2025-04-22T08:24:32","date_gmt":"2025-04-22T08:24:32","guid":{"rendered":"https:\/\/www.southteksystems.com\/legal-y-cumplimiento-south-tek-systems\/"},"modified":"2026-01-12T18:44:29","modified_gmt":"2026-01-12T18:44:29","slug":"legal-y-cumplimiento-south-tek-systems","status":"publish","type":"page","link":"https:\/\/www.southteksystems.com\/es\/legal-y-cumplimiento-south-tek-systems\/","title":{"rendered":"Legal y Cumplimiento &#8211; South-Tek Systems"},"content":{"rendered":"\t\t<div data-elementor-type=\"wp-page\" data-elementor-id=\"13257\" class=\"elementor elementor-13257 elementor-10954\" data-elementor-post-type=\"page\">\n\t\t\t\t<div class=\"elementor-element elementor-element-86e1bfe e-flex e-con-boxed e-con e-parent\" data-id=\"86e1bfe\" data-element_type=\"container\" data-e-type=\"container\">\n\t\t\t\t\t<div class=\"e-con-inner\">\n\t\t\t\t<div class=\"elementor-element elementor-element-2cab60c elementor-widget-tablet__width-inherit elementor-widget elementor-widget-heading\" data-id=\"2cab60c\" data-element_type=\"widget\" data-e-type=\"widget\" data-widget_type=\"heading.default\">\n\t\t\t\t<div class=\"elementor-widget-container\">\n\t\t\t\t\t<h1 class=\"elementor-heading-title elementor-size-default\">Legal y Cumplimiento\n<\/h1>\t\t\t\t<\/div>\n\t\t\t\t<\/div>\n\t\t\t\t<div class=\"elementor-element elementor-element-3c52930 elementor-widget elementor-widget-text-editor\" data-id=\"3c52930\" data-element_type=\"widget\" data-e-type=\"widget\" data-widget_type=\"text-editor.default\">\n\t\t\t\t<div class=\"elementor-widget-container\">\n\t\t\t\t\t\t\t\t\t<h3><strong>Igualdad de oportunidades en la contrataci\u00f3n<\/strong><\/h3>\n<p><a href=\"https:\/\/www.dropbox.com\/s\/mi4tv71tl0yu0mg\/eeoc_Equal%20Employment%20Opportunity%20is%20the%20Law.pdf?dl=0\">EEOC La igualdad de oportunidades en el empleo es la ley- Ingl\u00e9s<\/a><\/p>\n<p><a href=\"https:\/\/www.dropbox.com\/s\/ycdh41ltz19l9vu\/eeoc_La%20Igualdad%20de%20Oportunidades%20en%20el%20Empleo%20es%20La%20Ley%20%28spanish%29.pdf?dl=0\">EEOC La Igualdad de Oportunidades en el Empleo es La Ley &#8211; Espa\u00f1ol<\/a><\/p>\n<p><a href=\"https:\/\/www.dropbox.com\/s\/meihejl1ehh3keg\/Equal%20Employment%20Opportunity.pdf?dl=0\">Igualdad de oportunidades en el empleo (empresa)<\/a><\/p>\n<p><a href=\"https:\/\/www.dropbox.com\/s\/jiqumq7eetuen6z\/govc%20%281%29%20EMPLOYEE%20RIGHTS%20ON%20GOVERNMENT%20CONTRACTS.pdf?dl=0\">Contratos p\u00fablicos Ollas<\/a><\/p>\n<p><a href=\"https:\/\/www.dropbox.com\/s\/0owmb6bzi21f1lh\/South-Tek%20Systems%20Discrimination%20and%20Harassment%20Policy%20.pdf?dl=0\">Discriminaci\u00f3n y acoso<\/a><\/p>\n<p>Cigna crea y publica archivos legibles por m\u00e1quina en nombre de South-Tek Systems. Puedes acceder a estos archivos <a href=\"https:\/\/www.cigna.com\/legal\/compliance\/machine-readable-files\">aqu\u00ed<\/a>. <\/p>\t\t\t\t\t\t\t\t<\/div>\n\t\t\t\t<\/div>\n\t\t\t\t\t<\/div>\n\t\t\t\t<\/div>\n\t\t\t\t<\/div>\n\t\t","protected":false},"excerpt":{"rendered":"<p>Legal y Cumplimiento Igualdad de oportunidades en la contrataci\u00f3n EEOC La igualdad de oportunidades en el empleo es la ley- Ingl\u00e9s EEOC La Igualdad de Oportunidades en el Empleo es La Ley &#8211; Espa\u00f1ol Igualdad de oportunidades en el empleo (empresa) Contratos p\u00fablicos Ollas Discriminaci\u00f3n y acoso Cigna crea y publica archivos legibles por m\u00e1quina [&hellip;]<\/p>\n","protected":false},"author":10,"featured_media":0,"parent":0,"menu_order":0,"comment_status":"closed","ping_status":"closed","template":"","meta":{"_jet_sm_ready_style":"","_jet_sm_style":"","_jet_sm_controls_values":"","_jet_sm_fonts_collection":"","_jet_sm_fonts_links":"","footnotes":""},"class_list":["post-13257","page","type-page","status-publish","hentry"],"yoast_head":"<!-- This site is optimized with the Yoast SEO plugin v27.0 - https:\/\/yoast.com\/product\/yoast-seo-wordpress\/ -->\n<title>Legal y Cumplimiento - South-Tek Systems - South-Tek Systems<\/title>\n<meta name=\"description\" content=\"Igualdad de Oportunidades en el Empleo EEOC Equal Employer Opportunity Is the Law- English EEOC La Igualdad de Oportunidades en el Empleo es La Ley - Spanish Equal\" \/>\n<meta name=\"robots\" content=\"index, follow, max-snippet:-1, max-image-preview:large, max-video-preview:-1\" \/>\n<link rel=\"canonical\" href=\"https:\/\/www.southteksystems.com\/es\/legal-y-cumplimiento-south-tek-systems\/\" \/>\n<meta property=\"og:locale\" content=\"es_ES\" \/>\n<meta property=\"og:type\" content=\"article\" \/>\n<meta property=\"og:title\" content=\"Legal y Cumplimiento - South-Tek Systems - South-Tek Systems\" \/>\n<meta property=\"og:description\" content=\"Igualdad de Oportunidades en el Empleo EEOC Equal Employer Opportunity Is the Law- English EEOC La Igualdad de Oportunidades en el Empleo es La Ley - Spanish Equal\" \/>\n<meta property=\"og:url\" content=\"https:\/\/www.southteksystems.com\/es\/legal-y-cumplimiento-south-tek-systems\/\" \/>\n<meta property=\"og:site_name\" content=\"South-Tek Systems\" \/>\n<meta property=\"article:publisher\" content=\"https:\/\/www.facebook.com\/southteksystems\" \/>\n<meta property=\"article:modified_time\" content=\"2026-01-12T18:44:29+00:00\" \/>\n<meta name=\"twitter:card\" content=\"summary_large_image\" \/>\n<meta name=\"twitter:site\" content=\"@southteksystems\" \/>\n<script type=\"application\/ld+json\" class=\"yoast-schema-graph\">{\"@context\":\"https:\/\/schema.org\",\"@graph\":[{\"@type\":\"WebPage\",\"@id\":\"https:\/\/www.southteksystems.com\/es\/legal-y-cumplimiento-south-tek-systems\/\",\"url\":\"https:\/\/www.southteksystems.com\/es\/legal-y-cumplimiento-south-tek-systems\/\",\"name\":\"Legal y Cumplimiento - South-Tek Systems - South-Tek Systems\",\"isPartOf\":{\"@id\":\"https:\/\/www.southteksystems.com\/es\/#website\"},\"datePublished\":\"2025-04-22T08:24:32+00:00\",\"dateModified\":\"2026-01-12T18:44:29+00:00\",\"description\":\"Igualdad de Oportunidades en el Empleo EEOC Equal Employer Opportunity Is the Law- English EEOC La Igualdad de Oportunidades en el Empleo es La Ley - Spanish Equal\",\"breadcrumb\":{\"@id\":\"https:\/\/www.southteksystems.com\/es\/legal-y-cumplimiento-south-tek-systems\/#breadcrumb\"},\"inLanguage\":\"es\",\"potentialAction\":[{\"@type\":\"ReadAction\",\"target\":[\"https:\/\/www.southteksystems.com\/es\/legal-y-cumplimiento-south-tek-systems\/\"]}]},{\"@type\":\"BreadcrumbList\",\"@id\":\"https:\/\/www.southteksystems.com\/es\/legal-y-cumplimiento-south-tek-systems\/#breadcrumb\",\"itemListElement\":[{\"@type\":\"ListItem\",\"position\":1,\"name\":\"Home\",\"item\":\"https:\/\/www.southteksystems.com\/es\/\"},{\"@type\":\"ListItem\",\"position\":2,\"name\":\"Legal y Cumplimiento &#8211; South-Tek Systems\"}]},{\"@type\":\"WebSite\",\"@id\":\"https:\/\/www.southteksystems.com\/es\/#website\",\"url\":\"https:\/\/www.southteksystems.com\/es\/\",\"name\":\"South-Tek Systems\",\"description\":\"\",\"publisher\":{\"@id\":\"https:\/\/www.southteksystems.com\/es\/#organization\"},\"potentialAction\":[{\"@type\":\"SearchAction\",\"target\":{\"@type\":\"EntryPoint\",\"urlTemplate\":\"https:\/\/www.southteksystems.com\/es\/?s={search_term_string}\"},\"query-input\":{\"@type\":\"PropertyValueSpecification\",\"valueRequired\":true,\"valueName\":\"search_term_string\"}}],\"inLanguage\":\"es\"},{\"@type\":\"Organization\",\"@id\":\"https:\/\/www.southteksystems.com\/es\/#organization\",\"name\":\"South-Tek Systems\",\"url\":\"https:\/\/www.southteksystems.com\/es\/\",\"logo\":{\"@type\":\"ImageObject\",\"inLanguage\":\"es\",\"@id\":\"https:\/\/www.southteksystems.com\/es\/#\/schema\/logo\/image\/\",\"url\":\"https:\/\/www.southteksystems.com\/wp-content\/uploads\/2023\/03\/South-Tek7-1.svg\",\"contentUrl\":\"https:\/\/www.southteksystems.com\/wp-content\/uploads\/2023\/03\/South-Tek7-1.svg\",\"width\":2150,\"height\":512,\"caption\":\"South-Tek Systems\"},\"image\":{\"@id\":\"https:\/\/www.southteksystems.com\/es\/#\/schema\/logo\/image\/\"},\"sameAs\":[\"https:\/\/www.facebook.com\/southteksystems\",\"https:\/\/x.com\/southteksystems\",\"https:\/\/www.linkedin.com\/company\/south-tek-systems\/\"]}]}<\/script>\n<!-- \/ Yoast SEO plugin. -->","yoast_head_json":{"title":"Legal y Cumplimiento - South-Tek Systems - South-Tek Systems","description":"Igualdad de Oportunidades en el Empleo EEOC Equal Employer Opportunity Is the Law- English EEOC La Igualdad de Oportunidades en el Empleo es La Ley - Spanish Equal","robots":{"index":"index","follow":"follow","max-snippet":"max-snippet:-1","max-image-preview":"max-image-preview:large","max-video-preview":"max-video-preview:-1"},"canonical":"https:\/\/www.southteksystems.com\/es\/legal-y-cumplimiento-south-tek-systems\/","og_locale":"es_ES","og_type":"article","og_title":"Legal y Cumplimiento - South-Tek Systems - South-Tek Systems","og_description":"Igualdad de Oportunidades en el Empleo EEOC Equal Employer Opportunity Is the Law- English EEOC La Igualdad de Oportunidades en el Empleo es La Ley - Spanish Equal","og_url":"https:\/\/www.southteksystems.com\/es\/legal-y-cumplimiento-south-tek-systems\/","og_site_name":"South-Tek Systems","article_publisher":"https:\/\/www.facebook.com\/southteksystems","article_modified_time":"2026-01-12T18:44:29+00:00","twitter_card":"summary_large_image","twitter_site":"@southteksystems","schema":{"@context":"https:\/\/schema.org","@graph":[{"@type":"WebPage","@id":"https:\/\/www.southteksystems.com\/es\/legal-y-cumplimiento-south-tek-systems\/","url":"https:\/\/www.southteksystems.com\/es\/legal-y-cumplimiento-south-tek-systems\/","name":"Legal y Cumplimiento - South-Tek Systems - South-Tek Systems","isPartOf":{"@id":"https:\/\/www.southteksystems.com\/es\/#website"},"datePublished":"2025-04-22T08:24:32+00:00","dateModified":"2026-01-12T18:44:29+00:00","description":"Igualdad de Oportunidades en el Empleo EEOC Equal Employer Opportunity Is the Law- English EEOC La Igualdad de Oportunidades en el Empleo es La Ley - Spanish Equal","breadcrumb":{"@id":"https:\/\/www.southteksystems.com\/es\/legal-y-cumplimiento-south-tek-systems\/#breadcrumb"},"inLanguage":"es","potentialAction":[{"@type":"ReadAction","target":["https:\/\/www.southteksystems.com\/es\/legal-y-cumplimiento-south-tek-systems\/"]}]},{"@type":"BreadcrumbList","@id":"https:\/\/www.southteksystems.com\/es\/legal-y-cumplimiento-south-tek-systems\/#breadcrumb","itemListElement":[{"@type":"ListItem","position":1,"name":"Home","item":"https:\/\/www.southteksystems.com\/es\/"},{"@type":"ListItem","position":2,"name":"Legal y Cumplimiento &#8211; South-Tek Systems"}]},{"@type":"WebSite","@id":"https:\/\/www.southteksystems.com\/es\/#website","url":"https:\/\/www.southteksystems.com\/es\/","name":"South-Tek Systems","description":"","publisher":{"@id":"https:\/\/www.southteksystems.com\/es\/#organization"},"potentialAction":[{"@type":"SearchAction","target":{"@type":"EntryPoint","urlTemplate":"https:\/\/www.southteksystems.com\/es\/?s={search_term_string}"},"query-input":{"@type":"PropertyValueSpecification","valueRequired":true,"valueName":"search_term_string"}}],"inLanguage":"es"},{"@type":"Organization","@id":"https:\/\/www.southteksystems.com\/es\/#organization","name":"South-Tek Systems","url":"https:\/\/www.southteksystems.com\/es\/","logo":{"@type":"ImageObject","inLanguage":"es","@id":"https:\/\/www.southteksystems.com\/es\/#\/schema\/logo\/image\/","url":"https:\/\/www.southteksystems.com\/wp-content\/uploads\/2023\/03\/South-Tek7-1.svg","contentUrl":"https:\/\/www.southteksystems.com\/wp-content\/uploads\/2023\/03\/South-Tek7-1.svg","width":2150,"height":512,"caption":"South-Tek Systems"},"image":{"@id":"https:\/\/www.southteksystems.com\/es\/#\/schema\/logo\/image\/"},"sameAs":["https:\/\/www.facebook.com\/southteksystems","https:\/\/x.com\/southteksystems","https:\/\/www.linkedin.com\/company\/south-tek-systems\/"]}]}},"_links":{"self":[{"href":"https:\/\/www.southteksystems.com\/es\/wp-json\/wp\/v2\/pages\/13257","targetHints":{"allow":["GET"]}}],"collection":[{"href":"https:\/\/www.southteksystems.com\/es\/wp-json\/wp\/v2\/pages"}],"about":[{"href":"https:\/\/www.southteksystems.com\/es\/wp-json\/wp\/v2\/types\/page"}],"author":[{"embeddable":true,"href":"https:\/\/www.southteksystems.com\/es\/wp-json\/wp\/v2\/users\/10"}],"replies":[{"embeddable":true,"href":"https:\/\/www.southteksystems.com\/es\/wp-json\/wp\/v2\/comments?post=13257"}],"version-history":[{"count":0,"href":"https:\/\/www.southteksystems.com\/es\/wp-json\/wp\/v2\/pages\/13257\/revisions"}],"wp:attachment":[{"href":"https:\/\/www.southteksystems.com\/es\/wp-json\/wp\/v2\/media?parent=13257"}],"curies":[{"name":"wp","href":"https:\/\/api.w.org\/{rel}","templated":true}]}}