{"id":13200,"date":"2025-04-20T13:11:38","date_gmt":"2025-04-20T13:11:38","guid":{"rendered":"https:\/\/www.southteksystems.com\/descargo-de-responsabilidad-south-tek-systems\/"},"modified":"2026-01-12T12:23:23","modified_gmt":"2026-01-12T12:23:23","slug":"descargo-de-responsabilidad-south-tek-systems","status":"publish","type":"page","link":"https:\/\/www.southteksystems.com\/es\/descargo-de-responsabilidad-south-tek-systems\/","title":{"rendered":"Descargo de responsabilidad &#8211; South-Tek Systems"},"content":{"rendered":"\t\t<div data-elementor-type=\"wp-page\" data-elementor-id=\"13200\" class=\"elementor elementor-13200 elementor-10385\" data-elementor-post-type=\"page\">\n\t\t\t\t<div class=\"elementor-element elementor-element-468ddc9 e-flex e-con-boxed e-con e-parent\" data-id=\"468ddc9\" data-element_type=\"container\" data-e-type=\"container\">\n\t\t\t\t\t<div class=\"e-con-inner\">\n\t\t\t\t<div class=\"elementor-element elementor-element-42e1ba4 elementor-widget-tablet__width-inherit elementor-widget elementor-widget-heading\" data-id=\"42e1ba4\" data-element_type=\"widget\" data-e-type=\"widget\" data-widget_type=\"heading.default\">\n\t\t\t\t<div class=\"elementor-widget-container\">\n\t\t\t\t\t<h1 class=\"elementor-heading-title elementor-size-default\">Descargo de responsabilidad<\/h1>\t\t\t\t<\/div>\n\t\t\t\t<\/div>\n\t\t\t\t<div class=\"elementor-element elementor-element-aec8f09 elementor-widget-tablet__width-inherit elementor-widget elementor-widget-heading\" data-id=\"aec8f09\" data-element_type=\"widget\" data-e-type=\"widget\" data-widget_type=\"heading.default\">\n\t\t\t\t<div class=\"elementor-widget-container\">\n\t\t\t\t\t<h2 class=\"elementor-heading-title elementor-size-default\">Pol\u00edtica de correo electr\u00f3nico\n<\/h2>\t\t\t\t<\/div>\n\t\t\t\t<\/div>\n\t\t\t\t<div class=\"elementor-element elementor-element-51cea56 elementor-widget elementor-widget-text-editor\" data-id=\"51cea56\" data-element_type=\"widget\" data-e-type=\"widget\" data-widget_type=\"text-editor.default\">\n\t\t\t\t<div class=\"elementor-widget-container\">\n\t\t\t\t\t\t\t\t\t<p>Nos comprometemos a mantener la confidencialidad de tu direcci\u00f3n de correo electr\u00f3nico. No vendemos, alquilamos ni cedemos nuestras listas de suscripci\u00f3n a terceros, y no proporcionaremos tu informaci\u00f3n personal a ning\u00fan tercero, organismo gubernamental o empresa en ning\u00fan momento, a menos que la ley nos obligue a hacerlo. <\/p>\n<p>Utilizaremos tu direcci\u00f3n de correo electr\u00f3nico \u00fanicamente para proporcionarte informaci\u00f3n oportuna sobre South-Tek Systems.<\/p>\n<p>South-Tek Systems conservar\u00e1 la informaci\u00f3n que env\u00edes por correo electr\u00f3nico de acuerdo con la legislaci\u00f3n federal aplicable.<\/p>\n\t\t\t\t\t\t\t\t<\/div>\n\t\t\t\t<\/div>\n\t\t\t\t<div class=\"elementor-element elementor-element-c7576ab elementor-widget-tablet__width-inherit elementor-widget elementor-widget-heading\" data-id=\"c7576ab\" data-element_type=\"widget\" data-e-type=\"widget\" data-widget_type=\"heading.default\">\n\t\t\t\t<div class=\"elementor-widget-container\">\n\t\t\t\t\t<h2 class=\"elementor-heading-title elementor-size-default\">Conformidad con CAN-SPAM\n<\/h2>\t\t\t\t<\/div>\n\t\t\t\t<\/div>\n\t\t\t\t<div class=\"elementor-element elementor-element-5e0aa33 elementor-widget elementor-widget-text-editor\" data-id=\"5e0aa33\" data-element_type=\"widget\" data-e-type=\"widget\" data-widget_type=\"text-editor.default\">\n\t\t\t\t<div class=\"elementor-widget-container\">\n\t\t\t\t\t\t\t\t\t<p>En cumplimiento de la Ley CAN-SPAM, todos los mensajes de correo electr\u00f3nico enviados desde nuestra organizaci\u00f3n indicar\u00e1n claramente de qui\u00e9n proceden y proporcionar\u00e1n informaci\u00f3n clara sobre c\u00f3mo ponerse en contacto con el remitente. Adem\u00e1s, todos los mensajes de correo electr\u00f3nico contendr\u00e1n informaci\u00f3n concisa sobre c\u00f3mo darte de baja de nuestra lista de correo para que no recibas m\u00e1s comunicaciones nuestras por correo electr\u00f3nico. <\/p>\n\t\t\t\t\t\t\t\t<\/div>\n\t\t\t\t<\/div>\n\t\t\t\t<div class=\"elementor-element elementor-element-31d9bd7 elementor-widget-tablet__width-inherit elementor-widget elementor-widget-heading\" data-id=\"31d9bd7\" data-element_type=\"widget\" data-e-type=\"widget\" data-widget_type=\"heading.default\">\n\t\t\t\t<div class=\"elementor-widget-container\">\n\t\t\t\t\t<h2 class=\"elementor-heading-title elementor-size-default\">Elecci\u00f3n\/Opt-Out\n<\/h2>\t\t\t\t<\/div>\n\t\t\t\t<\/div>\n\t\t\t\t<div class=\"elementor-element elementor-element-1536b26 elementor-widget elementor-widget-text-editor\" data-id=\"1536b26\" data-element_type=\"widget\" data-e-type=\"widget\" data-widget_type=\"text-editor.default\">\n\t\t\t\t<div class=\"elementor-widget-container\">\n\t\t\t\t\t\t\t\t\t<p>Nuestro sitio ofrece a los usuarios la oportunidad de optar por no recibir comunicaciones nuestras y de nuestros socios leyendo las instrucciones para darse de baja situadas en la parte inferior de cualquier correo electr\u00f3nico que reciban de nosotros en cualquier momento.<\/p>\n<p>Los usuarios que ya no deseen recibir nuestro bolet\u00edn o material promocional pueden optar por dejar de recibir estas comunicaciones haciendo clic en el enlace para darse de baja que aparece en el correo electr\u00f3nico.<\/p>\n\t\t\t\t\t\t\t\t<\/div>\n\t\t\t\t<\/div>\n\t\t\t\t<div class=\"elementor-element elementor-element-dfc7475 elementor-widget-tablet__width-inherit elementor-widget elementor-widget-heading\" data-id=\"dfc7475\" data-element_type=\"widget\" data-e-type=\"widget\" data-widget_type=\"heading.default\">\n\t\t\t\t<div class=\"elementor-widget-container\">\n\t\t\t\t\t<h2 class=\"elementor-heading-title elementor-size-default\">Pol\u00edtica antispam\n<\/h2>\t\t\t\t<\/div>\n\t\t\t\t<\/div>\n\t\t\t\t<div class=\"elementor-element elementor-element-080e6e2 elementor-widget elementor-widget-text-editor\" data-id=\"080e6e2\" data-element_type=\"widget\" data-e-type=\"widget\" data-widget_type=\"text-editor.default\">\n\t\t\t\t<div class=\"elementor-widget-container\">\n\t\t\t\t\t\t\t\t\t<p>South-Tek Systems proh\u00edbe el uso de su sitio web y\/o servicios de cualquier forma asociada a la transmisi\u00f3n, distribuci\u00f3n o entrega de cualquier correo electr\u00f3nico masivo o comercial no solicitado (\u00abSpam\u00bb). No puedes utilizar ning\u00fan servicio de South-Tek Systems para enviar Spam. Tampoco puedes enviar Spam ni hacer que se env\u00ede a ning\u00fan cliente de South-Tek Systems.  <\/p>\n\t\t\t\t\t\t\t\t<\/div>\n\t\t\t\t<\/div>\n\t\t\t\t<div class=\"elementor-element elementor-element-0fbf258 elementor-widget-tablet__width-inherit elementor-widget elementor-widget-heading\" data-id=\"0fbf258\" data-element_type=\"widget\" data-e-type=\"widget\" data-widget_type=\"heading.default\">\n\t\t\t\t<div class=\"elementor-widget-container\">\n\t\t\t\t\t<h2 class=\"elementor-heading-title elementor-size-default\">Condiciones de uso\n<\/h2>\t\t\t\t<\/div>\n\t\t\t\t<\/div>\n\t\t\t\t<div class=\"elementor-element elementor-element-f85e789 elementor-widget elementor-widget-text-editor\" data-id=\"f85e789\" data-element_type=\"widget\" data-e-type=\"widget\" data-widget_type=\"text-editor.default\">\n\t\t\t\t<div class=\"elementor-widget-container\">\n\t\t\t\t\t\t\t\t\t<p>Al acceder a este sitio web, aceptas regirte por estas Condiciones de uso del sitio web, por todas las leyes y reglamentos aplicables, y aceptas que eres responsable del cumplimiento de cualquier ley local aplicable. Si no est\u00e1s de acuerdo con alguna de estas condiciones, se te proh\u00edbe utilizar o acceder a este sitio. Los materiales contenidos en este sitio web est\u00e1n protegidos por la legislaci\u00f3n aplicable sobre derechos de autor y marcas registradas.  <\/p>\n\t\t\t\t\t\t\t\t<\/div>\n\t\t\t\t<\/div>\n\t\t\t\t<div class=\"elementor-element elementor-element-be7a451 elementor-widget-tablet__width-inherit elementor-widget elementor-widget-heading\" data-id=\"be7a451\" data-element_type=\"widget\" data-e-type=\"widget\" data-widget_type=\"heading.default\">\n\t\t\t\t<div class=\"elementor-widget-container\">\n\t\t\t\t\t<h2 class=\"elementor-heading-title elementor-size-default\">Derechos de Propiedad Intelectual\n<\/h2>\t\t\t\t<\/div>\n\t\t\t\t<\/div>\n\t\t\t\t<div class=\"elementor-element elementor-element-f632b5c elementor-widget elementor-widget-text-editor\" data-id=\"f632b5c\" data-element_type=\"widget\" data-e-type=\"widget\" data-widget_type=\"text-editor.default\">\n\t\t\t\t<div class=\"elementor-widget-container\">\n\t\t\t\t\t\t\t\t\t<p>Todos los derechos de autor, marcas registradas, patentes y otros derechos de propiedad intelectual en y sobre nuestro sitio web y todo el contenido y software ubicado en el sitio seguir\u00e1n siendo propiedad exclusiva de South-Tek Systems o sus licenciatarios. Queda prohibido el uso de nuestras marcas comerciales, contenido y propiedad intelectual sin el consentimiento expreso por escrito de South-Tek Systems. <\/p>\n\t\t\t\t\t\t\t\t<\/div>\n\t\t\t\t<\/div>\n\t\t\t\t<div class=\"elementor-element elementor-element-851ebc3 elementor-widget-tablet__width-inherit elementor-widget elementor-widget-heading\" data-id=\"851ebc3\" data-element_type=\"widget\" data-e-type=\"widget\" data-widget_type=\"heading.default\">\n\t\t\t\t<div class=\"elementor-widget-container\">\n\t\t\t\t\t<h2 class=\"elementor-heading-title elementor-size-default\">Uso aceptable\n<\/h2>\t\t\t\t<\/div>\n\t\t\t\t<\/div>\n\t\t\t\t<div class=\"elementor-element elementor-element-108e56e elementor-widget elementor-widget-text-editor\" data-id=\"108e56e\" data-element_type=\"widget\" data-e-type=\"widget\" data-widget_type=\"text-editor.default\">\n\t\t\t\t<div class=\"elementor-widget-container\">\n\t\t\t\t\t\t\t\t\t<p>Te comprometes a utilizar nuestro sitio web \u00fanicamente con fines l\u00edcitos y de forma que no infrinjas los derechos de terceros, ni restrinjas o inhibas su uso y disfrute del sitio web. El comportamiento prohibido incluye acosar o causar angustia o molestias a cualquier otro usuario, transmitir contenido obsceno u ofensivo o interrumpir el flujo normal de di\u00e1logo dentro de nuestro sitio web. <\/p>\n<p>No debes utilizar nuestro sitio web para enviar comunicaciones comerciales no solicitadas. No debes utilizar el contenido de nuestro sitio web para ning\u00fan fin relacionado con el marketing sin nuestro consentimiento expreso por escrito. <\/p>\n\t\t\t\t\t\t\t\t<\/div>\n\t\t\t\t<\/div>\n\t\t\t\t<div class=\"elementor-element elementor-element-55e50dc elementor-widget-tablet__width-inherit elementor-widget elementor-widget-heading\" data-id=\"55e50dc\" data-element_type=\"widget\" data-e-type=\"widget\" data-widget_type=\"heading.default\">\n\t\t\t\t<div class=\"elementor-widget-container\">\n\t\t\t\t\t<h2 class=\"elementor-heading-title elementor-size-default\">Revisiones<\/h2>\t\t\t\t<\/div>\n\t\t\t\t<\/div>\n\t\t\t\t<div class=\"elementor-element elementor-element-4e317c4 elementor-widget elementor-widget-text-editor\" data-id=\"4e317c4\" data-element_type=\"widget\" data-e-type=\"widget\" data-widget_type=\"text-editor.default\">\n\t\t\t\t<div class=\"elementor-widget-container\">\n\t\t\t\t\t\t\t\t\t<p>South-Tek Systems puede cambiar estos t\u00e9rminos de vez en cuando, por lo que debes comprobarlos con regularidad. Tu uso continuado de nuestro sitio web se considerar\u00e1 una aceptaci\u00f3n de los t\u00e9rminos actualizados o modificados. Si no est\u00e1s de acuerdo con los cambios, debes dejar de utilizar nuestro sitio web inmediatamente.  <\/p>\n<p>Si se determina que alguno de estos t\u00e9rminos es ilegal, inv\u00e1lido o inaplicable por cualquier otro motivo, se separar\u00e1 y eliminar\u00e1 de estos t\u00e9rminos y los t\u00e9rminos restantes subsistir\u00e1n y seguir\u00e1n siendo vinculantes y aplicables.<\/p>\n\t\t\t\t\t\t\t\t<\/div>\n\t\t\t\t<\/div>\n\t\t\t\t<div class=\"elementor-element elementor-element-150be8f elementor-widget-tablet__width-inherit elementor-widget elementor-widget-heading\" data-id=\"150be8f\" data-element_type=\"widget\" data-e-type=\"widget\" data-widget_type=\"heading.default\">\n\t\t\t\t<div class=\"elementor-widget-container\">\n\t\t\t\t\t<h2 class=\"elementor-heading-title elementor-size-default\">Limitaci\u00f3n de responsabilidad\n<\/h2>\t\t\t\t<\/div>\n\t\t\t\t<\/div>\n\t\t\t\t<div class=\"elementor-element elementor-element-b83eb12 elementor-widget elementor-widget-text-editor\" data-id=\"b83eb12\" data-element_type=\"widget\" data-e-type=\"widget\" data-widget_type=\"text-editor.default\">\n\t\t\t\t<div class=\"elementor-widget-container\">\n\t\t\t\t\t\t\t\t\t<p>Los materiales de este sitio se proporcionan \u00abtal cual\u00bb, sin ninguna garant\u00eda expresa o impl\u00edcita de ning\u00fan tipo, incluidas las garant\u00edas de comerciabilidad, de no infracci\u00f3n de la propiedad intelectual o de idoneidad para un fin determinado. En ning\u00fan caso south-tek systems o sus agentes o directivos ser\u00e1n responsables de ning\u00fan da\u00f1o (incluyendo, sin limitaci\u00f3n, da\u00f1os por p\u00e9rdida de beneficios, interrupci\u00f3n de negocio, p\u00e9rdida de informaci\u00f3n, lesi\u00f3n o muerte) que surja del uso o incapacidad de uso de los materiales, incluso si south-tek systems ha sido advertido de la posibilidad de tales p\u00e9rdidas o da\u00f1os. <\/p>\n<p>Si tienes alguna pregunta sobre la informaci\u00f3n de esta cl\u00e1usula de exenci\u00f3n de responsabilidad, <a href=\"https:\/\/imimpact.freshdesk.com\/\">ponte en contacto con nosotros<\/a>.<\/p>\n\t\t\t\t\t\t\t\t<\/div>\n\t\t\t\t<\/div>\n\t\t\t\t\t<\/div>\n\t\t\t\t<\/div>\n\t\t\t\t<\/div>\n\t\t","protected":false},"excerpt":{"rendered":"<p>Descargo de responsabilidad Pol\u00edtica de correo electr\u00f3nico Nos comprometemos a mantener la confidencialidad de tu direcci\u00f3n de correo electr\u00f3nico. No vendemos, alquilamos ni cedemos nuestras listas de suscripci\u00f3n a terceros, y no proporcionaremos tu informaci\u00f3n personal a ning\u00fan tercero, organismo gubernamental o empresa en ning\u00fan momento, a menos que la ley nos obligue a hacerlo. [&hellip;]<\/p>\n","protected":false},"author":10,"featured_media":0,"parent":0,"menu_order":0,"comment_status":"closed","ping_status":"closed","template":"","meta":{"_jet_sm_ready_style":"","_jet_sm_style":"","_jet_sm_controls_values":"","_jet_sm_fonts_collection":"","_jet_sm_fonts_links":"","footnotes":""},"class_list":["post-13200","page","type-page","status-publish","hentry"],"yoast_head":"<!-- This site is optimized with the Yoast SEO plugin v27.0 - https:\/\/yoast.com\/product\/yoast-seo-wordpress\/ -->\n<title>Descargo de responsabilidad - South-Tek Systems - South-Tek Systems<\/title>\n<meta name=\"description\" content=\"Descargo de responsabilidad - South-Tek Systems\" \/>\n<meta name=\"robots\" content=\"index, follow, max-snippet:-1, max-image-preview:large, max-video-preview:-1\" \/>\n<link rel=\"canonical\" href=\"https:\/\/www.southteksystems.com\/es\/descargo-de-responsabilidad-south-tek-systems\/\" \/>\n<meta property=\"og:locale\" content=\"es_ES\" \/>\n<meta property=\"og:type\" content=\"article\" \/>\n<meta property=\"og:title\" content=\"Descargo de responsabilidad - South-Tek Systems - South-Tek Systems\" \/>\n<meta property=\"og:description\" content=\"Descargo de responsabilidad - South-Tek Systems\" \/>\n<meta property=\"og:url\" content=\"https:\/\/www.southteksystems.com\/es\/descargo-de-responsabilidad-south-tek-systems\/\" \/>\n<meta property=\"og:site_name\" content=\"South-Tek Systems\" \/>\n<meta property=\"article:publisher\" content=\"https:\/\/www.facebook.com\/southteksystems\" \/>\n<meta property=\"article:modified_time\" content=\"2026-01-12T12:23:23+00:00\" \/>\n<meta name=\"twitter:card\" content=\"summary_large_image\" \/>\n<meta name=\"twitter:site\" content=\"@southteksystems\" \/>\n<meta name=\"twitter:label1\" content=\"Tiempo de lectura\" \/>\n\t<meta name=\"twitter:data1\" content=\"4 minutos\" \/>\n<script type=\"application\/ld+json\" class=\"yoast-schema-graph\">{\"@context\":\"https:\/\/schema.org\",\"@graph\":[{\"@type\":\"WebPage\",\"@id\":\"https:\/\/www.southteksystems.com\/es\/descargo-de-responsabilidad-south-tek-systems\/\",\"url\":\"https:\/\/www.southteksystems.com\/es\/descargo-de-responsabilidad-south-tek-systems\/\",\"name\":\"Descargo de responsabilidad - South-Tek Systems - South-Tek Systems\",\"isPartOf\":{\"@id\":\"https:\/\/www.southteksystems.com\/es\/#website\"},\"datePublished\":\"2025-04-20T13:11:38+00:00\",\"dateModified\":\"2026-01-12T12:23:23+00:00\",\"description\":\"Descargo de responsabilidad - South-Tek Systems\",\"breadcrumb\":{\"@id\":\"https:\/\/www.southteksystems.com\/es\/descargo-de-responsabilidad-south-tek-systems\/#breadcrumb\"},\"inLanguage\":\"es\",\"potentialAction\":[{\"@type\":\"ReadAction\",\"target\":[\"https:\/\/www.southteksystems.com\/es\/descargo-de-responsabilidad-south-tek-systems\/\"]}]},{\"@type\":\"BreadcrumbList\",\"@id\":\"https:\/\/www.southteksystems.com\/es\/descargo-de-responsabilidad-south-tek-systems\/#breadcrumb\",\"itemListElement\":[{\"@type\":\"ListItem\",\"position\":1,\"name\":\"Home\",\"item\":\"https:\/\/www.southteksystems.com\/es\/\"},{\"@type\":\"ListItem\",\"position\":2,\"name\":\"Descargo de responsabilidad &#8211; South-Tek Systems\"}]},{\"@type\":\"WebSite\",\"@id\":\"https:\/\/www.southteksystems.com\/es\/#website\",\"url\":\"https:\/\/www.southteksystems.com\/es\/\",\"name\":\"South-Tek Systems\",\"description\":\"\",\"publisher\":{\"@id\":\"https:\/\/www.southteksystems.com\/es\/#organization\"},\"potentialAction\":[{\"@type\":\"SearchAction\",\"target\":{\"@type\":\"EntryPoint\",\"urlTemplate\":\"https:\/\/www.southteksystems.com\/es\/?s={search_term_string}\"},\"query-input\":{\"@type\":\"PropertyValueSpecification\",\"valueRequired\":true,\"valueName\":\"search_term_string\"}}],\"inLanguage\":\"es\"},{\"@type\":\"Organization\",\"@id\":\"https:\/\/www.southteksystems.com\/es\/#organization\",\"name\":\"South-Tek Systems\",\"url\":\"https:\/\/www.southteksystems.com\/es\/\",\"logo\":{\"@type\":\"ImageObject\",\"inLanguage\":\"es\",\"@id\":\"https:\/\/www.southteksystems.com\/es\/#\/schema\/logo\/image\/\",\"url\":\"https:\/\/www.southteksystems.com\/wp-content\/uploads\/2023\/03\/South-Tek7-1.svg\",\"contentUrl\":\"https:\/\/www.southteksystems.com\/wp-content\/uploads\/2023\/03\/South-Tek7-1.svg\",\"width\":2150,\"height\":512,\"caption\":\"South-Tek Systems\"},\"image\":{\"@id\":\"https:\/\/www.southteksystems.com\/es\/#\/schema\/logo\/image\/\"},\"sameAs\":[\"https:\/\/www.facebook.com\/southteksystems\",\"https:\/\/x.com\/southteksystems\",\"https:\/\/www.linkedin.com\/company\/south-tek-systems\/\"]}]}<\/script>\n<!-- \/ Yoast SEO plugin. -->","yoast_head_json":{"title":"Descargo de responsabilidad - South-Tek Systems - South-Tek Systems","description":"Descargo de responsabilidad - South-Tek Systems","robots":{"index":"index","follow":"follow","max-snippet":"max-snippet:-1","max-image-preview":"max-image-preview:large","max-video-preview":"max-video-preview:-1"},"canonical":"https:\/\/www.southteksystems.com\/es\/descargo-de-responsabilidad-south-tek-systems\/","og_locale":"es_ES","og_type":"article","og_title":"Descargo de responsabilidad - South-Tek Systems - South-Tek Systems","og_description":"Descargo de responsabilidad - South-Tek Systems","og_url":"https:\/\/www.southteksystems.com\/es\/descargo-de-responsabilidad-south-tek-systems\/","og_site_name":"South-Tek Systems","article_publisher":"https:\/\/www.facebook.com\/southteksystems","article_modified_time":"2026-01-12T12:23:23+00:00","twitter_card":"summary_large_image","twitter_site":"@southteksystems","twitter_misc":{"Tiempo de lectura":"4 minutos"},"schema":{"@context":"https:\/\/schema.org","@graph":[{"@type":"WebPage","@id":"https:\/\/www.southteksystems.com\/es\/descargo-de-responsabilidad-south-tek-systems\/","url":"https:\/\/www.southteksystems.com\/es\/descargo-de-responsabilidad-south-tek-systems\/","name":"Descargo de responsabilidad - South-Tek Systems - South-Tek Systems","isPartOf":{"@id":"https:\/\/www.southteksystems.com\/es\/#website"},"datePublished":"2025-04-20T13:11:38+00:00","dateModified":"2026-01-12T12:23:23+00:00","description":"Descargo de responsabilidad - South-Tek Systems","breadcrumb":{"@id":"https:\/\/www.southteksystems.com\/es\/descargo-de-responsabilidad-south-tek-systems\/#breadcrumb"},"inLanguage":"es","potentialAction":[{"@type":"ReadAction","target":["https:\/\/www.southteksystems.com\/es\/descargo-de-responsabilidad-south-tek-systems\/"]}]},{"@type":"BreadcrumbList","@id":"https:\/\/www.southteksystems.com\/es\/descargo-de-responsabilidad-south-tek-systems\/#breadcrumb","itemListElement":[{"@type":"ListItem","position":1,"name":"Home","item":"https:\/\/www.southteksystems.com\/es\/"},{"@type":"ListItem","position":2,"name":"Descargo de responsabilidad &#8211; South-Tek Systems"}]},{"@type":"WebSite","@id":"https:\/\/www.southteksystems.com\/es\/#website","url":"https:\/\/www.southteksystems.com\/es\/","name":"South-Tek Systems","description":"","publisher":{"@id":"https:\/\/www.southteksystems.com\/es\/#organization"},"potentialAction":[{"@type":"SearchAction","target":{"@type":"EntryPoint","urlTemplate":"https:\/\/www.southteksystems.com\/es\/?s={search_term_string}"},"query-input":{"@type":"PropertyValueSpecification","valueRequired":true,"valueName":"search_term_string"}}],"inLanguage":"es"},{"@type":"Organization","@id":"https:\/\/www.southteksystems.com\/es\/#organization","name":"South-Tek Systems","url":"https:\/\/www.southteksystems.com\/es\/","logo":{"@type":"ImageObject","inLanguage":"es","@id":"https:\/\/www.southteksystems.com\/es\/#\/schema\/logo\/image\/","url":"https:\/\/www.southteksystems.com\/wp-content\/uploads\/2023\/03\/South-Tek7-1.svg","contentUrl":"https:\/\/www.southteksystems.com\/wp-content\/uploads\/2023\/03\/South-Tek7-1.svg","width":2150,"height":512,"caption":"South-Tek Systems"},"image":{"@id":"https:\/\/www.southteksystems.com\/es\/#\/schema\/logo\/image\/"},"sameAs":["https:\/\/www.facebook.com\/southteksystems","https:\/\/x.com\/southteksystems","https:\/\/www.linkedin.com\/company\/south-tek-systems\/"]}]}},"_links":{"self":[{"href":"https:\/\/www.southteksystems.com\/es\/wp-json\/wp\/v2\/pages\/13200","targetHints":{"allow":["GET"]}}],"collection":[{"href":"https:\/\/www.southteksystems.com\/es\/wp-json\/wp\/v2\/pages"}],"about":[{"href":"https:\/\/www.southteksystems.com\/es\/wp-json\/wp\/v2\/types\/page"}],"author":[{"embeddable":true,"href":"https:\/\/www.southteksystems.com\/es\/wp-json\/wp\/v2\/users\/10"}],"replies":[{"embeddable":true,"href":"https:\/\/www.southteksystems.com\/es\/wp-json\/wp\/v2\/comments?post=13200"}],"version-history":[{"count":0,"href":"https:\/\/www.southteksystems.com\/es\/wp-json\/wp\/v2\/pages\/13200\/revisions"}],"wp:attachment":[{"href":"https:\/\/www.southteksystems.com\/es\/wp-json\/wp\/v2\/media?parent=13200"}],"curies":[{"name":"wp","href":"https:\/\/api.w.org\/{rel}","templated":true}]}}