{"id":13187,"date":"2025-05-12T18:32:15","date_gmt":"2025-05-12T18:32:15","guid":{"rendered":"https:\/\/www.southteksystems.com\/blog\/"},"modified":"2026-01-11T18:59:15","modified_gmt":"2026-01-11T18:59:15","slug":"blog","status":"publish","type":"page","link":"https:\/\/www.southteksystems.com\/es\/blog\/","title":{"rendered":"Blog"},"content":{"rendered":"\t\t<div data-elementor-type=\"wp-page\" data-elementor-id=\"13187\" class=\"elementor elementor-13187 elementor-12376\" data-elementor-post-type=\"page\">\n\t\t\t\t<div class=\"elementor-element elementor-element-a13de9a e-flex e-con-boxed e-con e-parent\" data-id=\"a13de9a\" data-element_type=\"container\" data-e-type=\"container\">\n\t\t\t\t\t<div class=\"e-con-inner\">\n\t\t\t\t<div class=\"elementor-element elementor-element-9949a4d elementor-widget-tablet__width-inherit elementor-widget elementor-widget-heading\" data-id=\"9949a4d\" data-element_type=\"widget\" data-e-type=\"widget\" data-widget_type=\"heading.default\">\n\t\t\t\t<div class=\"elementor-widget-container\">\n\t\t\t\t\t<h1 class=\"elementor-heading-title elementor-size-default\">Blog<\/h1>\t\t\t\t<\/div>\n\t\t\t\t<\/div>\n\t\t\t\t<div class=\"elementor-element elementor-element-f7eb545 elementor-posts--align-left elementor-grid-3 elementor-grid-tablet-2 elementor-grid-mobile-1 elementor-posts--thumbnail-top elementor-widget elementor-widget-posts\" data-id=\"f7eb545\" data-element_type=\"widget\" data-e-type=\"widget\" data-settings=\"{&quot;pagination_type&quot;:&quot;numbers_and_prev_next&quot;,&quot;classic_columns&quot;:&quot;3&quot;,&quot;classic_columns_tablet&quot;:&quot;2&quot;,&quot;classic_columns_mobile&quot;:&quot;1&quot;,&quot;classic_row_gap&quot;:{&quot;unit&quot;:&quot;px&quot;,&quot;size&quot;:35,&quot;sizes&quot;:[]},&quot;classic_row_gap_tablet&quot;:{&quot;unit&quot;:&quot;px&quot;,&quot;size&quot;:&quot;&quot;,&quot;sizes&quot;:[]},&quot;classic_row_gap_mobile&quot;:{&quot;unit&quot;:&quot;px&quot;,&quot;size&quot;:&quot;&quot;,&quot;sizes&quot;:[]}}\" data-widget_type=\"posts.classic\">\n\t\t\t\t<div class=\"elementor-widget-container\">\n\t\t\t\t\t\t\t<div class=\"elementor-posts-container elementor-posts elementor-posts--skin-classic elementor-grid\" role=\"list\">\n\t\t\t\t<article class=\"elementor-post elementor-grid-item post-8791 post type-post status-publish format-standard has-post-thumbnail hentry category-tecnologia-es\" role=\"listitem\">\n\t\t\t\t<a class=\"elementor-post__thumbnail__link\" href=\"https:\/\/www.southteksystems.com\/es\/uso-de-nitrogeno-en-lineas-de-transmision\/\" tabindex=\"-1\" >\n\t\t\t<div class=\"elementor-post__thumbnail\"><img fetchpriority=\"high\" decoding=\"async\" width=\"1200\" height=\"675\" src=\"https:\/\/www.southteksystems.com\/wp-content\/uploads\/2023\/04\/500kV_3-Phase_Transmission_Lines.png\" class=\"attachment-full size-full wp-image-8792\" alt=\"\" srcset=\"https:\/\/www.southteksystems.com\/wp-content\/uploads\/2023\/04\/500kV_3-Phase_Transmission_Lines.png 1200w, https:\/\/www.southteksystems.com\/wp-content\/uploads\/2023\/04\/500kV_3-Phase_Transmission_Lines-300x169.png 300w, https:\/\/www.southteksystems.com\/wp-content\/uploads\/2023\/04\/500kV_3-Phase_Transmission_Lines-1024x576.png 1024w, https:\/\/www.southteksystems.com\/wp-content\/uploads\/2023\/04\/500kV_3-Phase_Transmission_Lines-768x432.png 768w\" sizes=\"(max-width: 1200px) 100vw, 1200px\" \/><\/div>\n\t\t<\/a>\n\t\t\t\t<div class=\"elementor-post__text\">\n\t\t\t\t<h3 class=\"elementor-post__title\">\n\t\t\t<a href=\"https:\/\/www.southteksystems.com\/es\/uso-de-nitrogeno-en-lineas-de-transmision\/\" >\n\t\t\t\tUso de nitr\u00f3geno en l\u00edneas de transmisi\u00f3n\t\t\t<\/a>\n\t\t<\/h3>\n\t\t\t\t<div class=\"elementor-post__meta-data\">\n\t\t\t\t\t<span class=\"elementor-post-author\">\n\t\t\tSouth-Tek Systems\t\t<\/span>\n\t\t\t\t<span class=\"elementor-post-date\">\n\t\t\t9 de abril de 2023\t\t<\/span>\n\t\t\t\t<\/div>\n\t\t\t\t<div class=\"elementor-post__excerpt\">\n\t\t\t<p>Las l\u00edneas de transmisi\u00f3n pueden ser vulnerables a la corrosi\u00f3n si se exponen al ox\u00edgeno y la humedad, los dos<\/p>\n\t\t<\/div>\n\t\t\n\t\t<a class=\"elementor-post__read-more\" href=\"https:\/\/www.southteksystems.com\/es\/uso-de-nitrogeno-en-lineas-de-transmision\/\" aria-label=\"M\u00e1s informaci\u00f3n sobre Uso de nitr\u00f3geno en l\u00edneas de transmisi\u00f3n\" tabindex=\"-1\" >\n\t\t\tSigue leyendo \"\t\t<\/a>\n\n\t\t\t\t<\/div>\n\t\t\t\t<\/article>\n\t\t\t\t<article class=\"elementor-post elementor-grid-item post-8809 post type-post status-publish format-standard has-post-thumbnail hentry category-sector-aplicacion\" role=\"listitem\">\n\t\t\t\t<a class=\"elementor-post__thumbnail__link\" href=\"https:\/\/www.southteksystems.com\/es\/como-utiliza-dave-and-busters-los-generadores-de-nitrogeno\/\" tabindex=\"-1\" >\n\t\t\t<div class=\"elementor-post__thumbnail\"><img decoding=\"async\" width=\"1920\" height=\"1280\" src=\"https:\/\/www.southteksystems.com\/wp-content\/uploads\/2023\/03\/josh-olalde-5PGp5nDOKxI-unsplash.jpg\" class=\"attachment-full size-full wp-image-8811\" alt=\"BeerBlast Perfect pour\" srcset=\"https:\/\/www.southteksystems.com\/wp-content\/uploads\/2023\/03\/josh-olalde-5PGp5nDOKxI-unsplash.jpg 1920w, https:\/\/www.southteksystems.com\/wp-content\/uploads\/2023\/03\/josh-olalde-5PGp5nDOKxI-unsplash-300x200.jpg 300w, https:\/\/www.southteksystems.com\/wp-content\/uploads\/2023\/03\/josh-olalde-5PGp5nDOKxI-unsplash-1024x683.jpg 1024w, https:\/\/www.southteksystems.com\/wp-content\/uploads\/2023\/03\/josh-olalde-5PGp5nDOKxI-unsplash-768x512.jpg 768w, https:\/\/www.southteksystems.com\/wp-content\/uploads\/2023\/03\/josh-olalde-5PGp5nDOKxI-unsplash-1536x1024.jpg 1536w\" sizes=\"(max-width: 1920px) 100vw, 1920px\" \/><\/div>\n\t\t<\/a>\n\t\t\t\t<div class=\"elementor-post__text\">\n\t\t\t\t<h3 class=\"elementor-post__title\">\n\t\t\t<a href=\"https:\/\/www.southteksystems.com\/es\/como-utiliza-dave-and-busters-los-generadores-de-nitrogeno\/\" >\n\t\t\t\tC\u00f3mo utiliza Dave and Busters los generadores de nitr\u00f3geno\t\t\t<\/a>\n\t\t<\/h3>\n\t\t\t\t<div class=\"elementor-post__meta-data\">\n\t\t\t\t\t<span class=\"elementor-post-author\">\n\t\t\tSouth-Tek Systems\t\t<\/span>\n\t\t\t\t<span class=\"elementor-post-date\">\n\t\t\t14 de febrero de 2023\t\t<\/span>\n\t\t\t\t<\/div>\n\t\t\t\t<div class=\"elementor-post__excerpt\">\n\t\t\t<p>Dave and Busters, una de las marcas de restaurantes de mayor reconocimiento en Estados Unidos con m\u00e1s de 60 establecimientos<\/p>\n\t\t<\/div>\n\t\t\n\t\t<a class=\"elementor-post__read-more\" href=\"https:\/\/www.southteksystems.com\/es\/como-utiliza-dave-and-busters-los-generadores-de-nitrogeno\/\" aria-label=\"M\u00e1s informaci\u00f3n sobre C\u00f3mo utiliza Dave and Busters los generadores de nitr\u00f3geno\" tabindex=\"-1\" >\n\t\t\tSigue leyendo \"\t\t<\/a>\n\n\t\t\t\t<\/div>\n\t\t\t\t<\/article>\n\t\t\t\t<article class=\"elementor-post elementor-grid-item post-8813 post type-post status-publish format-standard has-post-thumbnail hentry category-servicio-de-atencion-al-cliente\" role=\"listitem\">\n\t\t\t\t<a class=\"elementor-post__thumbnail__link\" href=\"https:\/\/www.southteksystems.com\/es\/n2gen-generadores-mission-critical-nitrogen-para-corte-con-laser\/\" tabindex=\"-1\" >\n\t\t\t<div class=\"elementor-post__thumbnail\"><img decoding=\"async\" width=\"800\" height=\"507\" src=\"https:\/\/www.southteksystems.com\/wp-content\/uploads\/2022\/12\/laser-cutting.jpg\" class=\"attachment-full size-full wp-image-8814\" alt=\"\" srcset=\"https:\/\/www.southteksystems.com\/wp-content\/uploads\/2022\/12\/laser-cutting.jpg 800w, https:\/\/www.southteksystems.com\/wp-content\/uploads\/2022\/12\/laser-cutting-300x190.jpg 300w, https:\/\/www.southteksystems.com\/wp-content\/uploads\/2022\/12\/laser-cutting-768x487.jpg 768w\" sizes=\"(max-width: 800px) 100vw, 800px\" \/><\/div>\n\t\t<\/a>\n\t\t\t\t<div class=\"elementor-post__text\">\n\t\t\t\t<h3 class=\"elementor-post__title\">\n\t\t\t<a href=\"https:\/\/www.southteksystems.com\/es\/n2gen-generadores-mission-critical-nitrogen-para-corte-con-laser\/\" >\n\t\t\t\tN2GEN: Generadores Mission-Critical Nitrogen\u2122 para corte con l\u00e1ser\t\t\t<\/a>\n\t\t<\/h3>\n\t\t\t\t<div class=\"elementor-post__meta-data\">\n\t\t\t\t\t<span class=\"elementor-post-author\">\n\t\t\tSouth-Tek Systems\t\t<\/span>\n\t\t\t\t<span class=\"elementor-post-date\">\n\t\t\t19 de diciembre de 2022\t\t<\/span>\n\t\t\t\t<\/div>\n\t\t\t\t<div class=\"elementor-post__excerpt\">\n\t\t\t<p>\u00abLa serie para l\u00e1ser de generadores Mission-Critical Nitrogen\u2122 de South-Tek Systems se ha dise\u00f1ado para satisfacer las diferentes necesidades de<\/p>\n\t\t<\/div>\n\t\t\n\t\t<a class=\"elementor-post__read-more\" href=\"https:\/\/www.southteksystems.com\/es\/n2gen-generadores-mission-critical-nitrogen-para-corte-con-laser\/\" aria-label=\"M\u00e1s informaci\u00f3n sobre N2GEN: Generadores Mission-Critical Nitrogen\u2122 para corte con l\u00e1ser\" tabindex=\"-1\" >\n\t\t\tSigue leyendo \"\t\t<\/a>\n\n\t\t\t\t<\/div>\n\t\t\t\t<\/article>\n\t\t\t\t<\/div>\n\t\t\n\t\t\t\t\t\t<\/div>\n\t\t\t\t<\/div>\n\t\t\t\t\t<\/div>\n\t\t\t\t<\/div>\n\t\t\t\t<\/div>\n\t\t","protected":false},"excerpt":{"rendered":"<p>Blog<\/p>\n","protected":false},"author":10,"featured_media":0,"parent":0,"menu_order":0,"comment_status":"closed","ping_status":"closed","template":"","meta":{"_jet_sm_ready_style":"","_jet_sm_style":"","_jet_sm_controls_values":"","_jet_sm_fonts_collection":"","_jet_sm_fonts_links":"","footnotes":""},"class_list":["post-13187","page","type-page","status-publish","hentry"],"yoast_head":"<!-- This site is optimized with the Yoast SEO plugin v27.0 - https:\/\/yoast.com\/product\/yoast-seo-wordpress\/ -->\n<title>Blog - South-Tek Systems<\/title>\n<meta name=\"description\" content=\"En el blog de South-Tek Systems encontrar\u00e1s historias de \u00e9xito, noticias, tendencias y m\u00e1s informaci\u00f3n sobre el sector.\" \/>\n<meta name=\"robots\" content=\"index, follow, max-snippet:-1, max-image-preview:large, max-video-preview:-1\" \/>\n<link rel=\"canonical\" href=\"https:\/\/www.southteksystems.com\/es\/blog\/\" \/>\n<meta property=\"og:locale\" content=\"es_ES\" \/>\n<meta property=\"og:type\" content=\"article\" \/>\n<meta property=\"og:title\" content=\"Blog - South-Tek Systems\" \/>\n<meta property=\"og:description\" content=\"En el blog de South-Tek Systems encontrar\u00e1s historias de \u00e9xito, noticias, tendencias y m\u00e1s informaci\u00f3n sobre el sector.\" \/>\n<meta property=\"og:url\" content=\"https:\/\/www.southteksystems.com\/es\/blog\/\" \/>\n<meta property=\"og:site_name\" content=\"South-Tek Systems\" \/>\n<meta property=\"article:publisher\" content=\"https:\/\/www.facebook.com\/southteksystems\" \/>\n<meta property=\"article:modified_time\" content=\"2026-01-11T18:59:15+00:00\" \/>\n<meta name=\"twitter:card\" content=\"summary_large_image\" \/>\n<meta name=\"twitter:site\" content=\"@southteksystems\" \/>\n<script type=\"application\/ld+json\" class=\"yoast-schema-graph\">{\"@context\":\"https:\/\/schema.org\",\"@graph\":[{\"@type\":\"WebPage\",\"@id\":\"https:\/\/www.southteksystems.com\/es\/blog\/\",\"url\":\"https:\/\/www.southteksystems.com\/es\/blog\/\",\"name\":\"Blog - South-Tek Systems\",\"isPartOf\":{\"@id\":\"https:\/\/www.southteksystems.com\/es\/#website\"},\"datePublished\":\"2025-05-12T18:32:15+00:00\",\"dateModified\":\"2026-01-11T18:59:15+00:00\",\"description\":\"En el blog de South-Tek Systems encontrar\u00e1s historias de \u00e9xito, noticias, tendencias y m\u00e1s informaci\u00f3n sobre el sector.\",\"breadcrumb\":{\"@id\":\"https:\/\/www.southteksystems.com\/es\/blog\/#breadcrumb\"},\"inLanguage\":\"es\",\"potentialAction\":[{\"@type\":\"ReadAction\",\"target\":[\"https:\/\/www.southteksystems.com\/es\/blog\/\"]}]},{\"@type\":\"BreadcrumbList\",\"@id\":\"https:\/\/www.southteksystems.com\/es\/blog\/#breadcrumb\",\"itemListElement\":[{\"@type\":\"ListItem\",\"position\":1,\"name\":\"Home\",\"item\":\"https:\/\/www.southteksystems.com\/es\/\"},{\"@type\":\"ListItem\",\"position\":2,\"name\":\"Blog\"}]},{\"@type\":\"WebSite\",\"@id\":\"https:\/\/www.southteksystems.com\/es\/#website\",\"url\":\"https:\/\/www.southteksystems.com\/es\/\",\"name\":\"South-Tek Systems\",\"description\":\"\",\"publisher\":{\"@id\":\"https:\/\/www.southteksystems.com\/es\/#organization\"},\"potentialAction\":[{\"@type\":\"SearchAction\",\"target\":{\"@type\":\"EntryPoint\",\"urlTemplate\":\"https:\/\/www.southteksystems.com\/es\/?s={search_term_string}\"},\"query-input\":{\"@type\":\"PropertyValueSpecification\",\"valueRequired\":true,\"valueName\":\"search_term_string\"}}],\"inLanguage\":\"es\"},{\"@type\":\"Organization\",\"@id\":\"https:\/\/www.southteksystems.com\/es\/#organization\",\"name\":\"South-Tek Systems\",\"url\":\"https:\/\/www.southteksystems.com\/es\/\",\"logo\":{\"@type\":\"ImageObject\",\"inLanguage\":\"es\",\"@id\":\"https:\/\/www.southteksystems.com\/es\/#\/schema\/logo\/image\/\",\"url\":\"https:\/\/www.southteksystems.com\/wp-content\/uploads\/2023\/03\/South-Tek7-1.svg\",\"contentUrl\":\"https:\/\/www.southteksystems.com\/wp-content\/uploads\/2023\/03\/South-Tek7-1.svg\",\"width\":2150,\"height\":512,\"caption\":\"South-Tek Systems\"},\"image\":{\"@id\":\"https:\/\/www.southteksystems.com\/es\/#\/schema\/logo\/image\/\"},\"sameAs\":[\"https:\/\/www.facebook.com\/southteksystems\",\"https:\/\/x.com\/southteksystems\",\"https:\/\/www.linkedin.com\/company\/south-tek-systems\/\"]}]}<\/script>\n<!-- \/ Yoast SEO plugin. -->","yoast_head_json":{"title":"Blog - South-Tek Systems","description":"En el blog de South-Tek Systems encontrar\u00e1s historias de \u00e9xito, noticias, tendencias y m\u00e1s informaci\u00f3n sobre el sector.","robots":{"index":"index","follow":"follow","max-snippet":"max-snippet:-1","max-image-preview":"max-image-preview:large","max-video-preview":"max-video-preview:-1"},"canonical":"https:\/\/www.southteksystems.com\/es\/blog\/","og_locale":"es_ES","og_type":"article","og_title":"Blog - South-Tek Systems","og_description":"En el blog de South-Tek Systems encontrar\u00e1s historias de \u00e9xito, noticias, tendencias y m\u00e1s informaci\u00f3n sobre el sector.","og_url":"https:\/\/www.southteksystems.com\/es\/blog\/","og_site_name":"South-Tek Systems","article_publisher":"https:\/\/www.facebook.com\/southteksystems","article_modified_time":"2026-01-11T18:59:15+00:00","twitter_card":"summary_large_image","twitter_site":"@southteksystems","schema":{"@context":"https:\/\/schema.org","@graph":[{"@type":"WebPage","@id":"https:\/\/www.southteksystems.com\/es\/blog\/","url":"https:\/\/www.southteksystems.com\/es\/blog\/","name":"Blog - South-Tek Systems","isPartOf":{"@id":"https:\/\/www.southteksystems.com\/es\/#website"},"datePublished":"2025-05-12T18:32:15+00:00","dateModified":"2026-01-11T18:59:15+00:00","description":"En el blog de South-Tek Systems encontrar\u00e1s historias de \u00e9xito, noticias, tendencias y m\u00e1s informaci\u00f3n sobre el sector.","breadcrumb":{"@id":"https:\/\/www.southteksystems.com\/es\/blog\/#breadcrumb"},"inLanguage":"es","potentialAction":[{"@type":"ReadAction","target":["https:\/\/www.southteksystems.com\/es\/blog\/"]}]},{"@type":"BreadcrumbList","@id":"https:\/\/www.southteksystems.com\/es\/blog\/#breadcrumb","itemListElement":[{"@type":"ListItem","position":1,"name":"Home","item":"https:\/\/www.southteksystems.com\/es\/"},{"@type":"ListItem","position":2,"name":"Blog"}]},{"@type":"WebSite","@id":"https:\/\/www.southteksystems.com\/es\/#website","url":"https:\/\/www.southteksystems.com\/es\/","name":"South-Tek Systems","description":"","publisher":{"@id":"https:\/\/www.southteksystems.com\/es\/#organization"},"potentialAction":[{"@type":"SearchAction","target":{"@type":"EntryPoint","urlTemplate":"https:\/\/www.southteksystems.com\/es\/?s={search_term_string}"},"query-input":{"@type":"PropertyValueSpecification","valueRequired":true,"valueName":"search_term_string"}}],"inLanguage":"es"},{"@type":"Organization","@id":"https:\/\/www.southteksystems.com\/es\/#organization","name":"South-Tek Systems","url":"https:\/\/www.southteksystems.com\/es\/","logo":{"@type":"ImageObject","inLanguage":"es","@id":"https:\/\/www.southteksystems.com\/es\/#\/schema\/logo\/image\/","url":"https:\/\/www.southteksystems.com\/wp-content\/uploads\/2023\/03\/South-Tek7-1.svg","contentUrl":"https:\/\/www.southteksystems.com\/wp-content\/uploads\/2023\/03\/South-Tek7-1.svg","width":2150,"height":512,"caption":"South-Tek Systems"},"image":{"@id":"https:\/\/www.southteksystems.com\/es\/#\/schema\/logo\/image\/"},"sameAs":["https:\/\/www.facebook.com\/southteksystems","https:\/\/x.com\/southteksystems","https:\/\/www.linkedin.com\/company\/south-tek-systems\/"]}]}},"_links":{"self":[{"href":"https:\/\/www.southteksystems.com\/es\/wp-json\/wp\/v2\/pages\/13187","targetHints":{"allow":["GET"]}}],"collection":[{"href":"https:\/\/www.southteksystems.com\/es\/wp-json\/wp\/v2\/pages"}],"about":[{"href":"https:\/\/www.southteksystems.com\/es\/wp-json\/wp\/v2\/types\/page"}],"author":[{"embeddable":true,"href":"https:\/\/www.southteksystems.com\/es\/wp-json\/wp\/v2\/users\/10"}],"replies":[{"embeddable":true,"href":"https:\/\/www.southteksystems.com\/es\/wp-json\/wp\/v2\/comments?post=13187"}],"version-history":[{"count":0,"href":"https:\/\/www.southteksystems.com\/es\/wp-json\/wp\/v2\/pages\/13187\/revisions"}],"wp:attachment":[{"href":"https:\/\/www.southteksystems.com\/es\/wp-json\/wp\/v2\/media?parent=13187"}],"curies":[{"name":"wp","href":"https:\/\/api.w.org\/{rel}","templated":true}]}}