{"id":13625,"date":"2026-03-30T09:06:30","date_gmt":"2026-03-30T09:06:30","guid":{"rendered":"https:\/\/www.southteksystems.com\/container-systeme-n2-o2-air\/"},"modified":"2026-04-03T09:22:34","modified_gmt":"2026-04-03T09:22:34","slug":"container-systeme-n2-o2-air","status":"publish","type":"page","link":"https:\/\/www.southteksystems.com\/de\/container-systeme-n2-o2-air\/","title":{"rendered":"Container-Systeme (N2\/O2\/AIR)"},"content":{"rendered":"\t\t<div data-elementor-type=\"wp-page\" data-elementor-id=\"13625\" class=\"elementor elementor-13625 elementor-13623\" data-elementor-post-type=\"page\">\n\t\t\t\t<div class=\"elementor-element elementor-element-310bee9 e-con-full alternate-theme-switch e-flex e-con e-parent\" data-id=\"310bee9\" data-element_type=\"container\" data-e-type=\"container\" data-settings=\"{&quot;background_background&quot;:&quot;classic&quot;}\">\n\t\t<div class=\"elementor-element elementor-element-a564c87 e-con-full e-flex e-con e-child\" data-id=\"a564c87\" data-element_type=\"container\" data-e-type=\"container\">\n\t\t\t\t<div class=\"elementor-element elementor-element-decab7b elementor-widget-tablet__width-inherit elementor-widget elementor-widget-heading\" data-id=\"decab7b\" data-element_type=\"widget\" data-e-type=\"widget\" data-widget_type=\"heading.default\">\n\t\t\t\t<div class=\"elementor-widget-container\">\n\t\t\t\t\t<h1 class=\"elementor-heading-title elementor-size-default\">Container-Systeme (N2\/O2\/AIR)<\/h1>\t\t\t\t<\/div>\n\t\t\t\t<\/div>\n\t\t\t\t<div class=\"elementor-element elementor-element-23359bd elementor-widget elementor-widget-text-editor\" data-id=\"23359bd\" data-element_type=\"widget\" data-e-type=\"widget\" data-widget_type=\"text-editor.default\">\n\t\t\t\t<div class=\"elementor-widget-container\">\n\t\t\t\t\t\t\t\t\t<p>Das CS-410 IC Container-Stickstoffgeneratorsystem von South-Tek bietet eine zuverl\u00e4ssige, bedarfsgerechte Versorgung mit hochreinem (bis zu 99,999%) Stickstoff, wodurch Verz\u00f6gerungen bei der Lieferung durch Gasunternehmen vermieden und die langfristigen Kosten um bis zu 60% gesenkt werden k\u00f6nnen.<\/p>\t\t\t\t\t\t\t\t<\/div>\n\t\t\t\t<\/div>\n\t\t\t\t<\/div>\n\t\t\t\t<\/div>\n\t\t<div class=\"elementor-element elementor-element-1024a6c e-con-full e-flex e-con e-parent\" data-id=\"1024a6c\" data-element_type=\"container\" data-e-type=\"container\" data-settings=\"{&quot;background_background&quot;:&quot;classic&quot;}\">\n\t\t<div class=\"elementor-element elementor-element-31b4a46 e-flex e-con-boxed e-con e-child\" data-id=\"31b4a46\" data-element_type=\"container\" data-e-type=\"container\">\n\t\t\t\t\t<div class=\"e-con-inner\">\n\t\t\t\t<div class=\"elementor-element elementor-element-6123d08 elementor-widget__width-inherit elementor-widget-tablet__width-inherit elementor-widget elementor-widget-heading\" data-id=\"6123d08\" data-element_type=\"widget\" data-e-type=\"widget\" data-widget_type=\"heading.default\">\n\t\t\t\t<div class=\"elementor-widget-container\">\n\t\t\t\t\t<h2 class=\"elementor-heading-title elementor-size-default\">Unsere schl\u00fcsselfertigen, im Freien installierten Systeme bieten eine einfache Installation, verbesserte Energieeffizienz und machen wertvollen Platz in Innenr\u00e4umen frei.<\/h2>\t\t\t\t<\/div>\n\t\t\t\t<\/div>\n\t\t\t\t\t<\/div>\n\t\t\t\t<\/div>\n\t\t\t\t<\/div>\n\t\t<div class=\"elementor-element elementor-element-d290e10 e-flex e-con-boxed e-con e-parent\" data-id=\"d290e10\" data-element_type=\"container\" data-e-type=\"container\">\n\t\t\t\t\t<div class=\"e-con-inner\">\n\t\t<div class=\"elementor-element elementor-element-8e71420 e-con-full e-flex e-con e-child\" data-id=\"8e71420\" data-element_type=\"container\" data-e-type=\"container\">\n\t\t\t\t<div class=\"elementor-element elementor-element-8465587 elementor-widget elementor-widget-heading\" data-id=\"8465587\" data-element_type=\"widget\" data-e-type=\"widget\" data-widget_type=\"heading.default\">\n\t\t\t\t<div class=\"elementor-widget-container\">\n\t\t\t\t\t<h2 class=\"elementor-heading-title elementor-size-default\">\n<sub>N2GEN<\/sub>CS-410 IC\n<\/h2>\t\t\t\t<\/div>\n\t\t\t\t<\/div>\n\t\t\t\t<div class=\"elementor-element elementor-element-8d346ad elementor-widget elementor-widget-text-editor\" data-id=\"8d346ad\" data-element_type=\"widget\" data-e-type=\"widget\" data-widget_type=\"text-editor.default\">\n\t\t\t\t<div class=\"elementor-widget-container\">\n\t\t\t\t\t\t\t\t\t<div id=\"image-text-bg\" class=\"background-first-section-first wpb_column vc_column_container vc_col-sm-8 vc_col-xs-12 vc_col-has-fill\"><div class=\"vc_column-inner vc_custom_1687769447320\"><div class=\"wpb_wrapper\"><div class=\"wpb_text_column wpb_content_element vc_custom_1695029494376\"><div class=\"wpb_wrapper\"><p><span style=\"font-weight: 400;\">Zu den wichtigsten Vorteilen einer South-Tek PSA-Anlage zur Stickstofferzeugung in Containern geh\u00f6ren:<\/span><\/p><ul><li style=\"font-weight: 400;\" aria-level=\"1\"><b>Verl\u00e4sslichkeit und Bequemlichkeit:<\/b><span style=\"font-weight: 400;\"> Diese Systeme bieten eine kontinuierliche, bedarfsgerechte Versorgung mit Stickstoff und machen Sie unabh\u00e4ngig von Gasunternehmen, Lieferpl\u00e4nen und Lagerverwaltung.<\/span><\/li><li style=\"font-weight: 400;\" aria-level=\"1\"><b>Echte Kosteneinsparungen:<\/b><span style=\"font-weight: 400;\">  Da der Bedarf an geliefertem Stickstoff und Mietgeb\u00fchren entf\u00e4llt, k\u00f6nnen N2-Nutzer ihre Betriebskosten erheblich senken. Die hohe Effizienz des Systems ist das Ergebnis der Art und Weise, wie wir den Kompressor, den Generator und andere Komponenten konfigurieren. <\/span><\/li><li style=\"font-weight: 400;\" aria-level=\"1\"><b>Raumfahrt-Optimierung und Mobilit\u00e4t<\/b><span style=\"font-weight: 400;\">: Da das Ger\u00e4t in einem Container untergebracht ist, kann es im Freien oder an abgelegenen Orten installiert werden und spart so wertvollen Platz in Innenr\u00e4umen.<\/span><\/li><li style=\"font-weight: 400;\" aria-level=\"1\"><b>Sicherheit:<\/b><span style=\"font-weight: 400;\"> Unsere Systeme beseitigen die Gefahren, die mit dem Umgang mit Hochdruckgasflaschen verbunden sind.<\/span><\/li><li style=\"font-weight: 400;\" aria-level=\"1\"><b>Anpassbare N2-Reinheit:<\/b><span style=\"font-weight: 400;\"> Die Systeme k\u00f6nnen so konfiguriert werden, dass sie Stickstoff in bestimmten Reinheitsgraden (von 95% bis 99,999%) produzieren, um die kritischen N2-Reinheitsanforderungen von Anwendungen wie Laserschneiden, Lebensmittel- und Getr\u00e4nkeherstellung, Produktion von elektrischen Komponenten und anderen industriellen Anwendungen zu erf\u00fcllen.<\/span><\/li><li aria-level=\"1\"><b>Nachhaltigkeit:<\/b><span> Die N2-Erzeugung vor Ort senkt die CO2-Bilanz, da der Transport von Stickstoff per LKW entf\u00e4llt.<\/span><\/li><\/ul><\/div><\/div><\/div><\/div><\/div>\t\t\t\t\t\t\t\t<\/div>\n\t\t\t\t<\/div>\n\t\t\t\t<div class=\"elementor-element elementor-element-8b5bbb0 elementor-mobile-align-center elementor-align-left elementor-widget elementor-widget-button\" data-id=\"8b5bbb0\" data-element_type=\"widget\" data-e-type=\"widget\" data-widget_type=\"button.default\">\n\t\t\t\t<div class=\"elementor-widget-container\">\n\t\t\t\t\t\t\t\t\t<div class=\"elementor-button-wrapper\">\n\t\t\t\t\t<a class=\"elementor-button elementor-button-link elementor-size-sm\" href=\"https:\/\/www.southteksystems.com\/wp-content\/uploads\/2026\/03\/Containerized-N2GEN-CS-410-IC.pdf\">\n\t\t\t\t\t\t<span class=\"elementor-button-content-wrapper\">\n\t\t\t\t\t\t\t\t\t<span class=\"elementor-button-text\">Verkaufsblatt herunterladen<\/span>\n\t\t\t\t\t<\/span>\n\t\t\t\t\t<\/a>\n\t\t\t\t<\/div>\n\t\t\t\t\t\t\t\t<\/div>\n\t\t\t\t<\/div>\n\t\t\t\t<\/div>\n\t\t<div class=\"elementor-element elementor-element-e948fe5 e-con-full e-flex e-con e-child\" data-id=\"e948fe5\" data-element_type=\"container\" data-e-type=\"container\" data-settings=\"{&quot;background_background&quot;:&quot;classic&quot;}\">\n\t\t\t\t<div class=\"elementor-element elementor-element-5f3f460 elementor-widget elementor-widget-image\" data-id=\"5f3f460\" data-element_type=\"widget\" data-e-type=\"widget\" data-widget_type=\"image.default\">\n\t\t\t\t<div class=\"elementor-widget-container\">\n\t\t\t\t\t\t\t\t\t\t\t\t\t\t\t<img fetchpriority=\"high\" decoding=\"async\" width=\"600\" height=\"800\" src=\"https:\/\/www.southteksystems.com\/wp-content\/uploads\/2026\/04\/For-STS-Website-N2GEN-CS-140-IC.png\" class=\"attachment-full size-full wp-image-13656\" alt=\"\" srcset=\"https:\/\/www.southteksystems.com\/wp-content\/uploads\/2026\/04\/For-STS-Website-N2GEN-CS-140-IC.png 600w, https:\/\/www.southteksystems.com\/wp-content\/uploads\/2026\/04\/For-STS-Website-N2GEN-CS-140-IC-225x300.png 225w\" sizes=\"(max-width: 600px) 100vw, 600px\" \/>\t\t\t\t\t\t\t\t\t\t\t\t\t\t\t<\/div>\n\t\t\t\t<\/div>\n\t\t\t\t<\/div>\n\t\t\t\t\t<\/div>\n\t\t\t\t<\/div>\n\t\t\t\t<\/div>\n\t\t","protected":false},"excerpt":{"rendered":"<p>Container-Systeme (N2\/O2\/AIR) Das CS-410 IC Container-Stickstoffgeneratorsystem von South-Tek bietet eine zuverl\u00e4ssige, bedarfsgerechte Versorgung mit hochreinem (bis zu 99,999%) Stickstoff, wodurch Verz\u00f6gerungen bei der Lieferung durch Gasunternehmen vermieden und die langfristigen Kosten um bis zu 60% gesenkt werden k\u00f6nnen. Unsere schl\u00fcsselfertigen, im Freien installierten Systeme bieten eine einfache Installation, verbesserte Energieeffizienz und machen wertvollen Platz in [&hellip;]<\/p>\n","protected":false},"author":10,"featured_media":0,"parent":0,"menu_order":0,"comment_status":"closed","ping_status":"closed","template":"","meta":{"_jet_sm_ready_style":"","_jet_sm_style":"","_jet_sm_controls_values":"","_jet_sm_fonts_collection":"","_jet_sm_fonts_links":"","footnotes":""},"class_list":["post-13625","page","type-page","status-publish","hentry"],"yoast_head":"<!-- This site is optimized with the Yoast SEO plugin v27.4 - https:\/\/yoast.com\/product\/yoast-seo-wordpress\/ -->\n<title>Container-Systeme (N2\/O2\/AIR) - South-Tek Systems<\/title>\n<meta name=\"robots\" content=\"index, follow, max-snippet:-1, max-image-preview:large, max-video-preview:-1\" \/>\n<link rel=\"canonical\" href=\"https:\/\/www.southteksystems.com\/de\/container-systeme-n2-o2-air\/\" \/>\n<meta property=\"og:locale\" content=\"de_DE\" \/>\n<meta property=\"og:type\" content=\"article\" \/>\n<meta property=\"og:title\" content=\"Container-Systeme (N2\/O2\/AIR) - South-Tek Systems\" \/>\n<meta property=\"og:description\" content=\"Container-Systeme (N2\/O2\/AIR) Das CS-410 IC Container-Stickstoffgeneratorsystem von South-Tek bietet eine zuverl\u00e4ssige, bedarfsgerechte Versorgung mit hochreinem (bis zu 99,999%) Stickstoff, wodurch Verz\u00f6gerungen bei der Lieferung durch Gasunternehmen vermieden und die langfristigen Kosten um bis zu 60% gesenkt werden k\u00f6nnen. Unsere schl\u00fcsselfertigen, im Freien installierten Systeme bieten eine einfache Installation, verbesserte Energieeffizienz und machen wertvollen Platz in [&hellip;]\" \/>\n<meta property=\"og:url\" content=\"https:\/\/www.southteksystems.com\/de\/container-systeme-n2-o2-air\/\" \/>\n<meta property=\"og:site_name\" content=\"South-Tek Systems\" \/>\n<meta property=\"article:publisher\" content=\"https:\/\/www.facebook.com\/southteksystems\" \/>\n<meta property=\"article:modified_time\" content=\"2026-04-03T09:22:34+00:00\" \/>\n<meta property=\"og:image\" content=\"https:\/\/www.southteksystems.com\/wp-content\/uploads\/2026\/04\/For-STS-Website-N2GEN-CS-140-IC.png\" \/>\n\t<meta property=\"og:image:width\" content=\"600\" \/>\n\t<meta property=\"og:image:height\" content=\"800\" \/>\n\t<meta property=\"og:image:type\" content=\"image\/png\" \/>\n<meta name=\"twitter:card\" content=\"summary_large_image\" \/>\n<meta name=\"twitter:site\" content=\"@southteksystems\" \/>\n<meta name=\"twitter:label1\" content=\"Gesch\u00e4tzte Lesezeit\" \/>\n\t<meta name=\"twitter:data1\" content=\"1\u00a0Minute\" \/>\n<script type=\"application\/ld+json\" class=\"yoast-schema-graph\">{\"@context\":\"https:\\\/\\\/schema.org\",\"@graph\":[{\"@type\":\"WebPage\",\"@id\":\"https:\\\/\\\/www.southteksystems.com\\\/de\\\/container-systeme-n2-o2-air\\\/\",\"url\":\"https:\\\/\\\/www.southteksystems.com\\\/de\\\/container-systeme-n2-o2-air\\\/\",\"name\":\"Container-Systeme (N2\\\/O2\\\/AIR) - South-Tek Systems\",\"isPartOf\":{\"@id\":\"https:\\\/\\\/www.southteksystems.com\\\/de\\\/#website\"},\"primaryImageOfPage\":{\"@id\":\"https:\\\/\\\/www.southteksystems.com\\\/de\\\/container-systeme-n2-o2-air\\\/#primaryimage\"},\"image\":{\"@id\":\"https:\\\/\\\/www.southteksystems.com\\\/de\\\/container-systeme-n2-o2-air\\\/#primaryimage\"},\"thumbnailUrl\":\"https:\\\/\\\/www.southteksystems.com\\\/wp-content\\\/uploads\\\/2026\\\/04\\\/For-STS-Website-N2GEN-CS-140-IC.png\",\"datePublished\":\"2026-03-30T09:06:30+00:00\",\"dateModified\":\"2026-04-03T09:22:34+00:00\",\"breadcrumb\":{\"@id\":\"https:\\\/\\\/www.southteksystems.com\\\/de\\\/container-systeme-n2-o2-air\\\/#breadcrumb\"},\"inLanguage\":\"de\",\"potentialAction\":[{\"@type\":\"ReadAction\",\"target\":[\"https:\\\/\\\/www.southteksystems.com\\\/de\\\/container-systeme-n2-o2-air\\\/\"]}]},{\"@type\":\"ImageObject\",\"inLanguage\":\"de\",\"@id\":\"https:\\\/\\\/www.southteksystems.com\\\/de\\\/container-systeme-n2-o2-air\\\/#primaryimage\",\"url\":\"https:\\\/\\\/www.southteksystems.com\\\/wp-content\\\/uploads\\\/2026\\\/04\\\/For-STS-Website-N2GEN-CS-140-IC.png\",\"contentUrl\":\"https:\\\/\\\/www.southteksystems.com\\\/wp-content\\\/uploads\\\/2026\\\/04\\\/For-STS-Website-N2GEN-CS-140-IC.png\"},{\"@type\":\"BreadcrumbList\",\"@id\":\"https:\\\/\\\/www.southteksystems.com\\\/de\\\/container-systeme-n2-o2-air\\\/#breadcrumb\",\"itemListElement\":[{\"@type\":\"ListItem\",\"position\":1,\"name\":\"Home\",\"item\":\"https:\\\/\\\/www.southteksystems.com\\\/de\\\/\"},{\"@type\":\"ListItem\",\"position\":2,\"name\":\"Container-Systeme (N2\\\/O2\\\/AIR)\"}]},{\"@type\":\"WebSite\",\"@id\":\"https:\\\/\\\/www.southteksystems.com\\\/de\\\/#website\",\"url\":\"https:\\\/\\\/www.southteksystems.com\\\/de\\\/\",\"name\":\"South-Tek Systems\",\"description\":\"\",\"publisher\":{\"@id\":\"https:\\\/\\\/www.southteksystems.com\\\/de\\\/#organization\"},\"potentialAction\":[{\"@type\":\"SearchAction\",\"target\":{\"@type\":\"EntryPoint\",\"urlTemplate\":\"https:\\\/\\\/www.southteksystems.com\\\/de\\\/?s={search_term_string}\"},\"query-input\":{\"@type\":\"PropertyValueSpecification\",\"valueRequired\":true,\"valueName\":\"search_term_string\"}}],\"inLanguage\":\"de\"},{\"@type\":\"Organization\",\"@id\":\"https:\\\/\\\/www.southteksystems.com\\\/de\\\/#organization\",\"name\":\"South-Tek Systems\",\"url\":\"https:\\\/\\\/www.southteksystems.com\\\/de\\\/\",\"logo\":{\"@type\":\"ImageObject\",\"inLanguage\":\"de\",\"@id\":\"https:\\\/\\\/www.southteksystems.com\\\/de\\\/#\\\/schema\\\/logo\\\/image\\\/\",\"url\":\"https:\\\/\\\/www.southteksystems.com\\\/wp-content\\\/uploads\\\/2023\\\/03\\\/South-Tek7-1.svg\",\"contentUrl\":\"https:\\\/\\\/www.southteksystems.com\\\/wp-content\\\/uploads\\\/2023\\\/03\\\/South-Tek7-1.svg\",\"width\":2150,\"height\":512,\"caption\":\"South-Tek Systems\"},\"image\":{\"@id\":\"https:\\\/\\\/www.southteksystems.com\\\/de\\\/#\\\/schema\\\/logo\\\/image\\\/\"},\"sameAs\":[\"https:\\\/\\\/www.facebook.com\\\/southteksystems\",\"https:\\\/\\\/x.com\\\/southteksystems\",\"https:\\\/\\\/www.linkedin.com\\\/company\\\/south-tek-systems\\\/\"]}]}<\/script>\n<!-- \/ Yoast SEO plugin. -->","yoast_head_json":{"title":"Container-Systeme (N2\/O2\/AIR) - South-Tek Systems","robots":{"index":"index","follow":"follow","max-snippet":"max-snippet:-1","max-image-preview":"max-image-preview:large","max-video-preview":"max-video-preview:-1"},"canonical":"https:\/\/www.southteksystems.com\/de\/container-systeme-n2-o2-air\/","og_locale":"de_DE","og_type":"article","og_title":"Container-Systeme (N2\/O2\/AIR) - South-Tek Systems","og_description":"Container-Systeme (N2\/O2\/AIR) Das CS-410 IC Container-Stickstoffgeneratorsystem von South-Tek bietet eine zuverl\u00e4ssige, bedarfsgerechte Versorgung mit hochreinem (bis zu 99,999%) Stickstoff, wodurch Verz\u00f6gerungen bei der Lieferung durch Gasunternehmen vermieden und die langfristigen Kosten um bis zu 60% gesenkt werden k\u00f6nnen. Unsere schl\u00fcsselfertigen, im Freien installierten Systeme bieten eine einfache Installation, verbesserte Energieeffizienz und machen wertvollen Platz in [&hellip;]","og_url":"https:\/\/www.southteksystems.com\/de\/container-systeme-n2-o2-air\/","og_site_name":"South-Tek Systems","article_publisher":"https:\/\/www.facebook.com\/southteksystems","article_modified_time":"2026-04-03T09:22:34+00:00","og_image":[{"width":600,"height":800,"url":"https:\/\/www.southteksystems.com\/wp-content\/uploads\/2026\/04\/For-STS-Website-N2GEN-CS-140-IC.png","type":"image\/png"}],"twitter_card":"summary_large_image","twitter_site":"@southteksystems","twitter_misc":{"Gesch\u00e4tzte Lesezeit":"1\u00a0Minute"},"schema":{"@context":"https:\/\/schema.org","@graph":[{"@type":"WebPage","@id":"https:\/\/www.southteksystems.com\/de\/container-systeme-n2-o2-air\/","url":"https:\/\/www.southteksystems.com\/de\/container-systeme-n2-o2-air\/","name":"Container-Systeme (N2\/O2\/AIR) - South-Tek Systems","isPartOf":{"@id":"https:\/\/www.southteksystems.com\/de\/#website"},"primaryImageOfPage":{"@id":"https:\/\/www.southteksystems.com\/de\/container-systeme-n2-o2-air\/#primaryimage"},"image":{"@id":"https:\/\/www.southteksystems.com\/de\/container-systeme-n2-o2-air\/#primaryimage"},"thumbnailUrl":"https:\/\/www.southteksystems.com\/wp-content\/uploads\/2026\/04\/For-STS-Website-N2GEN-CS-140-IC.png","datePublished":"2026-03-30T09:06:30+00:00","dateModified":"2026-04-03T09:22:34+00:00","breadcrumb":{"@id":"https:\/\/www.southteksystems.com\/de\/container-systeme-n2-o2-air\/#breadcrumb"},"inLanguage":"de","potentialAction":[{"@type":"ReadAction","target":["https:\/\/www.southteksystems.com\/de\/container-systeme-n2-o2-air\/"]}]},{"@type":"ImageObject","inLanguage":"de","@id":"https:\/\/www.southteksystems.com\/de\/container-systeme-n2-o2-air\/#primaryimage","url":"https:\/\/www.southteksystems.com\/wp-content\/uploads\/2026\/04\/For-STS-Website-N2GEN-CS-140-IC.png","contentUrl":"https:\/\/www.southteksystems.com\/wp-content\/uploads\/2026\/04\/For-STS-Website-N2GEN-CS-140-IC.png"},{"@type":"BreadcrumbList","@id":"https:\/\/www.southteksystems.com\/de\/container-systeme-n2-o2-air\/#breadcrumb","itemListElement":[{"@type":"ListItem","position":1,"name":"Home","item":"https:\/\/www.southteksystems.com\/de\/"},{"@type":"ListItem","position":2,"name":"Container-Systeme (N2\/O2\/AIR)"}]},{"@type":"WebSite","@id":"https:\/\/www.southteksystems.com\/de\/#website","url":"https:\/\/www.southteksystems.com\/de\/","name":"South-Tek Systems","description":"","publisher":{"@id":"https:\/\/www.southteksystems.com\/de\/#organization"},"potentialAction":[{"@type":"SearchAction","target":{"@type":"EntryPoint","urlTemplate":"https:\/\/www.southteksystems.com\/de\/?s={search_term_string}"},"query-input":{"@type":"PropertyValueSpecification","valueRequired":true,"valueName":"search_term_string"}}],"inLanguage":"de"},{"@type":"Organization","@id":"https:\/\/www.southteksystems.com\/de\/#organization","name":"South-Tek Systems","url":"https:\/\/www.southteksystems.com\/de\/","logo":{"@type":"ImageObject","inLanguage":"de","@id":"https:\/\/www.southteksystems.com\/de\/#\/schema\/logo\/image\/","url":"https:\/\/www.southteksystems.com\/wp-content\/uploads\/2023\/03\/South-Tek7-1.svg","contentUrl":"https:\/\/www.southteksystems.com\/wp-content\/uploads\/2023\/03\/South-Tek7-1.svg","width":2150,"height":512,"caption":"South-Tek Systems"},"image":{"@id":"https:\/\/www.southteksystems.com\/de\/#\/schema\/logo\/image\/"},"sameAs":["https:\/\/www.facebook.com\/southteksystems","https:\/\/x.com\/southteksystems","https:\/\/www.linkedin.com\/company\/south-tek-systems\/"]}]}},"_links":{"self":[{"href":"https:\/\/www.southteksystems.com\/de\/wp-json\/wp\/v2\/pages\/13625","targetHints":{"allow":["GET"]}}],"collection":[{"href":"https:\/\/www.southteksystems.com\/de\/wp-json\/wp\/v2\/pages"}],"about":[{"href":"https:\/\/www.southteksystems.com\/de\/wp-json\/wp\/v2\/types\/page"}],"author":[{"embeddable":true,"href":"https:\/\/www.southteksystems.com\/de\/wp-json\/wp\/v2\/users\/10"}],"replies":[{"embeddable":true,"href":"https:\/\/www.southteksystems.com\/de\/wp-json\/wp\/v2\/comments?post=13625"}],"version-history":[{"count":0,"href":"https:\/\/www.southteksystems.com\/de\/wp-json\/wp\/v2\/pages\/13625\/revisions"}],"wp:attachment":[{"href":"https:\/\/www.southteksystems.com\/de\/wp-json\/wp\/v2\/media?parent=13625"}],"curies":[{"name":"wp","href":"https:\/\/api.w.org\/{rel}","templated":true}]}}