{"id":13326,"date":"2025-04-22T19:38:16","date_gmt":"2025-04-22T19:38:16","guid":{"rendered":"https:\/\/www.southteksystems.com\/was-sind-stickstoffgeneratoren-und-wie-koennen-sie-ihr-geschaeft-ankurbeln-south-tek-systeme\/"},"modified":"2026-01-13T17:33:20","modified_gmt":"2026-01-13T17:33:20","slug":"was-sind-stickstoffgeneratoren-und-wie-koennen-sie-ihr-geschaeft-ankurbeln-south-tek-systeme","status":"publish","type":"page","link":"https:\/\/www.southteksystems.com\/de\/was-sind-stickstoffgeneratoren-und-wie-koennen-sie-ihr-geschaeft-ankurbeln-south-tek-systeme\/","title":{"rendered":"Was sind Stickstoffgeneratoren und wie k\u00f6nnen sie Ihr Gesch\u00e4ft ankurbeln? &#8211; South-Tek Systeme"},"content":{"rendered":"\t\t<div data-elementor-type=\"wp-page\" data-elementor-id=\"13326\" class=\"elementor elementor-13326 elementor-11010\" data-elementor-post-type=\"page\">\n\t\t\t\t<div class=\"elementor-element elementor-element-1b28f2d1 e-con-full alternate-theme-switch e-flex e-con e-parent\" data-id=\"1b28f2d1\" data-element_type=\"container\" data-e-type=\"container\" data-settings=\"{&quot;background_background&quot;:&quot;classic&quot;}\">\n\t\t<div class=\"elementor-element elementor-element-2439035f e-con-full e-flex e-con e-child\" data-id=\"2439035f\" data-element_type=\"container\" data-e-type=\"container\">\n\t\t\t\t<div class=\"elementor-element elementor-element-31dcdecd elementor-widget elementor-widget-heading\" data-id=\"31dcdecd\" data-element_type=\"widget\" data-e-type=\"widget\" data-widget_type=\"heading.default\">\n\t\t\t\t<div class=\"elementor-widget-container\">\n\t\t\t\t\t<h1 class=\"elementor-heading-title elementor-size-default\">Was sind Stickstoffgeneratoren und wie k\u00f6nnen sie Ihr Gesch\u00e4ft ankurbeln?<\/h1>\t\t\t\t<\/div>\n\t\t\t\t<\/div>\n\t\t\t\t<div class=\"elementor-element elementor-element-f34993f elementor-widget__width-initial elementor-widget elementor-widget-text-editor\" data-id=\"f34993f\" data-element_type=\"widget\" data-e-type=\"widget\" data-widget_type=\"text-editor.default\">\n\t\t\t\t<div class=\"elementor-widget-container\">\n\t\t\t\t\t\t\t\t\t<p>Im Grunde genommen sind Stickstoffgeneratoren station\u00e4re Stickstofferzeugungsanlagen, die den Stickstoffbedarf Ihres Unternehmens langfristig decken k\u00f6nnen. In diesem Blogbeitrag erkl\u00e4ren wir Ihnen die Grundlagen der Stickstoffgeneratoren, wie sie funktionieren und wie sie Ihrem Unternehmen helfen k\u00f6nnen. <\/p>\n\t\t\t\t\t\t\t\t<\/div>\n\t\t\t\t<\/div>\n\t\t\t\t<\/div>\n\t\t\t\t<\/div>\n\t\t<div class=\"elementor-element elementor-element-1f221575 e-flex e-con-boxed e-con e-parent\" data-id=\"1f221575\" data-element_type=\"container\" data-e-type=\"container\" data-settings=\"{&quot;background_background&quot;:&quot;classic&quot;}\">\n\t\t\t\t\t<div class=\"e-con-inner\">\n\t\t<div class=\"elementor-element elementor-element-6a141f89 e-con-full e-flex e-con e-child\" data-id=\"6a141f89\" data-element_type=\"container\" data-e-type=\"container\">\n\t\t<div class=\"elementor-element elementor-element-683d3863 e-con-full e-flex e-con e-child\" data-id=\"683d3863\" data-element_type=\"container\" data-e-type=\"container\">\n\t\t\t\t<div class=\"elementor-element elementor-element-11c0426 elementor-widget elementor-widget-image\" data-id=\"11c0426\" data-element_type=\"widget\" data-e-type=\"widget\" data-widget_type=\"image.default\">\n\t\t\t\t<div class=\"elementor-widget-container\">\n\t\t\t\t\t\t\t\t\t\t\t\t\t\t\t<img fetchpriority=\"high\" decoding=\"async\" width=\"1080\" height=\"1080\" src=\"https:\/\/www.southteksystems.com\/wp-content\/uploads\/2025\/05\/Nitrogen-Blue-Icon.png\" class=\"attachment-full size-full wp-image-11500\" alt=\"\" srcset=\"https:\/\/www.southteksystems.com\/wp-content\/uploads\/2025\/05\/Nitrogen-Blue-Icon.png 1080w, https:\/\/www.southteksystems.com\/wp-content\/uploads\/2025\/05\/Nitrogen-Blue-Icon-300x300.png 300w, https:\/\/www.southteksystems.com\/wp-content\/uploads\/2025\/05\/Nitrogen-Blue-Icon-1024x1024.png 1024w, https:\/\/www.southteksystems.com\/wp-content\/uploads\/2025\/05\/Nitrogen-Blue-Icon-150x150.png 150w, https:\/\/www.southteksystems.com\/wp-content\/uploads\/2025\/05\/Nitrogen-Blue-Icon-768x768.png 768w\" sizes=\"(max-width: 1080px) 100vw, 1080px\" \/>\t\t\t\t\t\t\t\t\t\t\t\t\t\t\t<\/div>\n\t\t\t\t<\/div>\n\t\t\t\t<div class=\"elementor-element elementor-element-33079e6e elementor-widget__width-initial elementor-widget-mobile__width-inherit elementor-widget-tablet__width-initial elementor-widget elementor-widget-heading\" data-id=\"33079e6e\" data-element_type=\"widget\" data-e-type=\"widget\" data-widget_type=\"heading.default\">\n\t\t\t\t<div class=\"elementor-widget-container\">\n\t\t\t\t\t<h2 class=\"elementor-heading-title elementor-size-default\">Zwei Arten von Stickstoffgeneratoren: Druckwechseladsorption und Membranfiltration  \n<\/h2>\t\t\t\t<\/div>\n\t\t\t\t<\/div>\n\t\t\t\t<\/div>\n\t\t<div class=\"elementor-element elementor-element-60ac8ca4 e-con-full e-flex e-con e-child\" data-id=\"60ac8ca4\" data-element_type=\"container\" data-e-type=\"container\">\n\t\t\t\t<div class=\"elementor-element elementor-element-403def97 elementor-widget__width-initial elementor-widget elementor-widget-text-editor\" data-id=\"403def97\" data-element_type=\"widget\" data-e-type=\"widget\" data-widget_type=\"text-editor.default\">\n\t\t\t\t<div class=\"elementor-widget-container\">\n\t\t\t\t\t\t\t\t\t<p>PSA-Generatoren (Pressure Swing Absorption) trennen reines Stickstoffgas aus der Luft, die wir atmen, \u00fcber ein Kohlenstoffmolekularsieb, das sich in einem Beh\u00e4lter befindet. Der Druck innerhalb dieses Beh\u00e4lters &#8222;schwankt&#8220; dann von normalem zu sehr hohem Druck. W\u00e4hrend der Druck im Beh\u00e4lter hoch ist, f\u00e4ngt das Sieb Sauerstoff, Kohlendioxid und Kohlenmonoxid ein und l\u00e4sst Stickstoff \u00fcbrig. Der Druck im Beh\u00e4lter &#8222;schwankt&#8220; dann wieder auf den normalen Wert und ist bereit f\u00fcr die Zufuhr neuer Luft.   <\/p>\n<p>Diese Art von Generator wird vor Ort in verschiedenen Branchen eingesetzt, von der Verpackung von Lebensmitteln bis zum Laserschneiden und Schwei\u00dfen. PSA-Generatoren bieten einen stetigen Stickstofffluss direkt in Ihre Produktion mit einer hohen Reinheit von bis zu 99,9995%. <\/p>\n<p>Stickstoffgeneratoren, die auf Membranfiltrationstechnologie basieren, trennen den Stickstoff ebenfalls aus der uns umgebenden Luft, haben aber eine v\u00f6llig andere Methode, dies zu tun. Bei dieser Technologie wird die Luft in einem Beh\u00e4lter komprimiert und durch eine Membran gepresst. Die Membran filtert Sauerstoff, Wasserdampf und andere Verunreinigungen aus ihren Seitenw\u00e4nden heraus, so dass nur Stickstoff hindurchflie\u00dfen kann. Der Stickstoff wird dann in einem Tank gesammelt und ist einsatzbereit.     <\/p>\n<p>Diese kosteng\u00fcnstigere L\u00f6sung liefert Stickstoff mit einer Reinheit von bis zu 99,5 % und wird unter anderem in Labors, bei pneumatischen Prozessen und in der \u00d6l- und Gasindustrie eingesetzt.<\/p>\n\t\t\t\t\t\t\t\t<\/div>\n\t\t\t\t<\/div>\n\t\t\t\t<div class=\"elementor-element elementor-element-3ebf92cc elementor-mobile-align-center elementor-widget elementor-widget-button\" data-id=\"3ebf92cc\" data-element_type=\"widget\" data-e-type=\"widget\" data-widget_type=\"button.default\">\n\t\t\t\t<div class=\"elementor-widget-container\">\n\t\t\t\t\t\t\t\t\t<div class=\"elementor-button-wrapper\">\n\t\t\t\t\t<a class=\"elementor-button elementor-button-link elementor-size-sm\" href=\"https:\/\/www.southteksystems.com\/de\/kontaktieren-sie-uns\/\">\n\t\t\t\t\t\t<span class=\"elementor-button-content-wrapper\">\n\t\t\t\t\t\t\t\t\t<span class=\"elementor-button-text\">Mehr erfahren  <\/span>\n\t\t\t\t\t<\/span>\n\t\t\t\t\t<\/a>\n\t\t\t\t<\/div>\n\t\t\t\t\t\t\t\t<\/div>\n\t\t\t\t<\/div>\n\t\t\t\t<\/div>\n\t\t\t\t<\/div>\n\t\t\t\t\t<\/div>\n\t\t\t\t<\/div>\n\t\t<div class=\"elementor-element elementor-element-305c1562 e-flex e-con-boxed e-con e-parent\" data-id=\"305c1562\" data-element_type=\"container\" data-e-type=\"container\">\n\t\t\t\t\t<div class=\"e-con-inner\">\n\t\t<div class=\"elementor-element elementor-element-6330e96b e-con-full e-flex e-con e-child\" data-id=\"6330e96b\" data-element_type=\"container\" data-e-type=\"container\" data-settings=\"{&quot;background_background&quot;:&quot;classic&quot;}\">\n\t\t\t\t<div class=\"elementor-element elementor-element-c0181b4 elementor-widget elementor-widget-heading\" data-id=\"c0181b4\" data-element_type=\"widget\" data-e-type=\"widget\" data-widget_type=\"heading.default\">\n\t\t\t\t<div class=\"elementor-widget-container\">\n\t\t\t\t\t<h4 class=\"elementor-heading-title elementor-size-default\">Vorteile eines South-Tek Stickstoffgenerators\n<\/h4>\t\t\t\t<\/div>\n\t\t\t\t<\/div>\n\t\t\t\t<div class=\"elementor-element elementor-element-171c60da elementor-widget elementor-widget-text-editor\" data-id=\"171c60da\" data-element_type=\"widget\" data-e-type=\"widget\" data-widget_type=\"text-editor.default\">\n\t\t\t\t<div class=\"elementor-widget-container\">\n\t\t\t\t\t\t\t\t\t<p>Durch die Erzeugung von Stickstoff vor Ort sind Sie nicht mehr auf unzuverl\u00e4ssige Stickstofftanklieferanten angewiesen. Das spart Ihnen auf lange Sicht Zeit, Kopfschmerzen und Geld. Bei einem Stickstoffgenerator zahlen Sie nur f\u00fcr das Ger\u00e4t und den Strom f\u00fcr den Betrieb. Stickstoffgeneratoren sind au\u00dferdem effizienter als Lieferungen. Bei herk\u00f6mmlichen Lieferanten verschwenden Sie m\u00f6glicherweise \u00fcbersch\u00fcssiges Gas, aber Generatoren produzieren nur das, was Sie brauchen, wenn Sie es brauchen.    <\/p>\n<p><a href=\"https:\/\/www.southteksystems.com\/de\/kontaktieren-sie-uns\/\">Wenden Sie sich noch heute an South-Tek<\/a> und finden Sie heraus, welche Art von Stickstoffgenerator f\u00fcr Ihr Unternehmen geeignet ist.<\/p>\n\t\t\t\t\t\t\t\t<\/div>\n\t\t\t\t<\/div>\n\t\t\t\t<\/div>\n\t\t\t\t\t<\/div>\n\t\t\t\t<\/div>\n\t\t\t\t<\/div>\n\t\t","protected":false},"excerpt":{"rendered":"<p>Was sind Stickstoffgeneratoren und wie k\u00f6nnen sie Ihr Gesch\u00e4ft ankurbeln? Im Grunde genommen sind Stickstoffgeneratoren station\u00e4re Stickstofferzeugungsanlagen, die den Stickstoffbedarf Ihres Unternehmens langfristig decken k\u00f6nnen. In diesem Blogbeitrag erkl\u00e4ren wir Ihnen die Grundlagen der Stickstoffgeneratoren, wie sie funktionieren und wie sie Ihrem Unternehmen helfen k\u00f6nnen. Zwei Arten von Stickstoffgeneratoren: Druckwechseladsorption und Membranfiltration PSA-Generatoren (Pressure Swing [&hellip;]<\/p>\n","protected":false},"author":10,"featured_media":0,"parent":0,"menu_order":0,"comment_status":"closed","ping_status":"closed","template":"","meta":{"_jet_sm_ready_style":"","_jet_sm_style":"","_jet_sm_controls_values":"","_jet_sm_fonts_collection":"","_jet_sm_fonts_links":"","footnotes":""},"class_list":["post-13326","page","type-page","status-publish","hentry"],"yoast_head":"<!-- This site is optimized with the Yoast SEO plugin v27.0 - https:\/\/yoast.com\/product\/yoast-seo-wordpress\/ -->\n<title>Was sind Stickstoffgeneratoren und wie k\u00f6nnen sie Ihr Gesch\u00e4ft ankurbeln? - South-Tek Systeme - South-Tek Systems<\/title>\n<meta name=\"description\" content=\"Im Grunde genommen sind Stickstoffgeneratoren station\u00e4re Stickstofferzeuger, die den Stickstoffbedarf Ihres Betriebs langfristig decken k\u00f6nnen. Unter\" \/>\n<meta name=\"robots\" content=\"index, follow, max-snippet:-1, max-image-preview:large, max-video-preview:-1\" \/>\n<link rel=\"canonical\" href=\"https:\/\/www.southteksystems.com\/de\/was-sind-stickstoffgeneratoren-und-wie-koennen-sie-ihr-geschaeft-ankurbeln-south-tek-systeme\/\" \/>\n<meta property=\"og:locale\" content=\"de_DE\" \/>\n<meta property=\"og:type\" content=\"article\" \/>\n<meta property=\"og:title\" content=\"Was sind Stickstoffgeneratoren und wie k\u00f6nnen sie Ihr Gesch\u00e4ft ankurbeln? - South-Tek Systeme - South-Tek Systems\" \/>\n<meta property=\"og:description\" content=\"Im Grunde genommen sind Stickstoffgeneratoren station\u00e4re Stickstofferzeuger, die den Stickstoffbedarf Ihres Betriebs langfristig decken k\u00f6nnen. Unter\" \/>\n<meta property=\"og:url\" content=\"https:\/\/www.southteksystems.com\/de\/was-sind-stickstoffgeneratoren-und-wie-koennen-sie-ihr-geschaeft-ankurbeln-south-tek-systeme\/\" \/>\n<meta property=\"og:site_name\" content=\"South-Tek Systems\" \/>\n<meta property=\"article:publisher\" content=\"https:\/\/www.facebook.com\/southteksystems\" \/>\n<meta property=\"article:modified_time\" content=\"2026-01-13T17:33:20+00:00\" \/>\n<meta property=\"og:image\" content=\"https:\/\/www.southteksystems.com\/wp-content\/uploads\/2025\/05\/Nitrogen-Blue-Icon.png\" \/>\n\t<meta property=\"og:image:width\" content=\"1080\" \/>\n\t<meta property=\"og:image:height\" content=\"1080\" \/>\n\t<meta property=\"og:image:type\" content=\"image\/png\" \/>\n<meta name=\"twitter:card\" content=\"summary_large_image\" \/>\n<meta name=\"twitter:site\" content=\"@southteksystems\" \/>\n<meta name=\"twitter:label1\" content=\"Gesch\u00e4tzte Lesezeit\" \/>\n\t<meta name=\"twitter:data1\" content=\"2\u00a0Minuten\" \/>\n<script type=\"application\/ld+json\" class=\"yoast-schema-graph\">{\"@context\":\"https:\/\/schema.org\",\"@graph\":[{\"@type\":\"WebPage\",\"@id\":\"https:\/\/www.southteksystems.com\/de\/was-sind-stickstoffgeneratoren-und-wie-koennen-sie-ihr-geschaeft-ankurbeln-south-tek-systeme\/\",\"url\":\"https:\/\/www.southteksystems.com\/de\/was-sind-stickstoffgeneratoren-und-wie-koennen-sie-ihr-geschaeft-ankurbeln-south-tek-systeme\/\",\"name\":\"Was sind Stickstoffgeneratoren und wie k\u00f6nnen sie Ihr Gesch\u00e4ft ankurbeln? - South-Tek Systeme - South-Tek Systems\",\"isPartOf\":{\"@id\":\"https:\/\/www.southteksystems.com\/de\/#website\"},\"primaryImageOfPage\":{\"@id\":\"https:\/\/www.southteksystems.com\/de\/was-sind-stickstoffgeneratoren-und-wie-koennen-sie-ihr-geschaeft-ankurbeln-south-tek-systeme\/#primaryimage\"},\"image\":{\"@id\":\"https:\/\/www.southteksystems.com\/de\/was-sind-stickstoffgeneratoren-und-wie-koennen-sie-ihr-geschaeft-ankurbeln-south-tek-systeme\/#primaryimage\"},\"thumbnailUrl\":\"https:\/\/www.southteksystems.com\/wp-content\/uploads\/2025\/05\/Nitrogen-Blue-Icon.png\",\"datePublished\":\"2025-04-22T19:38:16+00:00\",\"dateModified\":\"2026-01-13T17:33:20+00:00\",\"description\":\"Im Grunde genommen sind Stickstoffgeneratoren station\u00e4re Stickstofferzeuger, die den Stickstoffbedarf Ihres Betriebs langfristig decken k\u00f6nnen. Unter\",\"breadcrumb\":{\"@id\":\"https:\/\/www.southteksystems.com\/de\/was-sind-stickstoffgeneratoren-und-wie-koennen-sie-ihr-geschaeft-ankurbeln-south-tek-systeme\/#breadcrumb\"},\"inLanguage\":\"de\",\"potentialAction\":[{\"@type\":\"ReadAction\",\"target\":[\"https:\/\/www.southteksystems.com\/de\/was-sind-stickstoffgeneratoren-und-wie-koennen-sie-ihr-geschaeft-ankurbeln-south-tek-systeme\/\"]}]},{\"@type\":\"ImageObject\",\"inLanguage\":\"de\",\"@id\":\"https:\/\/www.southteksystems.com\/de\/was-sind-stickstoffgeneratoren-und-wie-koennen-sie-ihr-geschaeft-ankurbeln-south-tek-systeme\/#primaryimage\",\"url\":\"https:\/\/www.southteksystems.com\/wp-content\/uploads\/2025\/05\/Nitrogen-Blue-Icon.png\",\"contentUrl\":\"https:\/\/www.southteksystems.com\/wp-content\/uploads\/2025\/05\/Nitrogen-Blue-Icon.png\"},{\"@type\":\"BreadcrumbList\",\"@id\":\"https:\/\/www.southteksystems.com\/de\/was-sind-stickstoffgeneratoren-und-wie-koennen-sie-ihr-geschaeft-ankurbeln-south-tek-systeme\/#breadcrumb\",\"itemListElement\":[{\"@type\":\"ListItem\",\"position\":1,\"name\":\"Home\",\"item\":\"https:\/\/www.southteksystems.com\/de\/\"},{\"@type\":\"ListItem\",\"position\":2,\"name\":\"Was sind Stickstoffgeneratoren und wie k\u00f6nnen sie Ihr Gesch\u00e4ft ankurbeln? &#8211; South-Tek Systeme\"}]},{\"@type\":\"WebSite\",\"@id\":\"https:\/\/www.southteksystems.com\/de\/#website\",\"url\":\"https:\/\/www.southteksystems.com\/de\/\",\"name\":\"South-Tek Systems\",\"description\":\"\",\"publisher\":{\"@id\":\"https:\/\/www.southteksystems.com\/de\/#organization\"},\"potentialAction\":[{\"@type\":\"SearchAction\",\"target\":{\"@type\":\"EntryPoint\",\"urlTemplate\":\"https:\/\/www.southteksystems.com\/de\/?s={search_term_string}\"},\"query-input\":{\"@type\":\"PropertyValueSpecification\",\"valueRequired\":true,\"valueName\":\"search_term_string\"}}],\"inLanguage\":\"de\"},{\"@type\":\"Organization\",\"@id\":\"https:\/\/www.southteksystems.com\/de\/#organization\",\"name\":\"South-Tek Systems\",\"url\":\"https:\/\/www.southteksystems.com\/de\/\",\"logo\":{\"@type\":\"ImageObject\",\"inLanguage\":\"de\",\"@id\":\"https:\/\/www.southteksystems.com\/de\/#\/schema\/logo\/image\/\",\"url\":\"https:\/\/www.southteksystems.com\/wp-content\/uploads\/2023\/03\/South-Tek7-1.svg\",\"contentUrl\":\"https:\/\/www.southteksystems.com\/wp-content\/uploads\/2023\/03\/South-Tek7-1.svg\",\"width\":2150,\"height\":512,\"caption\":\"South-Tek Systems\"},\"image\":{\"@id\":\"https:\/\/www.southteksystems.com\/de\/#\/schema\/logo\/image\/\"},\"sameAs\":[\"https:\/\/www.facebook.com\/southteksystems\",\"https:\/\/x.com\/southteksystems\",\"https:\/\/www.linkedin.com\/company\/south-tek-systems\/\"]}]}<\/script>\n<!-- \/ Yoast SEO plugin. -->","yoast_head_json":{"title":"Was sind Stickstoffgeneratoren und wie k\u00f6nnen sie Ihr Gesch\u00e4ft ankurbeln? - South-Tek Systeme - South-Tek Systems","description":"Im Grunde genommen sind Stickstoffgeneratoren station\u00e4re Stickstofferzeuger, die den Stickstoffbedarf Ihres Betriebs langfristig decken k\u00f6nnen. Unter","robots":{"index":"index","follow":"follow","max-snippet":"max-snippet:-1","max-image-preview":"max-image-preview:large","max-video-preview":"max-video-preview:-1"},"canonical":"https:\/\/www.southteksystems.com\/de\/was-sind-stickstoffgeneratoren-und-wie-koennen-sie-ihr-geschaeft-ankurbeln-south-tek-systeme\/","og_locale":"de_DE","og_type":"article","og_title":"Was sind Stickstoffgeneratoren und wie k\u00f6nnen sie Ihr Gesch\u00e4ft ankurbeln? - South-Tek Systeme - South-Tek Systems","og_description":"Im Grunde genommen sind Stickstoffgeneratoren station\u00e4re Stickstofferzeuger, die den Stickstoffbedarf Ihres Betriebs langfristig decken k\u00f6nnen. Unter","og_url":"https:\/\/www.southteksystems.com\/de\/was-sind-stickstoffgeneratoren-und-wie-koennen-sie-ihr-geschaeft-ankurbeln-south-tek-systeme\/","og_site_name":"South-Tek Systems","article_publisher":"https:\/\/www.facebook.com\/southteksystems","article_modified_time":"2026-01-13T17:33:20+00:00","og_image":[{"width":1080,"height":1080,"url":"https:\/\/www.southteksystems.com\/wp-content\/uploads\/2025\/05\/Nitrogen-Blue-Icon.png","type":"image\/png"}],"twitter_card":"summary_large_image","twitter_site":"@southteksystems","twitter_misc":{"Gesch\u00e4tzte Lesezeit":"2\u00a0Minuten"},"schema":{"@context":"https:\/\/schema.org","@graph":[{"@type":"WebPage","@id":"https:\/\/www.southteksystems.com\/de\/was-sind-stickstoffgeneratoren-und-wie-koennen-sie-ihr-geschaeft-ankurbeln-south-tek-systeme\/","url":"https:\/\/www.southteksystems.com\/de\/was-sind-stickstoffgeneratoren-und-wie-koennen-sie-ihr-geschaeft-ankurbeln-south-tek-systeme\/","name":"Was sind Stickstoffgeneratoren und wie k\u00f6nnen sie Ihr Gesch\u00e4ft ankurbeln? - South-Tek Systeme - South-Tek Systems","isPartOf":{"@id":"https:\/\/www.southteksystems.com\/de\/#website"},"primaryImageOfPage":{"@id":"https:\/\/www.southteksystems.com\/de\/was-sind-stickstoffgeneratoren-und-wie-koennen-sie-ihr-geschaeft-ankurbeln-south-tek-systeme\/#primaryimage"},"image":{"@id":"https:\/\/www.southteksystems.com\/de\/was-sind-stickstoffgeneratoren-und-wie-koennen-sie-ihr-geschaeft-ankurbeln-south-tek-systeme\/#primaryimage"},"thumbnailUrl":"https:\/\/www.southteksystems.com\/wp-content\/uploads\/2025\/05\/Nitrogen-Blue-Icon.png","datePublished":"2025-04-22T19:38:16+00:00","dateModified":"2026-01-13T17:33:20+00:00","description":"Im Grunde genommen sind Stickstoffgeneratoren station\u00e4re Stickstofferzeuger, die den Stickstoffbedarf Ihres Betriebs langfristig decken k\u00f6nnen. Unter","breadcrumb":{"@id":"https:\/\/www.southteksystems.com\/de\/was-sind-stickstoffgeneratoren-und-wie-koennen-sie-ihr-geschaeft-ankurbeln-south-tek-systeme\/#breadcrumb"},"inLanguage":"de","potentialAction":[{"@type":"ReadAction","target":["https:\/\/www.southteksystems.com\/de\/was-sind-stickstoffgeneratoren-und-wie-koennen-sie-ihr-geschaeft-ankurbeln-south-tek-systeme\/"]}]},{"@type":"ImageObject","inLanguage":"de","@id":"https:\/\/www.southteksystems.com\/de\/was-sind-stickstoffgeneratoren-und-wie-koennen-sie-ihr-geschaeft-ankurbeln-south-tek-systeme\/#primaryimage","url":"https:\/\/www.southteksystems.com\/wp-content\/uploads\/2025\/05\/Nitrogen-Blue-Icon.png","contentUrl":"https:\/\/www.southteksystems.com\/wp-content\/uploads\/2025\/05\/Nitrogen-Blue-Icon.png"},{"@type":"BreadcrumbList","@id":"https:\/\/www.southteksystems.com\/de\/was-sind-stickstoffgeneratoren-und-wie-koennen-sie-ihr-geschaeft-ankurbeln-south-tek-systeme\/#breadcrumb","itemListElement":[{"@type":"ListItem","position":1,"name":"Home","item":"https:\/\/www.southteksystems.com\/de\/"},{"@type":"ListItem","position":2,"name":"Was sind Stickstoffgeneratoren und wie k\u00f6nnen sie Ihr Gesch\u00e4ft ankurbeln? &#8211; South-Tek Systeme"}]},{"@type":"WebSite","@id":"https:\/\/www.southteksystems.com\/de\/#website","url":"https:\/\/www.southteksystems.com\/de\/","name":"South-Tek Systems","description":"","publisher":{"@id":"https:\/\/www.southteksystems.com\/de\/#organization"},"potentialAction":[{"@type":"SearchAction","target":{"@type":"EntryPoint","urlTemplate":"https:\/\/www.southteksystems.com\/de\/?s={search_term_string}"},"query-input":{"@type":"PropertyValueSpecification","valueRequired":true,"valueName":"search_term_string"}}],"inLanguage":"de"},{"@type":"Organization","@id":"https:\/\/www.southteksystems.com\/de\/#organization","name":"South-Tek Systems","url":"https:\/\/www.southteksystems.com\/de\/","logo":{"@type":"ImageObject","inLanguage":"de","@id":"https:\/\/www.southteksystems.com\/de\/#\/schema\/logo\/image\/","url":"https:\/\/www.southteksystems.com\/wp-content\/uploads\/2023\/03\/South-Tek7-1.svg","contentUrl":"https:\/\/www.southteksystems.com\/wp-content\/uploads\/2023\/03\/South-Tek7-1.svg","width":2150,"height":512,"caption":"South-Tek Systems"},"image":{"@id":"https:\/\/www.southteksystems.com\/de\/#\/schema\/logo\/image\/"},"sameAs":["https:\/\/www.facebook.com\/southteksystems","https:\/\/x.com\/southteksystems","https:\/\/www.linkedin.com\/company\/south-tek-systems\/"]}]}},"_links":{"self":[{"href":"https:\/\/www.southteksystems.com\/de\/wp-json\/wp\/v2\/pages\/13326","targetHints":{"allow":["GET"]}}],"collection":[{"href":"https:\/\/www.southteksystems.com\/de\/wp-json\/wp\/v2\/pages"}],"about":[{"href":"https:\/\/www.southteksystems.com\/de\/wp-json\/wp\/v2\/types\/page"}],"author":[{"embeddable":true,"href":"https:\/\/www.southteksystems.com\/de\/wp-json\/wp\/v2\/users\/10"}],"replies":[{"embeddable":true,"href":"https:\/\/www.southteksystems.com\/de\/wp-json\/wp\/v2\/comments?post=13326"}],"version-history":[{"count":0,"href":"https:\/\/www.southteksystems.com\/de\/wp-json\/wp\/v2\/pages\/13326\/revisions"}],"wp:attachment":[{"href":"https:\/\/www.southteksystems.com\/de\/wp-json\/wp\/v2\/media?parent=13326"}],"curies":[{"name":"wp","href":"https:\/\/api.w.org\/{rel}","templated":true}]}}