{"id":13234,"date":"2025-04-22T20:14:30","date_gmt":"2025-04-22T20:14:30","guid":{"rendered":"https:\/\/www.southteksystems.com\/erzeugen-sie-stickstoffgas-fuer-die-druckbeaufschlagung-von-uebertragungsleitungen\/"},"modified":"2026-01-12T12:54:24","modified_gmt":"2026-01-12T12:54:24","slug":"erzeugen-sie-stickstoffgas-fuer-die-druckbeaufschlagung-von-uebertragungsleitungen","status":"publish","type":"page","link":"https:\/\/www.southteksystems.com\/de\/erzeugen-sie-stickstoffgas-fuer-die-druckbeaufschlagung-von-uebertragungsleitungen\/","title":{"rendered":"Erzeugen Sie Stickstoffgas f\u00fcr die Druckbeaufschlagung von \u00dcbertragungsleitungen"},"content":{"rendered":"\t\t<div data-elementor-type=\"wp-page\" data-elementor-id=\"13234\" class=\"elementor elementor-13234 elementor-11017\" data-elementor-post-type=\"page\">\n\t\t\t\t<div class=\"elementor-element elementor-element-418d1d9 e-con-full alternate-theme-switch e-flex e-con e-parent\" data-id=\"418d1d9\" data-element_type=\"container\" data-e-type=\"container\" data-settings=\"{&quot;background_background&quot;:&quot;classic&quot;}\">\n\t\t<div class=\"elementor-element elementor-element-5e587db e-con-full e-flex e-con e-child\" data-id=\"5e587db\" data-element_type=\"container\" data-e-type=\"container\">\n\t\t\t\t<div class=\"elementor-element elementor-element-45df60b elementor-widget-tablet__width-inherit elementor-widget elementor-widget-heading\" data-id=\"45df60b\" data-element_type=\"widget\" data-e-type=\"widget\" data-widget_type=\"heading.default\">\n\t\t\t\t<div class=\"elementor-widget-container\">\n\t\t\t\t\t<h1 class=\"elementor-heading-title elementor-size-default\">Mission-Critical Nitrogen\u2122 f\u00fcr Rundfunk- und \u00dcbertragungsleitungen<\/h1>\t\t\t\t<\/div>\n\t\t\t\t<\/div>\n\t\t\t\t<\/div>\n\t\t\t\t<\/div>\n\t\t<div class=\"elementor-element elementor-element-c9bfe7d e-flex e-con-boxed e-con e-parent\" data-id=\"c9bfe7d\" data-element_type=\"container\" data-e-type=\"container\" data-settings=\"{&quot;background_background&quot;:&quot;classic&quot;}\">\n\t\t\t\t\t<div class=\"e-con-inner\">\n\t\t<div class=\"elementor-element elementor-element-3b20d71 e-con-full e-flex e-con e-child\" data-id=\"3b20d71\" data-element_type=\"container\" data-e-type=\"container\">\n\t\t<div class=\"elementor-element elementor-element-a34cf73 e-con-full e-flex e-con e-child\" data-id=\"a34cf73\" data-element_type=\"container\" data-e-type=\"container\">\n\t\t\t\t<div class=\"elementor-element elementor-element-858ec0d elementor-widget__width-initial elementor-widget elementor-widget-text-editor\" data-id=\"858ec0d\" data-element_type=\"widget\" data-e-type=\"widget\" data-widget_type=\"text-editor.default\">\n\t\t\t\t<div class=\"elementor-widget-container\">\n\t\t\t\t\t\t\t\t\t<p>Die <sub>N2GEN<\/sub>TL-Serie zur Erzeugung von unternehmenskritischem Stickstoff\u2122 bietet einen unendlichen Vorrat an 98%+ reinem unternehmenskritischem Stickstoff\u2122, der einen konstanten Taupunkt von -10o bis -50o F innerhalb der \u00dcbertragungsleitung gew\u00e4hrleistet. Indem er die Umgebung von Sauerstoff, Feuchtigkeit und Verunreinigungen befreit, erh\u00e4lt der <sub>N2GEN<\/sub>die Integrit\u00e4t der \u00dcbertragungsleitung aufrecht und verhindert Ausf\u00e4lle durch Spannungs\u00fcberschl\u00e4ge. Das <sub>N2GEN-System<\/sub>f\u00fcr kritischen Stickstoff\u2122 nutzt die einzige auf dem Markt erh\u00e4ltliche Zweibett-Druckwechseladsorptionstechnologie (PSA). Dieses Design ist effizienter, weniger anspruchsvoll f\u00fcr die internen Komponenten und h\u00e4lt bis zu 50 % l\u00e4nger als Trockenmittel- und Membrantrocknungssysteme. Unten finden Sie weitere Informationen zu den Modellen, Ressourcen und Spezifikationen der <sub>N2GEN<\/sub>TL-Serie.    <\/p>\n\t\t\t\t\t\t\t\t<\/div>\n\t\t\t\t<\/div>\n\t\t\t\t<div class=\"elementor-element elementor-element-ea762f9 elementor-mobile-align-center elementor-align-center elementor-widget elementor-widget-button\" data-id=\"ea762f9\" data-element_type=\"widget\" data-e-type=\"widget\" data-widget_type=\"button.default\">\n\t\t\t\t<div class=\"elementor-widget-container\">\n\t\t\t\t\t\t\t\t\t<div class=\"elementor-button-wrapper\">\n\t\t\t\t\t<a class=\"elementor-button elementor-button-link elementor-size-sm\" href=\"https:\/\/www.southteksystems.com\/wp-content\/uploads\/2025\/04\/TL-Product-Guide-1-3.pdf\">\n\t\t\t\t\t\t<span class=\"elementor-button-content-wrapper\">\n\t\t\t\t\t\t\t\t\t<span class=\"elementor-button-text\">N2GEN Transmission Lines Produktf\u00fchrer &gt;<\/span>\n\t\t\t\t\t<\/span>\n\t\t\t\t\t<\/a>\n\t\t\t\t<\/div>\n\t\t\t\t\t\t\t\t<\/div>\n\t\t\t\t<\/div>\n\t\t\t\t<\/div>\n\t\t\t\t<\/div>\n\t\t\t\t\t<\/div>\n\t\t\t\t<\/div>\n\t\t<div class=\"elementor-element elementor-element-8a5fea5 e-flex e-con-boxed e-con e-parent\" data-id=\"8a5fea5\" data-element_type=\"container\" data-e-type=\"container\" data-settings=\"{&quot;background_background&quot;:&quot;classic&quot;}\">\n\t\t\t\t\t<div class=\"e-con-inner\">\n\t\t\t\t<div class=\"elementor-element elementor-element-541c006 elementor-widget elementor-widget-image\" data-id=\"541c006\" data-element_type=\"widget\" data-e-type=\"widget\" data-widget_type=\"image.default\">\n\t\t\t\t<div class=\"elementor-widget-container\">\n\t\t\t\t\t\t\t\t\t\t\t\t\t\t\t<img fetchpriority=\"high\" decoding=\"async\" width=\"431\" height=\"1024\" src=\"https:\/\/www.southteksystems.com\/wp-content\/uploads\/2025\/05\/Transmission_N2GEN_small-NEW-LOGO_WEBP-scaled-1-431x1024.webp\" class=\"attachment-large size-large wp-image-11701\" alt=\"\" srcset=\"https:\/\/www.southteksystems.com\/wp-content\/uploads\/2025\/05\/Transmission_N2GEN_small-NEW-LOGO_WEBP-scaled-1-431x1024.webp 431w, https:\/\/www.southteksystems.com\/wp-content\/uploads\/2025\/05\/Transmission_N2GEN_small-NEW-LOGO_WEBP-scaled-1-126x300.webp 126w, https:\/\/www.southteksystems.com\/wp-content\/uploads\/2025\/05\/Transmission_N2GEN_small-NEW-LOGO_WEBP-scaled-1-768x1824.webp 768w, https:\/\/www.southteksystems.com\/wp-content\/uploads\/2025\/05\/Transmission_N2GEN_small-NEW-LOGO_WEBP-scaled-1-647x1536.webp 647w, https:\/\/www.southteksystems.com\/wp-content\/uploads\/2025\/05\/Transmission_N2GEN_small-NEW-LOGO_WEBP-scaled-1-862x2048.webp 862w, https:\/\/www.southteksystems.com\/wp-content\/uploads\/2025\/05\/Transmission_N2GEN_small-NEW-LOGO_WEBP-scaled-1.webp 1078w\" sizes=\"(max-width: 431px) 100vw, 431px\" \/>\t\t\t\t\t\t\t\t\t\t\t\t\t\t\t<\/div>\n\t\t\t\t<\/div>\n\t\t\t\t\t<\/div>\n\t\t\t\t<\/div>\n\t\t\t\t<\/div>\n\t\t","protected":false},"excerpt":{"rendered":"<p>Mission-Critical Nitrogen\u2122 f\u00fcr Rundfunk- und \u00dcbertragungsleitungen Die N2GENTL-Serie zur Erzeugung von unternehmenskritischem Stickstoff\u2122 bietet einen unendlichen Vorrat an 98%+ reinem unternehmenskritischem Stickstoff\u2122, der einen konstanten Taupunkt von -10o bis -50o F innerhalb der \u00dcbertragungsleitung gew\u00e4hrleistet. Indem er die Umgebung von Sauerstoff, Feuchtigkeit und Verunreinigungen befreit, erh\u00e4lt der N2GENdie Integrit\u00e4t der \u00dcbertragungsleitung aufrecht und verhindert Ausf\u00e4lle [&hellip;]<\/p>\n","protected":false},"author":10,"featured_media":0,"parent":0,"menu_order":0,"comment_status":"closed","ping_status":"closed","template":"","meta":{"_jet_sm_ready_style":"","_jet_sm_style":"","_jet_sm_controls_values":"","_jet_sm_fonts_collection":"","_jet_sm_fonts_links":"","footnotes":""},"class_list":["post-13234","page","type-page","status-publish","hentry"],"yoast_head":"<!-- This site is optimized with the Yoast SEO plugin v27.0 - https:\/\/yoast.com\/product\/yoast-seo-wordpress\/ -->\n<title>Erzeugen Sie Stickstoffgas f\u00fcr die Druckbeaufschlagung von \u00dcbertragungsleitungen - South-Tek Systems<\/title>\n<meta name=\"description\" content=\"Die N2GEN TL-Serie erzeugt Stickstoffgas f\u00fcr die Druckbeaufschlagung von \u00dcbertragungsleitungen und bietet einen unbegrenzten Vorrat an 98%+ reinem N2.\" \/>\n<meta name=\"robots\" content=\"index, follow, max-snippet:-1, max-image-preview:large, max-video-preview:-1\" \/>\n<link rel=\"canonical\" href=\"https:\/\/www.southteksystems.com\/de\/erzeugen-sie-stickstoffgas-fuer-die-druckbeaufschlagung-von-uebertragungsleitungen\/\" \/>\n<meta property=\"og:locale\" content=\"de_DE\" \/>\n<meta property=\"og:type\" content=\"article\" \/>\n<meta property=\"og:title\" content=\"Erzeugen Sie Stickstoffgas f\u00fcr die Druckbeaufschlagung von \u00dcbertragungsleitungen - South-Tek Systems\" \/>\n<meta property=\"og:description\" content=\"Die N2GEN TL-Serie erzeugt Stickstoffgas f\u00fcr die Druckbeaufschlagung von \u00dcbertragungsleitungen und bietet einen unbegrenzten Vorrat an 98%+ reinem N2.\" \/>\n<meta property=\"og:url\" content=\"https:\/\/www.southteksystems.com\/de\/erzeugen-sie-stickstoffgas-fuer-die-druckbeaufschlagung-von-uebertragungsleitungen\/\" \/>\n<meta property=\"og:site_name\" content=\"South-Tek Systems\" \/>\n<meta property=\"article:publisher\" content=\"https:\/\/www.facebook.com\/southteksystems\" \/>\n<meta property=\"article:modified_time\" content=\"2026-01-12T12:54:24+00:00\" \/>\n<meta property=\"og:image\" content=\"https:\/\/www.southteksystems.com\/wp-content\/uploads\/2025\/05\/Transmission_N2GEN_small-NEW-LOGO_WEBP-scaled-1.webp\" \/>\n\t<meta property=\"og:image:width\" content=\"1078\" \/>\n\t<meta property=\"og:image:height\" content=\"2560\" \/>\n\t<meta property=\"og:image:type\" content=\"image\/webp\" \/>\n<meta name=\"twitter:card\" content=\"summary_large_image\" \/>\n<meta name=\"twitter:site\" content=\"@southteksystems\" \/>\n<meta name=\"twitter:label1\" content=\"Gesch\u00e4tzte Lesezeit\" \/>\n\t<meta name=\"twitter:data1\" content=\"1\u00a0Minute\" \/>\n<script type=\"application\/ld+json\" class=\"yoast-schema-graph\">{\"@context\":\"https:\/\/schema.org\",\"@graph\":[{\"@type\":\"WebPage\",\"@id\":\"https:\/\/www.southteksystems.com\/de\/erzeugen-sie-stickstoffgas-fuer-die-druckbeaufschlagung-von-uebertragungsleitungen\/\",\"url\":\"https:\/\/www.southteksystems.com\/de\/erzeugen-sie-stickstoffgas-fuer-die-druckbeaufschlagung-von-uebertragungsleitungen\/\",\"name\":\"Erzeugen Sie Stickstoffgas f\u00fcr die Druckbeaufschlagung von \u00dcbertragungsleitungen - South-Tek Systems\",\"isPartOf\":{\"@id\":\"https:\/\/www.southteksystems.com\/de\/#website\"},\"primaryImageOfPage\":{\"@id\":\"https:\/\/www.southteksystems.com\/de\/erzeugen-sie-stickstoffgas-fuer-die-druckbeaufschlagung-von-uebertragungsleitungen\/#primaryimage\"},\"image\":{\"@id\":\"https:\/\/www.southteksystems.com\/de\/erzeugen-sie-stickstoffgas-fuer-die-druckbeaufschlagung-von-uebertragungsleitungen\/#primaryimage\"},\"thumbnailUrl\":\"https:\/\/www.southteksystems.com\/wp-content\/uploads\/2025\/05\/Transmission_N2GEN_small-NEW-LOGO_WEBP-scaled-1-431x1024.webp\",\"datePublished\":\"2025-04-22T20:14:30+00:00\",\"dateModified\":\"2026-01-12T12:54:24+00:00\",\"description\":\"Die N2GEN TL-Serie erzeugt Stickstoffgas f\u00fcr die Druckbeaufschlagung von \u00dcbertragungsleitungen und bietet einen unbegrenzten Vorrat an 98%+ reinem N2.\",\"breadcrumb\":{\"@id\":\"https:\/\/www.southteksystems.com\/de\/erzeugen-sie-stickstoffgas-fuer-die-druckbeaufschlagung-von-uebertragungsleitungen\/#breadcrumb\"},\"inLanguage\":\"de\",\"potentialAction\":[{\"@type\":\"ReadAction\",\"target\":[\"https:\/\/www.southteksystems.com\/de\/erzeugen-sie-stickstoffgas-fuer-die-druckbeaufschlagung-von-uebertragungsleitungen\/\"]}]},{\"@type\":\"ImageObject\",\"inLanguage\":\"de\",\"@id\":\"https:\/\/www.southteksystems.com\/de\/erzeugen-sie-stickstoffgas-fuer-die-druckbeaufschlagung-von-uebertragungsleitungen\/#primaryimage\",\"url\":\"https:\/\/www.southteksystems.com\/wp-content\/uploads\/2025\/05\/Transmission_N2GEN_small-NEW-LOGO_WEBP-scaled-1-431x1024.webp\",\"contentUrl\":\"https:\/\/www.southteksystems.com\/wp-content\/uploads\/2025\/05\/Transmission_N2GEN_small-NEW-LOGO_WEBP-scaled-1-431x1024.webp\"},{\"@type\":\"BreadcrumbList\",\"@id\":\"https:\/\/www.southteksystems.com\/de\/erzeugen-sie-stickstoffgas-fuer-die-druckbeaufschlagung-von-uebertragungsleitungen\/#breadcrumb\",\"itemListElement\":[{\"@type\":\"ListItem\",\"position\":1,\"name\":\"Home\",\"item\":\"https:\/\/www.southteksystems.com\/de\/\"},{\"@type\":\"ListItem\",\"position\":2,\"name\":\"Erzeugen Sie Stickstoffgas f\u00fcr die Druckbeaufschlagung von \u00dcbertragungsleitungen\"}]},{\"@type\":\"WebSite\",\"@id\":\"https:\/\/www.southteksystems.com\/de\/#website\",\"url\":\"https:\/\/www.southteksystems.com\/de\/\",\"name\":\"South-Tek Systems\",\"description\":\"\",\"publisher\":{\"@id\":\"https:\/\/www.southteksystems.com\/de\/#organization\"},\"potentialAction\":[{\"@type\":\"SearchAction\",\"target\":{\"@type\":\"EntryPoint\",\"urlTemplate\":\"https:\/\/www.southteksystems.com\/de\/?s={search_term_string}\"},\"query-input\":{\"@type\":\"PropertyValueSpecification\",\"valueRequired\":true,\"valueName\":\"search_term_string\"}}],\"inLanguage\":\"de\"},{\"@type\":\"Organization\",\"@id\":\"https:\/\/www.southteksystems.com\/de\/#organization\",\"name\":\"South-Tek Systems\",\"url\":\"https:\/\/www.southteksystems.com\/de\/\",\"logo\":{\"@type\":\"ImageObject\",\"inLanguage\":\"de\",\"@id\":\"https:\/\/www.southteksystems.com\/de\/#\/schema\/logo\/image\/\",\"url\":\"https:\/\/www.southteksystems.com\/wp-content\/uploads\/2023\/03\/South-Tek7-1.svg\",\"contentUrl\":\"https:\/\/www.southteksystems.com\/wp-content\/uploads\/2023\/03\/South-Tek7-1.svg\",\"width\":2150,\"height\":512,\"caption\":\"South-Tek Systems\"},\"image\":{\"@id\":\"https:\/\/www.southteksystems.com\/de\/#\/schema\/logo\/image\/\"},\"sameAs\":[\"https:\/\/www.facebook.com\/southteksystems\",\"https:\/\/x.com\/southteksystems\",\"https:\/\/www.linkedin.com\/company\/south-tek-systems\/\"]}]}<\/script>\n<!-- \/ Yoast SEO plugin. -->","yoast_head_json":{"title":"Erzeugen Sie Stickstoffgas f\u00fcr die Druckbeaufschlagung von \u00dcbertragungsleitungen - South-Tek Systems","description":"Die N2GEN TL-Serie erzeugt Stickstoffgas f\u00fcr die Druckbeaufschlagung von \u00dcbertragungsleitungen und bietet einen unbegrenzten Vorrat an 98%+ reinem N2.","robots":{"index":"index","follow":"follow","max-snippet":"max-snippet:-1","max-image-preview":"max-image-preview:large","max-video-preview":"max-video-preview:-1"},"canonical":"https:\/\/www.southteksystems.com\/de\/erzeugen-sie-stickstoffgas-fuer-die-druckbeaufschlagung-von-uebertragungsleitungen\/","og_locale":"de_DE","og_type":"article","og_title":"Erzeugen Sie Stickstoffgas f\u00fcr die Druckbeaufschlagung von \u00dcbertragungsleitungen - South-Tek Systems","og_description":"Die N2GEN TL-Serie erzeugt Stickstoffgas f\u00fcr die Druckbeaufschlagung von \u00dcbertragungsleitungen und bietet einen unbegrenzten Vorrat an 98%+ reinem N2.","og_url":"https:\/\/www.southteksystems.com\/de\/erzeugen-sie-stickstoffgas-fuer-die-druckbeaufschlagung-von-uebertragungsleitungen\/","og_site_name":"South-Tek Systems","article_publisher":"https:\/\/www.facebook.com\/southteksystems","article_modified_time":"2026-01-12T12:54:24+00:00","og_image":[{"width":1078,"height":2560,"url":"https:\/\/www.southteksystems.com\/wp-content\/uploads\/2025\/05\/Transmission_N2GEN_small-NEW-LOGO_WEBP-scaled-1.webp","type":"image\/webp"}],"twitter_card":"summary_large_image","twitter_site":"@southteksystems","twitter_misc":{"Gesch\u00e4tzte Lesezeit":"1\u00a0Minute"},"schema":{"@context":"https:\/\/schema.org","@graph":[{"@type":"WebPage","@id":"https:\/\/www.southteksystems.com\/de\/erzeugen-sie-stickstoffgas-fuer-die-druckbeaufschlagung-von-uebertragungsleitungen\/","url":"https:\/\/www.southteksystems.com\/de\/erzeugen-sie-stickstoffgas-fuer-die-druckbeaufschlagung-von-uebertragungsleitungen\/","name":"Erzeugen Sie Stickstoffgas f\u00fcr die Druckbeaufschlagung von \u00dcbertragungsleitungen - South-Tek Systems","isPartOf":{"@id":"https:\/\/www.southteksystems.com\/de\/#website"},"primaryImageOfPage":{"@id":"https:\/\/www.southteksystems.com\/de\/erzeugen-sie-stickstoffgas-fuer-die-druckbeaufschlagung-von-uebertragungsleitungen\/#primaryimage"},"image":{"@id":"https:\/\/www.southteksystems.com\/de\/erzeugen-sie-stickstoffgas-fuer-die-druckbeaufschlagung-von-uebertragungsleitungen\/#primaryimage"},"thumbnailUrl":"https:\/\/www.southteksystems.com\/wp-content\/uploads\/2025\/05\/Transmission_N2GEN_small-NEW-LOGO_WEBP-scaled-1-431x1024.webp","datePublished":"2025-04-22T20:14:30+00:00","dateModified":"2026-01-12T12:54:24+00:00","description":"Die N2GEN TL-Serie erzeugt Stickstoffgas f\u00fcr die Druckbeaufschlagung von \u00dcbertragungsleitungen und bietet einen unbegrenzten Vorrat an 98%+ reinem N2.","breadcrumb":{"@id":"https:\/\/www.southteksystems.com\/de\/erzeugen-sie-stickstoffgas-fuer-die-druckbeaufschlagung-von-uebertragungsleitungen\/#breadcrumb"},"inLanguage":"de","potentialAction":[{"@type":"ReadAction","target":["https:\/\/www.southteksystems.com\/de\/erzeugen-sie-stickstoffgas-fuer-die-druckbeaufschlagung-von-uebertragungsleitungen\/"]}]},{"@type":"ImageObject","inLanguage":"de","@id":"https:\/\/www.southteksystems.com\/de\/erzeugen-sie-stickstoffgas-fuer-die-druckbeaufschlagung-von-uebertragungsleitungen\/#primaryimage","url":"https:\/\/www.southteksystems.com\/wp-content\/uploads\/2025\/05\/Transmission_N2GEN_small-NEW-LOGO_WEBP-scaled-1-431x1024.webp","contentUrl":"https:\/\/www.southteksystems.com\/wp-content\/uploads\/2025\/05\/Transmission_N2GEN_small-NEW-LOGO_WEBP-scaled-1-431x1024.webp"},{"@type":"BreadcrumbList","@id":"https:\/\/www.southteksystems.com\/de\/erzeugen-sie-stickstoffgas-fuer-die-druckbeaufschlagung-von-uebertragungsleitungen\/#breadcrumb","itemListElement":[{"@type":"ListItem","position":1,"name":"Home","item":"https:\/\/www.southteksystems.com\/de\/"},{"@type":"ListItem","position":2,"name":"Erzeugen Sie Stickstoffgas f\u00fcr die Druckbeaufschlagung von \u00dcbertragungsleitungen"}]},{"@type":"WebSite","@id":"https:\/\/www.southteksystems.com\/de\/#website","url":"https:\/\/www.southteksystems.com\/de\/","name":"South-Tek Systems","description":"","publisher":{"@id":"https:\/\/www.southteksystems.com\/de\/#organization"},"potentialAction":[{"@type":"SearchAction","target":{"@type":"EntryPoint","urlTemplate":"https:\/\/www.southteksystems.com\/de\/?s={search_term_string}"},"query-input":{"@type":"PropertyValueSpecification","valueRequired":true,"valueName":"search_term_string"}}],"inLanguage":"de"},{"@type":"Organization","@id":"https:\/\/www.southteksystems.com\/de\/#organization","name":"South-Tek Systems","url":"https:\/\/www.southteksystems.com\/de\/","logo":{"@type":"ImageObject","inLanguage":"de","@id":"https:\/\/www.southteksystems.com\/de\/#\/schema\/logo\/image\/","url":"https:\/\/www.southteksystems.com\/wp-content\/uploads\/2023\/03\/South-Tek7-1.svg","contentUrl":"https:\/\/www.southteksystems.com\/wp-content\/uploads\/2023\/03\/South-Tek7-1.svg","width":2150,"height":512,"caption":"South-Tek Systems"},"image":{"@id":"https:\/\/www.southteksystems.com\/de\/#\/schema\/logo\/image\/"},"sameAs":["https:\/\/www.facebook.com\/southteksystems","https:\/\/x.com\/southteksystems","https:\/\/www.linkedin.com\/company\/south-tek-systems\/"]}]}},"_links":{"self":[{"href":"https:\/\/www.southteksystems.com\/de\/wp-json\/wp\/v2\/pages\/13234","targetHints":{"allow":["GET"]}}],"collection":[{"href":"https:\/\/www.southteksystems.com\/de\/wp-json\/wp\/v2\/pages"}],"about":[{"href":"https:\/\/www.southteksystems.com\/de\/wp-json\/wp\/v2\/types\/page"}],"author":[{"embeddable":true,"href":"https:\/\/www.southteksystems.com\/de\/wp-json\/wp\/v2\/users\/10"}],"replies":[{"embeddable":true,"href":"https:\/\/www.southteksystems.com\/de\/wp-json\/wp\/v2\/comments?post=13234"}],"version-history":[{"count":0,"href":"https:\/\/www.southteksystems.com\/de\/wp-json\/wp\/v2\/pages\/13234\/revisions"}],"wp:attachment":[{"href":"https:\/\/www.southteksystems.com\/de\/wp-json\/wp\/v2\/media?parent=13234"}],"curies":[{"name":"wp","href":"https:\/\/api.w.org\/{rel}","templated":true}]}}