{"id":13202,"date":"2025-04-20T13:11:38","date_gmt":"2025-04-20T13:11:38","guid":{"rendered":"https:\/\/www.southteksystems.com\/haftungsausschluss-south-tek-systems\/"},"modified":"2026-01-12T12:23:23","modified_gmt":"2026-01-12T12:23:23","slug":"haftungsausschluss-south-tek-systems","status":"publish","type":"page","link":"https:\/\/www.southteksystems.com\/de\/haftungsausschluss-south-tek-systems\/","title":{"rendered":"Haftungsausschluss &#8211; South-Tek Systems"},"content":{"rendered":"\t\t<div data-elementor-type=\"wp-page\" data-elementor-id=\"13202\" class=\"elementor elementor-13202 elementor-10385\" data-elementor-post-type=\"page\">\n\t\t\t\t<div class=\"elementor-element elementor-element-468ddc9 e-flex e-con-boxed e-con e-parent\" data-id=\"468ddc9\" data-element_type=\"container\" data-e-type=\"container\">\n\t\t\t\t\t<div class=\"e-con-inner\">\n\t\t\t\t<div class=\"elementor-element elementor-element-42e1ba4 elementor-widget-tablet__width-inherit elementor-widget elementor-widget-heading\" data-id=\"42e1ba4\" data-element_type=\"widget\" data-e-type=\"widget\" data-widget_type=\"heading.default\">\n\t\t\t\t<div class=\"elementor-widget-container\">\n\t\t\t\t\t<h1 class=\"elementor-heading-title elementor-size-default\">Haftungsausschluss<\/h1>\t\t\t\t<\/div>\n\t\t\t\t<\/div>\n\t\t\t\t<div class=\"elementor-element elementor-element-aec8f09 elementor-widget-tablet__width-inherit elementor-widget elementor-widget-heading\" data-id=\"aec8f09\" data-element_type=\"widget\" data-e-type=\"widget\" data-widget_type=\"heading.default\">\n\t\t\t\t<div class=\"elementor-widget-container\">\n\t\t\t\t\t<h2 class=\"elementor-heading-title elementor-size-default\">E-Mail-Politik\n<\/h2>\t\t\t\t<\/div>\n\t\t\t\t<\/div>\n\t\t\t\t<div class=\"elementor-element elementor-element-51cea56 elementor-widget elementor-widget-text-editor\" data-id=\"51cea56\" data-element_type=\"widget\" data-e-type=\"widget\" data-widget_type=\"text-editor.default\">\n\t\t\t\t<div class=\"elementor-widget-container\">\n\t\t\t\t\t\t\t\t\t<p>Wir verpflichten uns, Ihre E-Mail Adresse vertraulich zu behandeln. Wir verkaufen, vermieten oder verleasen unsere Abonnentenlisten nicht an Dritte, und wir werden Ihre pers\u00f6nlichen Daten zu keiner Zeit an Dritte weitergeben, es sei denn, wir sind gesetzlich dazu gezwungen, dies zu tun. <\/p>\n<p>Wir werden Ihre E-Mail-Adresse ausschlie\u00dflich dazu verwenden, Ihnen aktuelle Informationen \u00fcber South-Tek Systems zukommen zu lassen.<\/p>\n<p>South-Tek Systems wird die Informationen, die Sie per E-Mail senden, in \u00dcbereinstimmung mit dem geltenden Bundesgesetz aufbewahren.<\/p>\n\t\t\t\t\t\t\t\t<\/div>\n\t\t\t\t<\/div>\n\t\t\t\t<div class=\"elementor-element elementor-element-c7576ab elementor-widget-tablet__width-inherit elementor-widget elementor-widget-heading\" data-id=\"c7576ab\" data-element_type=\"widget\" data-e-type=\"widget\" data-widget_type=\"heading.default\">\n\t\t\t\t<div class=\"elementor-widget-container\">\n\t\t\t\t\t<h2 class=\"elementor-heading-title elementor-size-default\">CAN-SPAM-Konformit\u00e4t\n<\/h2>\t\t\t\t<\/div>\n\t\t\t\t<\/div>\n\t\t\t\t<div class=\"elementor-element elementor-element-5e0aa33 elementor-widget elementor-widget-text-editor\" data-id=\"5e0aa33\" data-element_type=\"widget\" data-e-type=\"widget\" data-widget_type=\"text-editor.default\">\n\t\t\t\t<div class=\"elementor-widget-container\">\n\t\t\t\t\t\t\t\t\t<p>In \u00dcbereinstimmung mit dem CAN-SPAM Act wird in allen E-Mails, die von unserem Unternehmen verschickt werden, deutlich angegeben, von wem die E-Mail stammt, und es werden klare Angaben gemacht, wie Sie den Absender kontaktieren k\u00f6nnen. Dar\u00fcber hinaus enthalten alle E-Mails pr\u00e4zise Informationen dar\u00fcber, wie Sie sich aus unserer Mailingliste austragen k\u00f6nnen, damit Sie keine weiteren E-Mails von uns erhalten. <\/p>\n\t\t\t\t\t\t\t\t<\/div>\n\t\t\t\t<\/div>\n\t\t\t\t<div class=\"elementor-element elementor-element-31d9bd7 elementor-widget-tablet__width-inherit elementor-widget elementor-widget-heading\" data-id=\"31d9bd7\" data-element_type=\"widget\" data-e-type=\"widget\" data-widget_type=\"heading.default\">\n\t\t\t\t<div class=\"elementor-widget-container\">\n\t\t\t\t\t<h2 class=\"elementor-heading-title elementor-size-default\">Auswahl\/Opt-Out\n<\/h2>\t\t\t\t<\/div>\n\t\t\t\t<\/div>\n\t\t\t\t<div class=\"elementor-element elementor-element-1536b26 elementor-widget elementor-widget-text-editor\" data-id=\"1536b26\" data-element_type=\"widget\" data-e-type=\"widget\" data-widget_type=\"text-editor.default\">\n\t\t\t\t<div class=\"elementor-widget-container\">\n\t\t\t\t\t\t\t\t\t<p>Unsere Website bietet Nutzern die M\u00f6glichkeit, den Erhalt von Mitteilungen von uns und unseren Partnern abzulehnen, indem sie die Anweisungen zum Abbestellen lesen, die sich am Ende jeder E-Mail befinden, die sie von uns erhalten.<\/p>\n<p>Benutzer, die unseren Newsletter oder Werbematerialien nicht mehr erhalten m\u00f6chten, k\u00f6nnen diese Mitteilungen abbestellen, indem sie auf den Link zum Abbestellen in der E-Mail klicken.<\/p>\n\t\t\t\t\t\t\t\t<\/div>\n\t\t\t\t<\/div>\n\t\t\t\t<div class=\"elementor-element elementor-element-dfc7475 elementor-widget-tablet__width-inherit elementor-widget elementor-widget-heading\" data-id=\"dfc7475\" data-element_type=\"widget\" data-e-type=\"widget\" data-widget_type=\"heading.default\">\n\t\t\t\t<div class=\"elementor-widget-container\">\n\t\t\t\t\t<h2 class=\"elementor-heading-title elementor-size-default\">Anti-Spam-Politik\n<\/h2>\t\t\t\t<\/div>\n\t\t\t\t<\/div>\n\t\t\t\t<div class=\"elementor-element elementor-element-080e6e2 elementor-widget elementor-widget-text-editor\" data-id=\"080e6e2\" data-element_type=\"widget\" data-e-type=\"widget\" data-widget_type=\"text-editor.default\">\n\t\t\t\t<div class=\"elementor-widget-container\">\n\t\t\t\t\t\t\t\t\t<p>South-Tek Systems untersagt die Nutzung seiner Website und\/oder Dienste in Verbindung mit der \u00dcbertragung, Verteilung oder Zustellung von unerw\u00fcnschten Massen- oder Werbe-E-Mails (&#8222;Spam&#8220;). Sie d\u00fcrfen keine Dienste von South-Tek Systems nutzen, um Spam zu versenden. Sie d\u00fcrfen auch keine Spam-Mails an Kunden von South-Tek Systems versenden oder versenden lassen.  <\/p>\n\t\t\t\t\t\t\t\t<\/div>\n\t\t\t\t<\/div>\n\t\t\t\t<div class=\"elementor-element elementor-element-0fbf258 elementor-widget-tablet__width-inherit elementor-widget elementor-widget-heading\" data-id=\"0fbf258\" data-element_type=\"widget\" data-e-type=\"widget\" data-widget_type=\"heading.default\">\n\t\t\t\t<div class=\"elementor-widget-container\">\n\t\t\t\t\t<h2 class=\"elementor-heading-title elementor-size-default\">Nutzungsbedingungen\n<\/h2>\t\t\t\t<\/div>\n\t\t\t\t<\/div>\n\t\t\t\t<div class=\"elementor-element elementor-element-f85e789 elementor-widget elementor-widget-text-editor\" data-id=\"f85e789\" data-element_type=\"widget\" data-e-type=\"widget\" data-widget_type=\"text-editor.default\">\n\t\t\t\t<div class=\"elementor-widget-container\">\n\t\t\t\t\t\t\t\t\t<p>Indem Sie auf diese Website zugreifen, erkl\u00e4ren Sie sich mit diesen Nutzungsbedingungen sowie mit allen geltenden Gesetzen und Vorschriften einverstanden und stimmen zu, dass Sie f\u00fcr die Einhaltung aller geltenden lokalen Gesetze verantwortlich sind. Wenn Sie mit einer dieser Bedingungen nicht einverstanden sind, ist es Ihnen untersagt, diese Website zu nutzen oder darauf zuzugreifen. Die auf dieser Website enthaltenen Materialien sind durch das geltende Urheber- und Markenrecht gesch\u00fctzt.  <\/p>\n\t\t\t\t\t\t\t\t<\/div>\n\t\t\t\t<\/div>\n\t\t\t\t<div class=\"elementor-element elementor-element-be7a451 elementor-widget-tablet__width-inherit elementor-widget elementor-widget-heading\" data-id=\"be7a451\" data-element_type=\"widget\" data-e-type=\"widget\" data-widget_type=\"heading.default\">\n\t\t\t\t<div class=\"elementor-widget-container\">\n\t\t\t\t\t<h2 class=\"elementor-heading-title elementor-size-default\">Rechte an geistigem Eigentum\n<\/h2>\t\t\t\t<\/div>\n\t\t\t\t<\/div>\n\t\t\t\t<div class=\"elementor-element elementor-element-f632b5c elementor-widget elementor-widget-text-editor\" data-id=\"f632b5c\" data-element_type=\"widget\" data-e-type=\"widget\" data-widget_type=\"text-editor.default\">\n\t\t\t\t<div class=\"elementor-widget-container\">\n\t\t\t\t\t\t\t\t\t<p>Alle Urheberrechte, Warenzeichen, Patente und sonstigen geistigen Eigentumsrechte an unserer Website und an allen Inhalten und der Software, die sich auf der Website befinden, bleiben das alleinige Eigentum von South-Tek Systems oder seinen Lizenznehmern. Die Nutzung unserer Marken, Inhalte und unseres geistigen Eigentums ist ohne die ausdr\u00fcckliche schriftliche Zustimmung von South-Tek Systems untersagt. <\/p>\n\t\t\t\t\t\t\t\t<\/div>\n\t\t\t\t<\/div>\n\t\t\t\t<div class=\"elementor-element elementor-element-851ebc3 elementor-widget-tablet__width-inherit elementor-widget elementor-widget-heading\" data-id=\"851ebc3\" data-element_type=\"widget\" data-e-type=\"widget\" data-widget_type=\"heading.default\">\n\t\t\t\t<div class=\"elementor-widget-container\">\n\t\t\t\t\t<h2 class=\"elementor-heading-title elementor-size-default\">Akzeptable Nutzung\n<\/h2>\t\t\t\t<\/div>\n\t\t\t\t<\/div>\n\t\t\t\t<div class=\"elementor-element elementor-element-108e56e elementor-widget elementor-widget-text-editor\" data-id=\"108e56e\" data-element_type=\"widget\" data-e-type=\"widget\" data-widget_type=\"text-editor.default\">\n\t\t\t\t<div class=\"elementor-widget-container\">\n\t\t\t\t\t\t\t\t\t<p>Sie verpflichten sich, unsere Website nur f\u00fcr rechtm\u00e4\u00dfige Zwecke und in einer Weise zu nutzen, die die Rechte anderer nicht verletzt und die Nutzung der Website nicht einschr\u00e4nkt oder behindert. Zu den verbotenen Verhaltensweisen geh\u00f6ren die Bel\u00e4stigung oder Verursachung von \u00c4rger oder Unannehmlichkeiten f\u00fcr andere Nutzer, die \u00dcbermittlung obsz\u00f6ner oder beleidigender Inhalte oder die St\u00f6rung des normalen Dialogs auf unserer Website. <\/p>\n<p>Sie d\u00fcrfen unsere Website nicht nutzen, um unaufgefordert kommerzielle Mitteilungen zu versenden. Ohne unsere ausdr\u00fcckliche schriftliche Zustimmung d\u00fcrfen Sie die Inhalte unserer Website nicht f\u00fcr Marketingzwecke verwenden. <\/p>\n\t\t\t\t\t\t\t\t<\/div>\n\t\t\t\t<\/div>\n\t\t\t\t<div class=\"elementor-element elementor-element-55e50dc elementor-widget-tablet__width-inherit elementor-widget elementor-widget-heading\" data-id=\"55e50dc\" data-element_type=\"widget\" data-e-type=\"widget\" data-widget_type=\"heading.default\">\n\t\t\t\t<div class=\"elementor-widget-container\">\n\t\t\t\t\t<h2 class=\"elementor-heading-title elementor-size-default\">Revisionen<\/h2>\t\t\t\t<\/div>\n\t\t\t\t<\/div>\n\t\t\t\t<div class=\"elementor-element elementor-element-4e317c4 elementor-widget elementor-widget-text-editor\" data-id=\"4e317c4\" data-element_type=\"widget\" data-e-type=\"widget\" data-widget_type=\"text-editor.default\">\n\t\t\t\t<div class=\"elementor-widget-container\">\n\t\t\t\t\t\t\t\t\t<p>South-Tek Systems kann diese Bedingungen von Zeit zu Zeit \u00e4ndern, so dass Sie diese Bedingungen regelm\u00e4\u00dfig \u00fcberpr\u00fcfen sollten. Wenn Sie unsere Website weiterhin nutzen, gilt dies als Zustimmung zu den aktualisierten oder ge\u00e4nderten Bedingungen. Wenn Sie mit den \u00c4nderungen nicht einverstanden sind, sollten Sie die Nutzung unserer Website unverz\u00fcglich einstellen.  <\/p>\n<p>Sollte sich eine dieser Bedingungen als rechtswidrig, ung\u00fcltig oder anderweitig nicht durchsetzbar erweisen, so wird sie von diesen Bedingungen abgetrennt und gestrichen, und die \u00fcbrigen Bedingungen bleiben bestehen und sind weiterhin verbindlich und durchsetzbar.<\/p>\n\t\t\t\t\t\t\t\t<\/div>\n\t\t\t\t<\/div>\n\t\t\t\t<div class=\"elementor-element elementor-element-150be8f elementor-widget-tablet__width-inherit elementor-widget elementor-widget-heading\" data-id=\"150be8f\" data-element_type=\"widget\" data-e-type=\"widget\" data-widget_type=\"heading.default\">\n\t\t\t\t<div class=\"elementor-widget-container\">\n\t\t\t\t\t<h2 class=\"elementor-heading-title elementor-size-default\">Einschr\u00e4nkung der Haftung\n<\/h2>\t\t\t\t<\/div>\n\t\t\t\t<\/div>\n\t\t\t\t<div class=\"elementor-element elementor-element-b83eb12 elementor-widget elementor-widget-text-editor\" data-id=\"b83eb12\" data-element_type=\"widget\" data-e-type=\"widget\" data-widget_type=\"text-editor.default\">\n\t\t\t\t<div class=\"elementor-widget-container\">\n\t\t\t\t\t\t\t\t\t<p>Die Materialien auf dieser Website werden ohne jegliche ausdr\u00fcckliche oder stillschweigende Garantie zur Verf\u00fcgung gestellt, einschlie\u00dflich Garantien f\u00fcr die Marktg\u00e4ngigkeit, die Nichtverletzung von geistigem Eigentum oder die Eignung f\u00fcr einen bestimmten Zweck. In keinem Fall sind south-tek systems oder seine Vertreter oder leitenden Angestellten haftbar f\u00fcr Sch\u00e4den jeglicher Art (einschlie\u00dflich, aber nicht beschr\u00e4nkt auf Sch\u00e4den aus entgangenem Gewinn, Gesch\u00e4ftsunterbrechung, Informationsverlust, Verletzung oder Tod), die aus der Nutzung oder der Unf\u00e4higkeit zur Nutzung der Materialien entstehen, selbst wenn south-tek systems \u00fcber die M\u00f6glichkeit solcher Verluste oder Sch\u00e4den informiert wurde. <\/p>\n<p>Wenn Sie Fragen zu den Informationen in diesem Haftungsausschluss haben, <a href=\"https:\/\/imimpact.freshdesk.com\/\">kontaktieren Sie uns<\/a> bitte.<\/p>\n\t\t\t\t\t\t\t\t<\/div>\n\t\t\t\t<\/div>\n\t\t\t\t\t<\/div>\n\t\t\t\t<\/div>\n\t\t\t\t<\/div>\n\t\t","protected":false},"excerpt":{"rendered":"<p>Haftungsausschluss E-Mail-Politik Wir verpflichten uns, Ihre E-Mail Adresse vertraulich zu behandeln. Wir verkaufen, vermieten oder verleasen unsere Abonnentenlisten nicht an Dritte, und wir werden Ihre pers\u00f6nlichen Daten zu keiner Zeit an Dritte weitergeben, es sei denn, wir sind gesetzlich dazu gezwungen, dies zu tun. Wir werden Ihre E-Mail-Adresse ausschlie\u00dflich dazu verwenden, Ihnen aktuelle Informationen \u00fcber [&hellip;]<\/p>\n","protected":false},"author":10,"featured_media":0,"parent":0,"menu_order":0,"comment_status":"closed","ping_status":"closed","template":"","meta":{"_jet_sm_ready_style":"","_jet_sm_style":"","_jet_sm_controls_values":"","_jet_sm_fonts_collection":"","_jet_sm_fonts_links":"","footnotes":""},"class_list":["post-13202","page","type-page","status-publish","hentry"],"yoast_head":"<!-- This site is optimized with the Yoast SEO plugin v27.0 - https:\/\/yoast.com\/product\/yoast-seo-wordpress\/ -->\n<title>Haftungsausschluss - South-Tek Systems - South-Tek Systems<\/title>\n<meta name=\"description\" content=\"Haftungsausschluss - South-Tek Systems\" \/>\n<meta name=\"robots\" content=\"index, follow, max-snippet:-1, max-image-preview:large, max-video-preview:-1\" \/>\n<link rel=\"canonical\" href=\"https:\/\/www.southteksystems.com\/de\/haftungsausschluss-south-tek-systems\/\" \/>\n<meta property=\"og:locale\" content=\"de_DE\" \/>\n<meta property=\"og:type\" content=\"article\" \/>\n<meta property=\"og:title\" content=\"Haftungsausschluss - South-Tek Systems - South-Tek Systems\" \/>\n<meta property=\"og:description\" content=\"Haftungsausschluss - South-Tek Systems\" \/>\n<meta property=\"og:url\" content=\"https:\/\/www.southteksystems.com\/de\/haftungsausschluss-south-tek-systems\/\" \/>\n<meta property=\"og:site_name\" content=\"South-Tek Systems\" \/>\n<meta property=\"article:publisher\" content=\"https:\/\/www.facebook.com\/southteksystems\" \/>\n<meta property=\"article:modified_time\" content=\"2026-01-12T12:23:23+00:00\" \/>\n<meta name=\"twitter:card\" content=\"summary_large_image\" \/>\n<meta name=\"twitter:site\" content=\"@southteksystems\" \/>\n<meta name=\"twitter:label1\" content=\"Gesch\u00e4tzte Lesezeit\" \/>\n\t<meta name=\"twitter:data1\" content=\"4\u00a0Minuten\" \/>\n<script type=\"application\/ld+json\" class=\"yoast-schema-graph\">{\"@context\":\"https:\/\/schema.org\",\"@graph\":[{\"@type\":\"WebPage\",\"@id\":\"https:\/\/www.southteksystems.com\/de\/haftungsausschluss-south-tek-systems\/\",\"url\":\"https:\/\/www.southteksystems.com\/de\/haftungsausschluss-south-tek-systems\/\",\"name\":\"Haftungsausschluss - South-Tek Systems - South-Tek Systems\",\"isPartOf\":{\"@id\":\"https:\/\/www.southteksystems.com\/de\/#website\"},\"datePublished\":\"2025-04-20T13:11:38+00:00\",\"dateModified\":\"2026-01-12T12:23:23+00:00\",\"description\":\"Haftungsausschluss - South-Tek Systems\",\"breadcrumb\":{\"@id\":\"https:\/\/www.southteksystems.com\/de\/haftungsausschluss-south-tek-systems\/#breadcrumb\"},\"inLanguage\":\"de\",\"potentialAction\":[{\"@type\":\"ReadAction\",\"target\":[\"https:\/\/www.southteksystems.com\/de\/haftungsausschluss-south-tek-systems\/\"]}]},{\"@type\":\"BreadcrumbList\",\"@id\":\"https:\/\/www.southteksystems.com\/de\/haftungsausschluss-south-tek-systems\/#breadcrumb\",\"itemListElement\":[{\"@type\":\"ListItem\",\"position\":1,\"name\":\"Home\",\"item\":\"https:\/\/www.southteksystems.com\/de\/\"},{\"@type\":\"ListItem\",\"position\":2,\"name\":\"Haftungsausschluss &#8211; South-Tek Systems\"}]},{\"@type\":\"WebSite\",\"@id\":\"https:\/\/www.southteksystems.com\/de\/#website\",\"url\":\"https:\/\/www.southteksystems.com\/de\/\",\"name\":\"South-Tek Systems\",\"description\":\"\",\"publisher\":{\"@id\":\"https:\/\/www.southteksystems.com\/de\/#organization\"},\"potentialAction\":[{\"@type\":\"SearchAction\",\"target\":{\"@type\":\"EntryPoint\",\"urlTemplate\":\"https:\/\/www.southteksystems.com\/de\/?s={search_term_string}\"},\"query-input\":{\"@type\":\"PropertyValueSpecification\",\"valueRequired\":true,\"valueName\":\"search_term_string\"}}],\"inLanguage\":\"de\"},{\"@type\":\"Organization\",\"@id\":\"https:\/\/www.southteksystems.com\/de\/#organization\",\"name\":\"South-Tek Systems\",\"url\":\"https:\/\/www.southteksystems.com\/de\/\",\"logo\":{\"@type\":\"ImageObject\",\"inLanguage\":\"de\",\"@id\":\"https:\/\/www.southteksystems.com\/de\/#\/schema\/logo\/image\/\",\"url\":\"https:\/\/www.southteksystems.com\/wp-content\/uploads\/2023\/03\/South-Tek7-1.svg\",\"contentUrl\":\"https:\/\/www.southteksystems.com\/wp-content\/uploads\/2023\/03\/South-Tek7-1.svg\",\"width\":2150,\"height\":512,\"caption\":\"South-Tek Systems\"},\"image\":{\"@id\":\"https:\/\/www.southteksystems.com\/de\/#\/schema\/logo\/image\/\"},\"sameAs\":[\"https:\/\/www.facebook.com\/southteksystems\",\"https:\/\/x.com\/southteksystems\",\"https:\/\/www.linkedin.com\/company\/south-tek-systems\/\"]}]}<\/script>\n<!-- \/ Yoast SEO plugin. -->","yoast_head_json":{"title":"Haftungsausschluss - South-Tek Systems - South-Tek Systems","description":"Haftungsausschluss - South-Tek Systems","robots":{"index":"index","follow":"follow","max-snippet":"max-snippet:-1","max-image-preview":"max-image-preview:large","max-video-preview":"max-video-preview:-1"},"canonical":"https:\/\/www.southteksystems.com\/de\/haftungsausschluss-south-tek-systems\/","og_locale":"de_DE","og_type":"article","og_title":"Haftungsausschluss - South-Tek Systems - South-Tek Systems","og_description":"Haftungsausschluss - South-Tek Systems","og_url":"https:\/\/www.southteksystems.com\/de\/haftungsausschluss-south-tek-systems\/","og_site_name":"South-Tek Systems","article_publisher":"https:\/\/www.facebook.com\/southteksystems","article_modified_time":"2026-01-12T12:23:23+00:00","twitter_card":"summary_large_image","twitter_site":"@southteksystems","twitter_misc":{"Gesch\u00e4tzte Lesezeit":"4\u00a0Minuten"},"schema":{"@context":"https:\/\/schema.org","@graph":[{"@type":"WebPage","@id":"https:\/\/www.southteksystems.com\/de\/haftungsausschluss-south-tek-systems\/","url":"https:\/\/www.southteksystems.com\/de\/haftungsausschluss-south-tek-systems\/","name":"Haftungsausschluss - South-Tek Systems - South-Tek Systems","isPartOf":{"@id":"https:\/\/www.southteksystems.com\/de\/#website"},"datePublished":"2025-04-20T13:11:38+00:00","dateModified":"2026-01-12T12:23:23+00:00","description":"Haftungsausschluss - South-Tek Systems","breadcrumb":{"@id":"https:\/\/www.southteksystems.com\/de\/haftungsausschluss-south-tek-systems\/#breadcrumb"},"inLanguage":"de","potentialAction":[{"@type":"ReadAction","target":["https:\/\/www.southteksystems.com\/de\/haftungsausschluss-south-tek-systems\/"]}]},{"@type":"BreadcrumbList","@id":"https:\/\/www.southteksystems.com\/de\/haftungsausschluss-south-tek-systems\/#breadcrumb","itemListElement":[{"@type":"ListItem","position":1,"name":"Home","item":"https:\/\/www.southteksystems.com\/de\/"},{"@type":"ListItem","position":2,"name":"Haftungsausschluss &#8211; South-Tek Systems"}]},{"@type":"WebSite","@id":"https:\/\/www.southteksystems.com\/de\/#website","url":"https:\/\/www.southteksystems.com\/de\/","name":"South-Tek Systems","description":"","publisher":{"@id":"https:\/\/www.southteksystems.com\/de\/#organization"},"potentialAction":[{"@type":"SearchAction","target":{"@type":"EntryPoint","urlTemplate":"https:\/\/www.southteksystems.com\/de\/?s={search_term_string}"},"query-input":{"@type":"PropertyValueSpecification","valueRequired":true,"valueName":"search_term_string"}}],"inLanguage":"de"},{"@type":"Organization","@id":"https:\/\/www.southteksystems.com\/de\/#organization","name":"South-Tek Systems","url":"https:\/\/www.southteksystems.com\/de\/","logo":{"@type":"ImageObject","inLanguage":"de","@id":"https:\/\/www.southteksystems.com\/de\/#\/schema\/logo\/image\/","url":"https:\/\/www.southteksystems.com\/wp-content\/uploads\/2023\/03\/South-Tek7-1.svg","contentUrl":"https:\/\/www.southteksystems.com\/wp-content\/uploads\/2023\/03\/South-Tek7-1.svg","width":2150,"height":512,"caption":"South-Tek Systems"},"image":{"@id":"https:\/\/www.southteksystems.com\/de\/#\/schema\/logo\/image\/"},"sameAs":["https:\/\/www.facebook.com\/southteksystems","https:\/\/x.com\/southteksystems","https:\/\/www.linkedin.com\/company\/south-tek-systems\/"]}]}},"_links":{"self":[{"href":"https:\/\/www.southteksystems.com\/de\/wp-json\/wp\/v2\/pages\/13202","targetHints":{"allow":["GET"]}}],"collection":[{"href":"https:\/\/www.southteksystems.com\/de\/wp-json\/wp\/v2\/pages"}],"about":[{"href":"https:\/\/www.southteksystems.com\/de\/wp-json\/wp\/v2\/types\/page"}],"author":[{"embeddable":true,"href":"https:\/\/www.southteksystems.com\/de\/wp-json\/wp\/v2\/users\/10"}],"replies":[{"embeddable":true,"href":"https:\/\/www.southteksystems.com\/de\/wp-json\/wp\/v2\/comments?post=13202"}],"version-history":[{"count":0,"href":"https:\/\/www.southteksystems.com\/de\/wp-json\/wp\/v2\/pages\/13202\/revisions"}],"wp:attachment":[{"href":"https:\/\/www.southteksystems.com\/de\/wp-json\/wp\/v2\/media?parent=13202"}],"curies":[{"name":"wp","href":"https:\/\/api.w.org\/{rel}","templated":true}]}}